{"id":12258,"date":"2025-06-29T14:20:47","date_gmt":"2025-06-29T12:20:47","guid":{"rendered":"https:\/\/uj.adatbank.ro\/lexikon\/termek\/klosz-balint\/"},"modified":"2025-06-29T14:20:47","modified_gmt":"2025-06-29T12:20:47","slug":"klosz-balint","status":"publish","type":"product","link":"https:\/\/uj.adatbank.ro\/lexikon\/termek\/klosz-balint\/","title":{"rendered":"KL\u00d3SZ B\u00e1lint"},"content":{"rendered":"<p>Mv., 1942. szept. 22., \u2020 Mv., 2020. febr. 2.: tan\u00e1r. \u2013 K. B\u00e1lint, \u00e9p\u00edt\u00e9sz \u00e9s Anna tisztvisel\u0151 fia. Feles\u00e9ge Anna, tisztvisel\u0151. Gyermekeik: B\u00e1lint (1964) \u00e9p\u00fcletg\u00e9p\u00e9sz m\u00e9rn\u00f6k; \u00d6rd\u00f6gh Brigitta (1968), k\u00f6nny\u0171ipari m\u00e9rn\u00f6k \u2013Tan\u00e1r Kisg\u00f6rg\u00e9nyben, Sz\u00e9kelykakasdon (1964\u201373); Mv.-en a sportiskol\u00e1ban (1973\u201378). A mv.-i 3-as sz. iskola igazgat\u00f3ja (1978\u201389), majd a sportiskola igazgat\u00f3ja (1990\u201398), v\u00e9g\u00fcl megint tan\u00edtott (1998\u20131999). <strong>Kit\u00fcntet\u00e9sei:<\/strong> II. fokozat (Buk. 1976) \u00e9s I. fokozat (Kv., 1981). Mv.-i v\u00e1rosi tan\u00e1csos (1992\u201396). F\u0151 kutat\u00e1si ter\u00fclete a sportt\u00f6rt\u00e9net volt. A mv.-i N\u00e9p\u00fajs\u00e1g (N\u00fa.) k\u00fcls\u0151 munkat\u00e1rsa, \u00e1lland\u00f3 rovat\u00e1ban t\u00f6bb mint 300 politikai, t\u00e1rsadalmi t\u00e9m\u00e1j\u00fa tanulm\u00e1nya, cikke jelent meg. \u2013 <strong>F. m.:<\/strong> Sz\u00e1z \u00e9ve m\u00e1r, t\u00f6bb is tal\u00e1n. Barangol\u00e1sok a maosv\u00e1s\u00e1rhelyi sport t\u00f6rt\u00e9net\u00e9ben (Mv., 2000); Hol vagy te v\u00e9n lizs\u00e9, ti sz\u00e9p \u00e1lmok ? (A mv.-i labdar\u00fag\u00e1s nagyk\u00f6nyve)(Mv., 2000; 2005); Valami Amerika, valahol Eur\u00f3p\u00e1ban (2008); Eml\u00e9kirata: Felfeksz\u00fcnk a deresre, hadd verjenek veresre (Mv., 2003). <br \/><strong>Irod.:<\/strong> EMKK 2010; Nekrol\u00f3g (N\u00fa., 2020. febr. 7.)<\/br><\/p>\n","protected":false},"excerpt":{"rendered":"<p>Mv., 1942. szept. 22., \u2020 Mv., 2020. febr. 2.: tan\u00e1r. \u2013 K. B\u00e1lint, \u00e9p\u00edt\u00e9sz \u00e9s Anna tisztvisel\u0151 fia. Feles\u00e9ge Anna, tisztvisel\u0151. Gyermekeik: B\u00e1lint (1964) \u00e9p\u00fcletg\u00e9p\u00e9sz m\u00e9rn\u00f6k; \u00d6rd\u00f6gh Brigitta (1968), k\u00f6nny\u0171ipari m\u00e9rn\u00f6k \u2013Tan\u00e1r Kisg\u00f6rg\u00e9nyben, Sz\u00e9kelykakasdon (1964\u201373); Mv.-en a sportiskol\u00e1ban (1973\u201378). A mv.-i 3-as sz. iskola igazgat\u00f3ja (1978\u201389), majd a sportiskola igazgat\u00f3ja (1990\u201398), v\u00e9g\u00fcl megint tan\u00edtott (1998\u20131999). [&hellip;]<\/p>\n","protected":false},"featured_media":0,"comment_status":"open","ping_status":"closed","template":"","meta":[],"product_brand":[],"product_cat":[137],"product_tag":[],"class_list":{"0":"post-12258","1":"product","2":"type-product","3":"status-publish","5":"product_cat-maros-megyei-eletrajzi-lexikon","7":"first","8":"instock","9":"shipping-taxable","10":"product-type-simple"},"_links":{"self":[{"href":"https:\/\/uj.adatbank.ro\/lexikon\/wp-json\/wp\/v2\/product\/12258","targetHints":{"allow":["GET"]}}],"collection":[{"href":"https:\/\/uj.adatbank.ro\/lexikon\/wp-json\/wp\/v2\/product"}],"about":[{"href":"https:\/\/uj.adatbank.ro\/lexikon\/wp-json\/wp\/v2\/types\/product"}],"replies":[{"embeddable":true,"href":"https:\/\/uj.adatbank.ro\/lexikon\/wp-json\/wp\/v2\/comments?post=12258"}],"wp:attachment":[{"href":"https:\/\/uj.adatbank.ro\/lexikon\/wp-json\/wp\/v2\/media?parent=12258"}],"wp:term":[{"taxonomy":"product_brand","embeddable":true,"href":"https:\/\/uj.adatbank.ro\/lexikon\/wp-json\/wp\/v2\/product_brand?post=12258"},{"taxonomy":"product_cat","embeddable":true,"href":"https:\/\/uj.adatbank.ro\/lexikon\/wp-json\/wp\/v2\/product_cat?post=12258"},{"taxonomy":"product_tag","embeddable":true,"href":"https:\/\/uj.adatbank.ro\/lexikon\/wp-json\/wp\/v2\/product_tag?post=12258"}],"curies":[{"name":"wp","href":"https:\/\/api.w.org\/{rel}","templated":true}]}}