{"id":12259,"date":"2025-06-29T14:20:48","date_gmt":"2025-06-29T12:20:48","guid":{"rendered":"https:\/\/uj.adatbank.ro\/lexikon\/termek\/klosz-balint-klosz-valentin\/"},"modified":"2025-06-29T14:20:48","modified_gmt":"2025-06-29T12:20:48","slug":"klosz-balint-klosz-valentin","status":"publish","type":"product","link":"https:\/\/uj.adatbank.ro\/lexikon\/termek\/klosz-balint-klosz-valentin\/","title":{"rendered":"KL\u00d3SZ B\u00e1lint, Kl\u00f3sz Valentin"},"content":{"rendered":"<p>1912, \u2020 Mv., 1985. okt. 2.: : \u00e9p\u00edt\u0151mester, v\u00e1llalkoz\u00f3. \u2013 A rom\u00e1n tanoncotthon \u00e9p\u00edt\u0151mestere P\u00e1sztor J\u00f3zseffel (1924). A mv.-i ortodox katedr\u00e1lis \u00e9p\u00edt\u00e9s\u00e9ben Iosif Victor Vlad seg\u00e9dje volt (1925). A Ref. Koll. konviktus\u00e1nak \u00e9s tornaterm\u00e9nek b\u0151v\u00edt\u00e9si munk\u00e1latainak vezet\u0151 \u00e9p\u00edt\u0151mestere (1935). A Mv.-i Kaszin\u00f3 v\u00e1lasztm\u00e1nyi tagja (1947). <br \/><strong>Irod.:<\/strong> De\u00e9 Nagy Anik\u00f3 2007; Id\u0151t\u00e1r 3; Mv. m\u0171v. v\u00e1r.; [Nekrol\u00f3g] (V. Z., 1985. okt. 3.)<\/br><\/p>\n","protected":false},"excerpt":{"rendered":"<p>1912, \u2020 Mv., 1985. okt. 2.: : \u00e9p\u00edt\u0151mester, v\u00e1llalkoz\u00f3. \u2013 A rom\u00e1n tanoncotthon \u00e9p\u00edt\u0151mestere P\u00e1sztor J\u00f3zseffel (1924). A mv.-i ortodox katedr\u00e1lis \u00e9p\u00edt\u00e9s\u00e9ben Iosif Victor Vlad seg\u00e9dje volt (1925). A Ref. Koll. konviktus\u00e1nak \u00e9s tornaterm\u00e9nek b\u0151v\u00edt\u00e9si munk\u00e1latainak vezet\u0151 \u00e9p\u00edt\u0151mestere (1935). A Mv.-i Kaszin\u00f3 v\u00e1lasztm\u00e1nyi tagja (1947). Irod.: De\u00e9 Nagy Anik\u00f3 2007; Id\u0151t\u00e1r 3; Mv. m\u0171v. v\u00e1r.; [&hellip;]<\/p>\n","protected":false},"featured_media":0,"comment_status":"open","ping_status":"closed","template":"","meta":[],"product_brand":[],"product_cat":[137],"product_tag":[],"class_list":{"0":"post-12259","1":"product","2":"type-product","3":"status-publish","5":"product_cat-maros-megyei-eletrajzi-lexikon","7":"first","8":"instock","9":"shipping-taxable","10":"product-type-simple"},"_links":{"self":[{"href":"https:\/\/uj.adatbank.ro\/lexikon\/wp-json\/wp\/v2\/product\/12259","targetHints":{"allow":["GET"]}}],"collection":[{"href":"https:\/\/uj.adatbank.ro\/lexikon\/wp-json\/wp\/v2\/product"}],"about":[{"href":"https:\/\/uj.adatbank.ro\/lexikon\/wp-json\/wp\/v2\/types\/product"}],"replies":[{"embeddable":true,"href":"https:\/\/uj.adatbank.ro\/lexikon\/wp-json\/wp\/v2\/comments?post=12259"}],"wp:attachment":[{"href":"https:\/\/uj.adatbank.ro\/lexikon\/wp-json\/wp\/v2\/media?parent=12259"}],"wp:term":[{"taxonomy":"product_brand","embeddable":true,"href":"https:\/\/uj.adatbank.ro\/lexikon\/wp-json\/wp\/v2\/product_brand?post=12259"},{"taxonomy":"product_cat","embeddable":true,"href":"https:\/\/uj.adatbank.ro\/lexikon\/wp-json\/wp\/v2\/product_cat?post=12259"},{"taxonomy":"product_tag","embeddable":true,"href":"https:\/\/uj.adatbank.ro\/lexikon\/wp-json\/wp\/v2\/product_tag?post=12259"}],"curies":[{"name":"wp","href":"https:\/\/api.w.org\/{rel}","templated":true}]}}