{"id":12260,"date":"2025-06-29T14:20:50","date_gmt":"2025-06-29T12:20:50","guid":{"rendered":"https:\/\/uj.adatbank.ro\/lexikon\/termek\/klosz-peter\/"},"modified":"2025-06-29T14:20:50","modified_gmt":"2025-06-29T12:20:50","slug":"klosz-peter","status":"publish","type":"product","link":"https:\/\/uj.adatbank.ro\/lexikon\/termek\/klosz-peter\/","title":{"rendered":"KLOSZ P\u00e9ter"},"content":{"rendered":"<p>Mv., 1970, \u2020 Mv., 2019. nov. 18.?. m\u00e9rn\u00f6k, v\u00e1llalkoz\u00f3, sportol\u00f3. \u2013 Mv.-i edz\u0151, mentor, versenyz\u0151. Sz\u00e1mos esem\u00e9nyt szervezett vagy hozott Mv. -re. S\u00edversenyeket, \u00e9jszakai szalad\u00f3versenyeket szervezett. &#8211;<br \/><strong>Irod.:<\/strong> Nagy-Bod\u00f3 Szil\u00e1rd. A verseny szeretete: Kl\u00f3sz P\u00e9terre eml\u00e9kez\u00fcnk (N\u00fa., 2021. nov. 18.)<\/br><\/p>\n","protected":false},"excerpt":{"rendered":"<p>Mv., 1970, \u2020 Mv., 2019. nov. 18.?. m\u00e9rn\u00f6k, v\u00e1llalkoz\u00f3, sportol\u00f3. \u2013 Mv.-i edz\u0151, mentor, versenyz\u0151. Sz\u00e1mos esem\u00e9nyt szervezett vagy hozott Mv. -re. S\u00edversenyeket, \u00e9jszakai szalad\u00f3versenyeket szervezett. &#8211;Irod.: Nagy-Bod\u00f3 Szil\u00e1rd. A verseny szeretete: Kl\u00f3sz P\u00e9terre eml\u00e9kez\u00fcnk (N\u00fa., 2021. nov. 18.)<\/p>\n","protected":false},"featured_media":0,"comment_status":"open","ping_status":"closed","template":"","meta":[],"product_brand":[],"product_cat":[137],"product_tag":[],"class_list":{"0":"post-12260","1":"product","2":"type-product","3":"status-publish","5":"product_cat-maros-megyei-eletrajzi-lexikon","7":"first","8":"instock","9":"shipping-taxable","10":"product-type-simple"},"_links":{"self":[{"href":"https:\/\/uj.adatbank.ro\/lexikon\/wp-json\/wp\/v2\/product\/12260","targetHints":{"allow":["GET"]}}],"collection":[{"href":"https:\/\/uj.adatbank.ro\/lexikon\/wp-json\/wp\/v2\/product"}],"about":[{"href":"https:\/\/uj.adatbank.ro\/lexikon\/wp-json\/wp\/v2\/types\/product"}],"replies":[{"embeddable":true,"href":"https:\/\/uj.adatbank.ro\/lexikon\/wp-json\/wp\/v2\/comments?post=12260"}],"wp:attachment":[{"href":"https:\/\/uj.adatbank.ro\/lexikon\/wp-json\/wp\/v2\/media?parent=12260"}],"wp:term":[{"taxonomy":"product_brand","embeddable":true,"href":"https:\/\/uj.adatbank.ro\/lexikon\/wp-json\/wp\/v2\/product_brand?post=12260"},{"taxonomy":"product_cat","embeddable":true,"href":"https:\/\/uj.adatbank.ro\/lexikon\/wp-json\/wp\/v2\/product_cat?post=12260"},{"taxonomy":"product_tag","embeddable":true,"href":"https:\/\/uj.adatbank.ro\/lexikon\/wp-json\/wp\/v2\/product_tag?post=12260"}],"curies":[{"name":"wp","href":"https:\/\/api.w.org\/{rel}","templated":true}]}}