{"id":12262,"date":"2025-06-29T14:20:53","date_gmt":"2025-06-29T12:20:53","guid":{"rendered":"https:\/\/uj.adatbank.ro\/lexikon\/termek\/klozel-oszkar\/"},"modified":"2025-06-29T14:20:53","modified_gmt":"2025-06-29T12:20:53","slug":"klozel-oszkar","status":"publish","type":"product","link":"https:\/\/uj.adatbank.ro\/lexikon\/termek\/klozel-oszkar\/","title":{"rendered":"KL\u00d6ZEL Oszk\u00e1r"},"content":{"rendered":"<p>1814 \u2020 ?: ratosnyai szarvasagancs ki\u00e1ll\u00edt\u00f3. <br \/><strong>Irod.:<\/strong> Az OMGE \u00e1ltal Bp.-en 1941. m\u00e1rc. 29-\u00e1pr. 6 rendezett Orsz\u00e1gos Mez\u0151gazdas\u00e1gi Ki\u00e1ll\u00edt\u00e1s \u00e9s 50 Teny\u00e9sz\u00e1llatv\u00e1s\u00e1r katal\u00f3gusa (Bp., 1941)<\/br><\/p>\n","protected":false},"excerpt":{"rendered":"<p>1814 \u2020 ?: ratosnyai szarvasagancs ki\u00e1ll\u00edt\u00f3. Irod.: Az OMGE \u00e1ltal Bp.-en 1941. m\u00e1rc. 29-\u00e1pr. 6 rendezett Orsz\u00e1gos Mez\u0151gazdas\u00e1gi Ki\u00e1ll\u00edt\u00e1s \u00e9s 50 Teny\u00e9sz\u00e1llatv\u00e1s\u00e1r katal\u00f3gusa (Bp., 1941)<\/p>\n","protected":false},"featured_media":0,"comment_status":"open","ping_status":"closed","template":"","meta":[],"product_brand":[],"product_cat":[137],"product_tag":[],"class_list":{"0":"post-12262","1":"product","2":"type-product","3":"status-publish","5":"product_cat-maros-megyei-eletrajzi-lexikon","7":"first","8":"instock","9":"shipping-taxable","10":"product-type-simple"},"_links":{"self":[{"href":"https:\/\/uj.adatbank.ro\/lexikon\/wp-json\/wp\/v2\/product\/12262","targetHints":{"allow":["GET"]}}],"collection":[{"href":"https:\/\/uj.adatbank.ro\/lexikon\/wp-json\/wp\/v2\/product"}],"about":[{"href":"https:\/\/uj.adatbank.ro\/lexikon\/wp-json\/wp\/v2\/types\/product"}],"replies":[{"embeddable":true,"href":"https:\/\/uj.adatbank.ro\/lexikon\/wp-json\/wp\/v2\/comments?post=12262"}],"wp:attachment":[{"href":"https:\/\/uj.adatbank.ro\/lexikon\/wp-json\/wp\/v2\/media?parent=12262"}],"wp:term":[{"taxonomy":"product_brand","embeddable":true,"href":"https:\/\/uj.adatbank.ro\/lexikon\/wp-json\/wp\/v2\/product_brand?post=12262"},{"taxonomy":"product_cat","embeddable":true,"href":"https:\/\/uj.adatbank.ro\/lexikon\/wp-json\/wp\/v2\/product_cat?post=12262"},{"taxonomy":"product_tag","embeddable":true,"href":"https:\/\/uj.adatbank.ro\/lexikon\/wp-json\/wp\/v2\/product_tag?post=12262"}],"curies":[{"name":"wp","href":"https:\/\/api.w.org\/{rel}","templated":true}]}}