{"id":12265,"date":"2025-06-29T14:20:59","date_gmt":"2025-06-29T12:20:59","guid":{"rendered":"https:\/\/uj.adatbank.ro\/lexikon\/termek\/knoll-mor\/"},"modified":"2025-06-29T14:20:59","modified_gmt":"2025-06-29T12:20:59","slug":"knoll-mor","status":"publish","type":"product","link":"https:\/\/uj.adatbank.ro\/lexikon\/termek\/knoll-mor\/","title":{"rendered":"KNOLL M\u00f3r"},"content":{"rendered":"<p>Gal\u00f3c\u00e1s, 1911., \u2020 Ny\u00e1d\u00e1dszereda, 1985. m\u00e1j.: keresked\u0151. \u2013 Kereskedelmi isk. -t \u00e9s v\u00e9gzett, n\u0151s\u00fcl\u00e9s ut\u00e1n ker\u00fclt Ny\u00e1r\u00e1dszered\u00e1ba. Katonas\u00e1got Buk.-ben v\u00e9gzett, ahol megtudta: Mv. &#8211; en szedik \u00f6ssze a zsid\u00f3kat, \u00e9s a mv.-i t\u00e9glagy\u00e1r udvar\u00e1n gy\u0171jtik \u00f6ssze \u0151ket (1944.) Mikor ezt meghallotta \u00e1tsz\u00f6k\u00f6tt Kisinyovba, ahol az oroszok m\u00e9g ki is t\u00fcntett\u00e9k. A h\u00e1bor\u00fa v\u00e9g\u00e9n visszat\u00e9rt Szered\u00e1ba, \u00e9s egy \u00e9p\u00edtkez\u00e9si v\u00e1llalatn\u00e1l lett anyagrakt\u00e1ros, onnan ment nyugd\u00edjba. B\u00e1r k\u00f6rnyezet\u00e9b\u0151l sok zsid\u00f3 Izraelbe t\u00e1vozott, \u0151 soha nem hagyta el Ny\u00e1r\u00e1dszered\u00e1t, az utols\u00f3 zsid\u00f3 volt, akit ott temettek el. <br \/><strong>Irod.:<\/strong> Ny\u00e1r\u00e1dszereda<\/br><\/p>\n","protected":false},"excerpt":{"rendered":"<p>Gal\u00f3c\u00e1s, 1911., \u2020 Ny\u00e1d\u00e1dszereda, 1985. m\u00e1j.: keresked\u0151. \u2013 Kereskedelmi isk. -t \u00e9s v\u00e9gzett, n\u0151s\u00fcl\u00e9s ut\u00e1n ker\u00fclt Ny\u00e1r\u00e1dszered\u00e1ba. Katonas\u00e1got Buk.-ben v\u00e9gzett, ahol megtudta: Mv. &#8211; en szedik \u00f6ssze a zsid\u00f3kat, \u00e9s a mv.-i t\u00e9glagy\u00e1r udvar\u00e1n gy\u0171jtik \u00f6ssze \u0151ket (1944.) Mikor ezt meghallotta \u00e1tsz\u00f6k\u00f6tt Kisinyovba, ahol az oroszok m\u00e9g ki is t\u00fcntett\u00e9k. A h\u00e1bor\u00fa v\u00e9g\u00e9n visszat\u00e9rt Szered\u00e1ba, [&hellip;]<\/p>\n","protected":false},"featured_media":0,"comment_status":"open","ping_status":"closed","template":"","meta":[],"product_brand":[],"product_cat":[137],"product_tag":[],"class_list":{"0":"post-12265","1":"product","2":"type-product","3":"status-publish","5":"product_cat-maros-megyei-eletrajzi-lexikon","7":"first","8":"instock","9":"shipping-taxable","10":"product-type-simple"},"_links":{"self":[{"href":"https:\/\/uj.adatbank.ro\/lexikon\/wp-json\/wp\/v2\/product\/12265","targetHints":{"allow":["GET"]}}],"collection":[{"href":"https:\/\/uj.adatbank.ro\/lexikon\/wp-json\/wp\/v2\/product"}],"about":[{"href":"https:\/\/uj.adatbank.ro\/lexikon\/wp-json\/wp\/v2\/types\/product"}],"replies":[{"embeddable":true,"href":"https:\/\/uj.adatbank.ro\/lexikon\/wp-json\/wp\/v2\/comments?post=12265"}],"wp:attachment":[{"href":"https:\/\/uj.adatbank.ro\/lexikon\/wp-json\/wp\/v2\/media?parent=12265"}],"wp:term":[{"taxonomy":"product_brand","embeddable":true,"href":"https:\/\/uj.adatbank.ro\/lexikon\/wp-json\/wp\/v2\/product_brand?post=12265"},{"taxonomy":"product_cat","embeddable":true,"href":"https:\/\/uj.adatbank.ro\/lexikon\/wp-json\/wp\/v2\/product_cat?post=12265"},{"taxonomy":"product_tag","embeddable":true,"href":"https:\/\/uj.adatbank.ro\/lexikon\/wp-json\/wp\/v2\/product_tag?post=12265"}],"curies":[{"name":"wp","href":"https:\/\/api.w.org\/{rel}","templated":true}]}}