{"id":12269,"date":"2025-06-29T14:21:08","date_gmt":"2025-06-29T12:21:08","guid":{"rendered":"https:\/\/uj.adatbank.ro\/lexikon\/termek\/knopfler-elek-zarandi\/"},"modified":"2025-06-29T14:21:08","modified_gmt":"2025-06-29T12:21:08","slug":"knopfler-elek-zarandi","status":"publish","type":"product","link":"https:\/\/uj.adatbank.ro\/lexikon\/termek\/knopfler-elek-zarandi\/","title":{"rendered":"KN\u00d6PFLER Elek, zar\u00e1ndi"},"content":{"rendered":"<p>1863. nov. 26., \u2020 1903. j\u00fal. 28.: \u00fcgyv\u00e9d, \u00fczletember, birtokos. \u2013 K. Vilmos fia; feles\u00e9ge M\u00e1riaffi M\u00e1ria. Fi\u00fak: Albert. \u2013 Maroskereszt\u00faron birtokos. A mv.-i ref. egyh\u00e1z f\u0151gondnoka volt, az \u0151 \u00e9s a feles\u00e9ge adom\u00e1ny\u00e1b\u00f3l tudt\u00e1k befejezni a maroskereszt\u00fari ref. templom \u00e9p\u00edt\u00e9s\u00e9t (1863\u201389). Jelent\u0151s szerepe volt Mv. v\u00e1ros ker\u00e9kp\u00e1ros sport\u00e9let\u00e9nek a beind\u00edt\u00e1s\u00e1ban. A m\u00e1r l\u00e9tez\u0151 Korcsolya Egylet (1878\u2013), Torna Egylet (1884\u2013) mell\u00e9 l\u00e9treh\u00edvt\u00e1k a Mv-i. Ker\u00e9kp\u00e1r Egyletet, amelynek \u0151 volt az el\u00f6ke (1888. m\u00e1rc. 5\u2013). A keskenyv\u00e1g\u00e1ny\u00fa vas\u00fatvonal \u00e9p\u00edt\u00e9s\u00e9nek egyik kezdem\u00e9nyez\u0151je (1897). Tev\u00e9kenys\u00e9g\u00e9t l\u00e9nyeg\u00e9ben csak k\u00e9s\u0151bb kezdte meg, amikor megszervezt\u00e9k az els\u0151 spotker\u00e9kp\u00e1r-versenyt Mv. \u00e9s Ny\u00e1r\u00e1dszereda k\u00f6z\u00f6tti \u00fatszakaszon (1899. m\u00e1j. 23.). A Postar\u00e9ten egy 333 m hossz\u00fa ker\u00e9kp\u00e1roz\u00f3 p\u00e1ly\u00e1t l\u00e9tes\u00edtettek, 200 helyes lel\u00e1t\u00f3val, k\u00f6z\u00e9pen labdar\u00fag\u00f3 p\u00e1ly\u00e1val (1901). <br \/><strong>Irod.:<\/strong> Gid\u00f3 Csaba: Egy megsz\u0171nt vas\u00fatvonal-h\u00e1l\u00f3zat eml\u00e9k\u00e9re  =  P\u00e1l-Antal \u2013 Simon; Id\u0151t\u00e1r 2; Illy\u00e9s; Orb\u00e1n-Oniga; P\u00e1lmay; Ra\u0163iu: Sportul mure\u015fan; Sepsisz\u00e9ki; Sikl\u00f3ssy<\/br><\/p>\n","protected":false},"excerpt":{"rendered":"<p>1863. nov. 26., \u2020 1903. j\u00fal. 28.: \u00fcgyv\u00e9d, \u00fczletember, birtokos. \u2013 K. Vilmos fia; feles\u00e9ge M\u00e1riaffi M\u00e1ria. Fi\u00fak: Albert. \u2013 Maroskereszt\u00faron birtokos. A mv.-i ref. egyh\u00e1z f\u0151gondnoka volt, az \u0151 \u00e9s a feles\u00e9ge adom\u00e1ny\u00e1b\u00f3l tudt\u00e1k befejezni a maroskereszt\u00fari ref. templom \u00e9p\u00edt\u00e9s\u00e9t (1863\u201389). Jelent\u0151s szerepe volt Mv. v\u00e1ros ker\u00e9kp\u00e1ros sport\u00e9let\u00e9nek a beind\u00edt\u00e1s\u00e1ban. A m\u00e1r l\u00e9tez\u0151 Korcsolya [&hellip;]<\/p>\n","protected":false},"featured_media":0,"comment_status":"open","ping_status":"closed","template":"","meta":[],"product_brand":[],"product_cat":[137],"product_tag":[],"class_list":{"0":"post-12269","1":"product","2":"type-product","3":"status-publish","5":"product_cat-maros-megyei-eletrajzi-lexikon","7":"first","8":"instock","9":"shipping-taxable","10":"product-type-simple"},"_links":{"self":[{"href":"https:\/\/uj.adatbank.ro\/lexikon\/wp-json\/wp\/v2\/product\/12269","targetHints":{"allow":["GET"]}}],"collection":[{"href":"https:\/\/uj.adatbank.ro\/lexikon\/wp-json\/wp\/v2\/product"}],"about":[{"href":"https:\/\/uj.adatbank.ro\/lexikon\/wp-json\/wp\/v2\/types\/product"}],"replies":[{"embeddable":true,"href":"https:\/\/uj.adatbank.ro\/lexikon\/wp-json\/wp\/v2\/comments?post=12269"}],"wp:attachment":[{"href":"https:\/\/uj.adatbank.ro\/lexikon\/wp-json\/wp\/v2\/media?parent=12269"}],"wp:term":[{"taxonomy":"product_brand","embeddable":true,"href":"https:\/\/uj.adatbank.ro\/lexikon\/wp-json\/wp\/v2\/product_brand?post=12269"},{"taxonomy":"product_cat","embeddable":true,"href":"https:\/\/uj.adatbank.ro\/lexikon\/wp-json\/wp\/v2\/product_cat?post=12269"},{"taxonomy":"product_tag","embeddable":true,"href":"https:\/\/uj.adatbank.ro\/lexikon\/wp-json\/wp\/v2\/product_tag?post=12269"}],"curies":[{"name":"wp","href":"https:\/\/api.w.org\/{rel}","templated":true}]}}