{"id":12273,"date":"2025-06-29T14:21:14","date_gmt":"2025-06-29T12:21:14","guid":{"rendered":"https:\/\/uj.adatbank.ro\/lexikon\/termek\/knopfler-vilmosne-pall-maria\/"},"modified":"2025-06-29T14:21:14","modified_gmt":"2025-06-29T12:21:14","slug":"knopfler-vilmosne-pall-maria","status":"publish","type":"product","link":"https:\/\/uj.adatbank.ro\/lexikon\/termek\/knopfler-vilmosne-pall-maria\/","title":{"rendered":"KN\u00d6PFLER Vilmosn\u00e9; P\u00e1ll M\u00e1ria"},"content":{"rendered":"<p>? \u2020 Mv., ?: \u00f6zvegy. \u2013 Az EMKE alap\u00edt\u00f3 \u00f6r\u00f6k\u00f6s \u00e9s v\u00e1lasztott v\u00e1lasztm\u00e1nyi tagja (1885. \u00e1pr. 12\u2013).<br \/><strong>Irod.:<\/strong> EMKE 120; S\u00e1ndor<\/br><\/p>\n","protected":false},"excerpt":{"rendered":"<p>? \u2020 Mv., ?: \u00f6zvegy. \u2013 Az EMKE alap\u00edt\u00f3 \u00f6r\u00f6k\u00f6s \u00e9s v\u00e1lasztott v\u00e1lasztm\u00e1nyi tagja (1885. \u00e1pr. 12\u2013).Irod.: EMKE 120; S\u00e1ndor<\/p>\n","protected":false},"featured_media":0,"comment_status":"open","ping_status":"closed","template":"","meta":[],"product_brand":[],"product_cat":[137],"product_tag":[],"class_list":{"0":"post-12273","1":"product","2":"type-product","3":"status-publish","5":"product_cat-maros-megyei-eletrajzi-lexikon","7":"first","8":"instock","9":"shipping-taxable","10":"product-type-simple"},"_links":{"self":[{"href":"https:\/\/uj.adatbank.ro\/lexikon\/wp-json\/wp\/v2\/product\/12273","targetHints":{"allow":["GET"]}}],"collection":[{"href":"https:\/\/uj.adatbank.ro\/lexikon\/wp-json\/wp\/v2\/product"}],"about":[{"href":"https:\/\/uj.adatbank.ro\/lexikon\/wp-json\/wp\/v2\/types\/product"}],"replies":[{"embeddable":true,"href":"https:\/\/uj.adatbank.ro\/lexikon\/wp-json\/wp\/v2\/comments?post=12273"}],"wp:attachment":[{"href":"https:\/\/uj.adatbank.ro\/lexikon\/wp-json\/wp\/v2\/media?parent=12273"}],"wp:term":[{"taxonomy":"product_brand","embeddable":true,"href":"https:\/\/uj.adatbank.ro\/lexikon\/wp-json\/wp\/v2\/product_brand?post=12273"},{"taxonomy":"product_cat","embeddable":true,"href":"https:\/\/uj.adatbank.ro\/lexikon\/wp-json\/wp\/v2\/product_cat?post=12273"},{"taxonomy":"product_tag","embeddable":true,"href":"https:\/\/uj.adatbank.ro\/lexikon\/wp-json\/wp\/v2\/product_tag?post=12273"}],"curies":[{"name":"wp","href":"https:\/\/api.w.org\/{rel}","templated":true}]}}