{"id":12277,"date":"2025-06-29T14:21:24","date_gmt":"2025-06-29T12:21:24","guid":{"rendered":"https:\/\/uj.adatbank.ro\/lexikon\/termek\/koble-jozsef\/"},"modified":"2025-06-29T14:21:24","modified_gmt":"2025-06-29T12:21:24","slug":"koble-jozsef","status":"publish","type":"product","link":"https:\/\/uj.adatbank.ro\/lexikon\/termek\/koble-jozsef\/","title":{"rendered":"K\u00d6BLE J\u00f3zsef"},"content":{"rendered":"<p>Nagyenyed, 1930., \u2020 Mv., 1989. j\u00fal. 14., : orvos. &#8211; Feles\u00e9ge: Papp \u00c9va (Dics\u0151szentm\u00e1rton, 1938. m\u00e1rc. 22. \u2013) Sz\u00fclei Mv.-en \u00e9ltek. Egyetelen gyermek\u00fck: \u00c9va els\u0151s 1944-ben \u00e9s X. oszt. \u00e9retts\u00e9gizett. 1954) \u00e9s a MOGYI gy\u00f3gyszer\u00e9szeti kar\u00e1n v\u00e9gzett (1959), \u00e9rdemdiplom\u00e1val. Az erd\u0151szentgy\u00f6rgyi gy\u00f3gyszert\u00e1r vezet\u0151je (1990), nyugd\u00edjaz\u00e1s\u00e1ig. \u2013 A dobrudzsai Mizil k\u00f6zs\u00e9gbe helyezt\u00e9k, katonai kik\u00e9pz\u00e9sen vett r\u00e9szt. Visszaker\u00fclt Mv.-re, gyakornok az anat\u00f3mi\u00e1n. Sz\u00fcl\u00e9sz-n\u0151gy\u00f3gy\u00e1szszakvizsg\u00e1t tett (1960). Szakorvos Erd\u0151szentgy\u00f6rgy\u00f6n, majd f\u0151orvos. Az erd\u0151szentgy\u00f6rgyi k\u00f3rh\u00e1z igazgat\u00f3ja korai hal\u00e1l\u00e1ig. <br \/><strong>Irod.:<\/strong> Kiss\u2013P\u00e9terffy\u2013P\u00e9terffy; Nagy L.; [Nekrol\u00f3g] (V. Z., 1989. j\u00fal. 16.; 1989. j\u00fal. 18.)<\/br><\/p>\n","protected":false},"excerpt":{"rendered":"<p>Nagyenyed, 1930., \u2020 Mv., 1989. j\u00fal. 14., : orvos. &#8211; Feles\u00e9ge: Papp \u00c9va (Dics\u0151szentm\u00e1rton, 1938. m\u00e1rc. 22. \u2013) Sz\u00fclei Mv.-en \u00e9ltek. Egyetelen gyermek\u00fck: \u00c9va els\u0151s 1944-ben \u00e9s X. oszt. \u00e9retts\u00e9gizett. 1954) \u00e9s a MOGYI gy\u00f3gyszer\u00e9szeti kar\u00e1n v\u00e9gzett (1959), \u00e9rdemdiplom\u00e1val. Az erd\u0151szentgy\u00f6rgyi gy\u00f3gyszert\u00e1r vezet\u0151je (1990), nyugd\u00edjaz\u00e1s\u00e1ig. \u2013 A dobrudzsai Mizil k\u00f6zs\u00e9gbe helyezt\u00e9k, katonai kik\u00e9pz\u00e9sen vett r\u00e9szt. [&hellip;]<\/p>\n","protected":false},"featured_media":0,"comment_status":"open","ping_status":"closed","template":"","meta":[],"product_brand":[],"product_cat":[137],"product_tag":[],"class_list":{"0":"post-12277","1":"product","2":"type-product","3":"status-publish","5":"product_cat-maros-megyei-eletrajzi-lexikon","7":"first","8":"instock","9":"shipping-taxable","10":"product-type-simple"},"_links":{"self":[{"href":"https:\/\/uj.adatbank.ro\/lexikon\/wp-json\/wp\/v2\/product\/12277","targetHints":{"allow":["GET"]}}],"collection":[{"href":"https:\/\/uj.adatbank.ro\/lexikon\/wp-json\/wp\/v2\/product"}],"about":[{"href":"https:\/\/uj.adatbank.ro\/lexikon\/wp-json\/wp\/v2\/types\/product"}],"replies":[{"embeddable":true,"href":"https:\/\/uj.adatbank.ro\/lexikon\/wp-json\/wp\/v2\/comments?post=12277"}],"wp:attachment":[{"href":"https:\/\/uj.adatbank.ro\/lexikon\/wp-json\/wp\/v2\/media?parent=12277"}],"wp:term":[{"taxonomy":"product_brand","embeddable":true,"href":"https:\/\/uj.adatbank.ro\/lexikon\/wp-json\/wp\/v2\/product_brand?post=12277"},{"taxonomy":"product_cat","embeddable":true,"href":"https:\/\/uj.adatbank.ro\/lexikon\/wp-json\/wp\/v2\/product_cat?post=12277"},{"taxonomy":"product_tag","embeddable":true,"href":"https:\/\/uj.adatbank.ro\/lexikon\/wp-json\/wp\/v2\/product_tag?post=12277"}],"curies":[{"name":"wp","href":"https:\/\/api.w.org\/{rel}","templated":true}]}}