{"id":12279,"date":"2025-06-29T14:21:29","date_gmt":"2025-06-29T12:21:29","guid":{"rendered":"https:\/\/uj.adatbank.ro\/lexikon\/termek\/koblos-elek-%c2%a7\/"},"modified":"2025-06-29T14:21:29","modified_gmt":"2025-06-29T12:21:29","slug":"koblos-elek-%c2%a7","status":"publish","type":"product","link":"https:\/\/uj.adatbank.ro\/lexikon\/termek\/koblos-elek-%c2%a7\/","title":{"rendered":"K\u00d6BL\u00d6S Elek, \u00a7"},"content":{"rendered":"<p>S\u00e1romberke, 1887. m\u00e1j. 12., \u2020 SZU, 1938. okt. 9.: szerkeszt\u0151, publicista, kommunista munk\u00e1svez\u00e9r. \u2013 Feles\u00e9ge Kajlik Karolina (1924\u2013). Tanult n\u00e9gy oszt\u00e1lyt a Nagyenyedi Bethlen Koll. -ban. Asztalosinas, Mv.-en, felszabadul\u00e1sa ut\u00e1n (1905) a famunk\u00e1s szakszervezet \u00e9s a Szoci\u00e1ldemokrata P\u00e1rt tagja. Az els\u0151 vil\u00e1gh\u00e1bor\u00faban az olasz fronton harcolt, az 1918\u201319 \u2013es forradalmak idej\u00e9n a V\u00f6r\u00f6s Hadseregben roham\u00e1z\u00e1szl\u00f3alj- parancsnok, a prolet\u00e1rforradalom \u00e9lvonal\u00e1ba ker\u00fclt. Emigr\u00e1nsk\u00e9nt el\u0151bb B\u00e9csben, majd hazat\u00e9rve Mv. -re folytatta munk\u00e1smozgalmi tev\u00e9kenys\u00e9g\u00e9t, r\u00e9szt vett RKP alakul\u00f3 kongresszus\u00e1n mint a mv.-i \u00e9s marosv\u00f6lgyi munk\u00e1ss\u00e1g k\u00e9pvisel\u0151je. Letatart\u00f3ztatt\u00e1k ami\u00e9rt a III. Internacional\u00e9hoz val\u00f3 csatlakoz\u00e1s mellett szavazott t\u00f6bbedmag\u00e1val. Kiszabadul\u00e1sa ut\u00e1n (1922) megszervezte a mv.-i \u00e9s marosv\u00f6lgyi p\u00e1rtszervezet megalak\u00edt\u00e1s\u00e1t (1922. j\u00fal. 23.). A marosvid\u00e9ki munk\u00e1ss\u00e1g El\u0151re c. hetilapj\u00e1nak egyik szerkeszt\u0151je lett (1922. j\u00fal. 12. \u2013). Munk\u00e1ja elismer\u00e9sek\u00e9nt a Ploestiben tartott II. kongresszuson az RKP KB-nak, majd Politikai B\u00fcr\u00f3j\u00e1nak tagja lett (1922. okt.), majd a buk.-i Munk\u00e1s k\u00f6zponti p\u00e1rtlap felel\u0151s kiad\u00f3ja \u00e9s cikk\u00edr\u00f3ja (1923. m\u00e1j. 27. \u2013 1924. \u00e1pr. 6.), a M\u00e1jusi Eml\u00e9klap munkat\u00e1rsa. S\u00fcrgette \u00e9s megszervezte a felk\u00e9sz\u00fcl\u00e9st az illegalit\u00e1s k\u00f6r\u00fclm\u00e9nyek k\u00f6z\u00f6tt v\u00e9gzend\u0151 munk\u00e1ra (m\u00e9g 1923\u2013). Az illegalit\u00e1sban az RKP ideiglense f\u0151titk\u00e1ra (1924 tavasz\u00e1t\u00f3l), a p\u00e1rt III. Kongresszus\u00e1n v\u00e1laszott\u00e1k f\u0151titk\u00e1rr\u00e1 (1924. aug. \u2013). Fontosnak tartotta olyan leg\u00e1lis politikai szervezet l\u00e9trehoz\u00e1s\u00e1t, amellyel a p\u00e1rt bekapcsol\u00f3dhatott a politikai \u00e9letbe, ez volt a V\u00e1rosi \u00e9s Falusi Dolgoz\u00f3k Blokkja (1925\u2013) \u00e9s r\u00e9szt vett az Egys\u00e9ges Szakszervezetek sajt\u00f3j\u00e1nak ir\u00e1ny\u00edt\u00e1s\u00e1ban. A p\u00e1rt k\u00fclf\u00f6ldi politikai b\u00fcr\u00f3j\u00e1ban dolgozott, emigr\u00e1ci\u00f3ban B\u00e9csben (1926\u201328), a RKP Csehszlov\u00e1ki\u00e1ban megalakult Politikai B\u00fcroj\u00e1nak tagja; a csehszlov\u00e1k hat\u00f3s\u00e1gok letart\u00f3ztatt\u00e1k, \u00e9s a rom\u00e1n korm\u00e1ny kiadat\u00e1s\u00e1t k\u00e9rte, megment\u00e9s\u00e9re nemzetk\u00f6zi \u2018\u2019K\u00f6bl\u00f6s bizotts\u00e1g\u2019\u2019 j\u00f6tt l\u00e9tre, Henri Barbusse lev\u00e9lben s\u00fcrgette kiadat\u00e1s\u00e1nak megtagad\u00e1s\u00e1t. A p\u00e1rt k\u00fclf\u00f6ld\u00f6n tartott IV. kongresszus\u00e1n lev\u00e1ltott\u00e1k tiszts\u00e9g\u00e9b\u0151ln (1928). A SZU. -ba k\u00f6lt\u00f6z\u00f6tt ahol koholt v\u00e1dak alapj\u00e1n perbe fogt\u00e1k, b\u00f6rt\u00f6nben halt meg (1937). Rehabilit\u00e1lt\u00e1k (1956), post mortem a RKP is visszahelyezte jogaiba (1968). <br \/><strong>Irod.:<\/strong> Bunta P\u00e9ter: K\u00fczdelmes \u00e9vek, 1921\u20131928 (Buk., 1981); Id\u0151t\u00e1r 3; K\u00f6bl\u00f6s Elekn\u00e9: Eml\u00e9keimb\u0151l (Balogh Edg\u00e1r bevezet\u0151j\u00e9vel, Korunk 1971\/8); Moln\u00e1r J\u00e1nos; RMIL; St\u0103nescu, M. C., Gergely L.: E. K. (1887\u20131938)(Buc., 1978); Sz\u00e9pr\u00e9ti Lilla: K. E. -re eml\u00e9kezve (\u00daj \u00c9let, 8. sz., 1971); Turzai M\u00e1ria: K. E., az \u00e9lharcos. (Korunk 1971\/1); Turzai M\u00e1ria: P\u00e1rtunk egyik vezet\u0151je volt K. E. (V. Z., 1971. m\u00e1j. 7.)<\/br><\/p>\n","protected":false},"excerpt":{"rendered":"<p>S\u00e1romberke, 1887. m\u00e1j. 12., \u2020 SZU, 1938. okt. 9.: szerkeszt\u0151, publicista, kommunista munk\u00e1svez\u00e9r. \u2013 Feles\u00e9ge Kajlik Karolina (1924\u2013). Tanult n\u00e9gy oszt\u00e1lyt a Nagyenyedi Bethlen Koll. -ban. Asztalosinas, Mv.-en, felszabadul\u00e1sa ut\u00e1n (1905) a famunk\u00e1s szakszervezet \u00e9s a Szoci\u00e1ldemokrata P\u00e1rt tagja. Az els\u0151 vil\u00e1gh\u00e1bor\u00faban az olasz fronton harcolt, az 1918\u201319 \u2013es forradalmak idej\u00e9n a V\u00f6r\u00f6s Hadseregben roham\u00e1z\u00e1szl\u00f3alj- [&hellip;]<\/p>\n","protected":false},"featured_media":0,"comment_status":"open","ping_status":"closed","template":"","meta":[],"product_brand":[],"product_cat":[137],"product_tag":[],"class_list":{"0":"post-12279","1":"product","2":"type-product","3":"status-publish","5":"product_cat-maros-megyei-eletrajzi-lexikon","7":"first","8":"instock","9":"shipping-taxable","10":"product-type-simple"},"_links":{"self":[{"href":"https:\/\/uj.adatbank.ro\/lexikon\/wp-json\/wp\/v2\/product\/12279","targetHints":{"allow":["GET"]}}],"collection":[{"href":"https:\/\/uj.adatbank.ro\/lexikon\/wp-json\/wp\/v2\/product"}],"about":[{"href":"https:\/\/uj.adatbank.ro\/lexikon\/wp-json\/wp\/v2\/types\/product"}],"replies":[{"embeddable":true,"href":"https:\/\/uj.adatbank.ro\/lexikon\/wp-json\/wp\/v2\/comments?post=12279"}],"wp:attachment":[{"href":"https:\/\/uj.adatbank.ro\/lexikon\/wp-json\/wp\/v2\/media?parent=12279"}],"wp:term":[{"taxonomy":"product_brand","embeddable":true,"href":"https:\/\/uj.adatbank.ro\/lexikon\/wp-json\/wp\/v2\/product_brand?post=12279"},{"taxonomy":"product_cat","embeddable":true,"href":"https:\/\/uj.adatbank.ro\/lexikon\/wp-json\/wp\/v2\/product_cat?post=12279"},{"taxonomy":"product_tag","embeddable":true,"href":"https:\/\/uj.adatbank.ro\/lexikon\/wp-json\/wp\/v2\/product_tag?post=12279"}],"curies":[{"name":"wp","href":"https:\/\/api.w.org\/{rel}","templated":true}]}}