{"id":12282,"date":"2025-06-29T14:21:35","date_gmt":"2025-06-29T12:21:35","guid":{"rendered":"https:\/\/uj.adatbank.ro\/lexikon\/termek\/kobok-istvan-szabedi\/"},"modified":"2025-06-29T14:21:35","modified_gmt":"2025-06-29T12:21:35","slug":"kobok-istvan-szabedi","status":"publish","type":"product","link":"https:\/\/uj.adatbank.ro\/lexikon\/termek\/kobok-istvan-szabedi\/","title":{"rendered":"KOBOK Istv\u00e1n, szab\u00e9di"},"content":{"rendered":"<p>? \u2020 ? : marossz\u00e9ki nemes. \u2013 Apafi Mih\u00e1ly szab\u00e9di Kobok Istv\u00e1nt h\u0171s\u00e9ges hadi szolg\u00e1latai\u00e9rtnc, \u00e9s \u00e1ltala fi\u00e1t Kobok Mih\u00e1lyt \u00e9s \u00fat\u00f3daikat a szabad sz\u00e9kelyek rendj\u00e9b\u0151l kivev\u00e9n, l\u00f3f\u0151s\u00e9gre emeli (1681). &#8211;<br \/><strong>Irod.:<\/strong> SzOkl, 6<\/br><\/p>\n","protected":false},"excerpt":{"rendered":"<p>? \u2020 ? : marossz\u00e9ki nemes. \u2013 Apafi Mih\u00e1ly szab\u00e9di Kobok Istv\u00e1nt h\u0171s\u00e9ges hadi szolg\u00e1latai\u00e9rtnc, \u00e9s \u00e1ltala fi\u00e1t Kobok Mih\u00e1lyt \u00e9s \u00fat\u00f3daikat a szabad sz\u00e9kelyek rendj\u00e9b\u0151l kivev\u00e9n, l\u00f3f\u0151s\u00e9gre emeli (1681). &#8211;Irod.: SzOkl, 6<\/p>\n","protected":false},"featured_media":0,"comment_status":"open","ping_status":"closed","template":"","meta":[],"product_brand":[],"product_cat":[137],"product_tag":[],"class_list":{"0":"post-12282","1":"product","2":"type-product","3":"status-publish","5":"product_cat-maros-megyei-eletrajzi-lexikon","7":"first","8":"instock","9":"shipping-taxable","10":"product-type-simple"},"_links":{"self":[{"href":"https:\/\/uj.adatbank.ro\/lexikon\/wp-json\/wp\/v2\/product\/12282","targetHints":{"allow":["GET"]}}],"collection":[{"href":"https:\/\/uj.adatbank.ro\/lexikon\/wp-json\/wp\/v2\/product"}],"about":[{"href":"https:\/\/uj.adatbank.ro\/lexikon\/wp-json\/wp\/v2\/types\/product"}],"replies":[{"embeddable":true,"href":"https:\/\/uj.adatbank.ro\/lexikon\/wp-json\/wp\/v2\/comments?post=12282"}],"wp:attachment":[{"href":"https:\/\/uj.adatbank.ro\/lexikon\/wp-json\/wp\/v2\/media?parent=12282"}],"wp:term":[{"taxonomy":"product_brand","embeddable":true,"href":"https:\/\/uj.adatbank.ro\/lexikon\/wp-json\/wp\/v2\/product_brand?post=12282"},{"taxonomy":"product_cat","embeddable":true,"href":"https:\/\/uj.adatbank.ro\/lexikon\/wp-json\/wp\/v2\/product_cat?post=12282"},{"taxonomy":"product_tag","embeddable":true,"href":"https:\/\/uj.adatbank.ro\/lexikon\/wp-json\/wp\/v2\/product_tag?post=12282"}],"curies":[{"name":"wp","href":"https:\/\/api.w.org\/{rel}","templated":true}]}}