{"id":12286,"date":"2025-06-29T14:21:43","date_gmt":"2025-06-29T12:21:43","guid":{"rendered":"https:\/\/uj.adatbank.ro\/lexikon\/termek\/kobori-janos\/"},"modified":"2025-06-29T14:21:43","modified_gmt":"2025-06-29T12:21:43","slug":"kobori-janos","status":"publish","type":"product","link":"https:\/\/uj.adatbank.ro\/lexikon\/termek\/kobori-janos\/","title":{"rendered":"K\u00d3BORI J\u00e1nos"},"content":{"rendered":"<p>Szentl\u00e1szl\u00f3, 1862. m\u00e1j. 10., \u2020 Mv., 1933. dec. 11.: ref. lelk\u00e9sz, tan\u00e1r, \u00edr\u00f3, folklorista. \u2013 Sz\u00e9kelyudvarhelyen a Ref. Koll.-ban v\u00e9gzett (1885), majd elv\u00e9gezte a teol\u00f3gi\u00e1t \u00e9s m. \u2013 n\u00e9met szakot. A mv.-i Ref. Koll.-ban tan\u00e1r (1896\u20131921. febr. 1.), a koll. gazdas\u00e1gi fel\u00fcgyel\u0151je, el\u0151lj\u00e1r\u00f3s\u00e1g\u00e1nak tagja (1905\u201310), a koll.-i \u00e9nekkar fel\u00fcgyel\u0151je. Eg\u00e9szs\u00e9gi \u00e1llapota miatt nem t\u00e9rt vissza a tansz\u00e9kre. K\u00fcl\u00f6nb\u00f6z\u0151 egyh\u00e1zi \u00e9s k\u00f6z\u00e9leti feladatokat l\u00e1tott el: egyh\u00e1ztan\u00e1csos, presbiter, ref. iskolasz\u00e9ki tag, egyh\u00e1zmegyei k\u00e9pvisel\u0151, egyh\u00e1zi tan\u00e1csb\u00edr\u00f3, az \u201eIklandi Filep P\u00e9ter-Alap\u201d kezel\u0151gondnoka, a v\u00e1rosi elemi iskol\u00e1k gondnoks\u00e1g\u00e1nak tagja. Mv. v\u00e1ros t\u00f6rv\u00e9nyhat\u00f3s\u00e1g\u00e1nak tagja (1910), a helyi tisztvisel\u0151k fogyaszt\u00e1si sz\u00f6vetkezet\u00e9ben fel\u00fcgyel\u0151bizotts\u00e1gi tag. A F\u00fcggetlens\u00e9gi \u00e9s 48-as Kossuth-p\u00e1rt \u00fcgyvezet\u0151 eln\u00f6ke. KZST p\u00e1ly\u00e1zatot hirdetett sz\u00e9kely n\u00e9pmes\u00e9k \u00e9s mond\u00e1k \u00f6sszegy\u0171jt\u00e9s\u00e9re (1897), az egyik d\u00edjnyertes (200 korona) volt. Vall\u00e1s \u00e9s nevel\u00e9s\u00fcgyi k\u00e9rd\u00e9seket t\u00e1gyal\u00f3 munk\u00e1i szaklapokban jelentek meg. \u2013 <strong>F. m.:<\/strong> <strong>antol\u00f3g.:<\/strong> Bolyai J\u00e1nos eml\u00e9kezet (Mv., 1903). <br \/><strong>Irod.:<\/strong> \u00c1goston Albert: Alkot\u00e1sainkra, \u00e9rt\u00e9keinkre eml\u00e9kezve (N\u00fa., 1993. dec. 14.); Gy\u00e1szjelent\u0151; Id\u0151t\u00e1r 2; Marosi-KZST; Mv. t\u00f6rt\u00e9net\u00e9b\u0151l; Mv. t\u00f6rt. 2.; Olosz Katalin: A marosv\u00e1s\u00e1rhelyi Kem\u00e9ny Zsigmond T\u00e1rsas\u00e1g n\u00e9pk\u00f6lt\u00e9szeti tev\u00e9kenys\u00e9ge  =  Olosz Katalin 2003; \u00d6kr\u00f6s; \u00d6r\u00f6ks\u00e9g\u00fcnk (2007. 1. sz.); Sebesty\u00e9n<\/br><\/p>\n","protected":false},"excerpt":{"rendered":"<p>Szentl\u00e1szl\u00f3, 1862. m\u00e1j. 10., \u2020 Mv., 1933. dec. 11.: ref. lelk\u00e9sz, tan\u00e1r, \u00edr\u00f3, folklorista. \u2013 Sz\u00e9kelyudvarhelyen a Ref. Koll.-ban v\u00e9gzett (1885), majd elv\u00e9gezte a teol\u00f3gi\u00e1t \u00e9s m. \u2013 n\u00e9met szakot. A mv.-i Ref. Koll.-ban tan\u00e1r (1896\u20131921. febr. 1.), a koll. gazdas\u00e1gi fel\u00fcgyel\u0151je, el\u0151lj\u00e1r\u00f3s\u00e1g\u00e1nak tagja (1905\u201310), a koll.-i \u00e9nekkar fel\u00fcgyel\u0151je. Eg\u00e9szs\u00e9gi \u00e1llapota miatt nem t\u00e9rt vissza [&hellip;]<\/p>\n","protected":false},"featured_media":0,"comment_status":"open","ping_status":"closed","template":"","meta":[],"product_brand":[],"product_cat":[137],"product_tag":[],"class_list":{"0":"post-12286","1":"product","2":"type-product","3":"status-publish","5":"product_cat-maros-megyei-eletrajzi-lexikon","7":"first","8":"instock","9":"shipping-taxable","10":"product-type-simple"},"_links":{"self":[{"href":"https:\/\/uj.adatbank.ro\/lexikon\/wp-json\/wp\/v2\/product\/12286","targetHints":{"allow":["GET"]}}],"collection":[{"href":"https:\/\/uj.adatbank.ro\/lexikon\/wp-json\/wp\/v2\/product"}],"about":[{"href":"https:\/\/uj.adatbank.ro\/lexikon\/wp-json\/wp\/v2\/types\/product"}],"replies":[{"embeddable":true,"href":"https:\/\/uj.adatbank.ro\/lexikon\/wp-json\/wp\/v2\/comments?post=12286"}],"wp:attachment":[{"href":"https:\/\/uj.adatbank.ro\/lexikon\/wp-json\/wp\/v2\/media?parent=12286"}],"wp:term":[{"taxonomy":"product_brand","embeddable":true,"href":"https:\/\/uj.adatbank.ro\/lexikon\/wp-json\/wp\/v2\/product_brand?post=12286"},{"taxonomy":"product_cat","embeddable":true,"href":"https:\/\/uj.adatbank.ro\/lexikon\/wp-json\/wp\/v2\/product_cat?post=12286"},{"taxonomy":"product_tag","embeddable":true,"href":"https:\/\/uj.adatbank.ro\/lexikon\/wp-json\/wp\/v2\/product_tag?post=12286"}],"curies":[{"name":"wp","href":"https:\/\/api.w.org\/{rel}","templated":true}]}}