{"id":12288,"date":"2025-06-29T14:21:47","date_gmt":"2025-06-29T12:21:47","guid":{"rendered":"https:\/\/uj.adatbank.ro\/lexikon\/termek\/kobori-laszlo\/"},"modified":"2025-06-29T14:21:47","modified_gmt":"2025-06-29T12:21:47","slug":"kobori-laszlo","status":"publish","type":"product","link":"https:\/\/uj.adatbank.ro\/lexikon\/termek\/kobori-laszlo\/","title":{"rendered":"K\u00d3BORI L\u00e1szl\u00f3"},"content":{"rendered":"<p>Mv., 1900. szept. 2., \u2020 ?: gy\u00f3gyszer\u00e9sz. \u2013 Iasiban v\u00e9geztt az egyetem gy\u00f3gyszer\u00e9sz kar\u00e1n (1930. j\u00fan. 4.) \u00e9s szabad joggyakorl\u00e1sra kapott enged\u00e9lyt (1930. okt. 24.). Az orsz\u00e1g t\u00f6bb katonai \u00e9s k\u00f3rh\u00e1zi gy\u00f3gyszert\u00e1r\u00e1ban dolgozott, majd Mv.-en a Katonai K\u00f3rh\u00e1z gy\u00f3gyszert\u00e1r\u00e1ba \u00e9s v\u00e9g\u00fcl a Betegseg\u00e9lyz\u0151 P\u00e9nzt\u00e1r gy\u00f3gyszert\u00e1r\u00e1ba ker\u00fclt (1948). <br \/><strong>Irod.:<\/strong> P\u00e9ter H. M. 2013<\/br><\/p>\n","protected":false},"excerpt":{"rendered":"<p>Mv., 1900. szept. 2., \u2020 ?: gy\u00f3gyszer\u00e9sz. \u2013 Iasiban v\u00e9geztt az egyetem gy\u00f3gyszer\u00e9sz kar\u00e1n (1930. j\u00fan. 4.) \u00e9s szabad joggyakorl\u00e1sra kapott enged\u00e9lyt (1930. okt. 24.). Az orsz\u00e1g t\u00f6bb katonai \u00e9s k\u00f3rh\u00e1zi gy\u00f3gyszert\u00e1r\u00e1ban dolgozott, majd Mv.-en a Katonai K\u00f3rh\u00e1z gy\u00f3gyszert\u00e1r\u00e1ba \u00e9s v\u00e9g\u00fcl a Betegseg\u00e9lyz\u0151 P\u00e9nzt\u00e1r gy\u00f3gyszert\u00e1r\u00e1ba ker\u00fclt (1948). Irod.: P\u00e9ter H. M. 2013<\/p>\n","protected":false},"featured_media":0,"comment_status":"open","ping_status":"closed","template":"","meta":[],"product_brand":[],"product_cat":[137],"product_tag":[],"class_list":{"0":"post-12288","1":"product","2":"type-product","3":"status-publish","5":"product_cat-maros-megyei-eletrajzi-lexikon","7":"first","8":"instock","9":"shipping-taxable","10":"product-type-simple"},"_links":{"self":[{"href":"https:\/\/uj.adatbank.ro\/lexikon\/wp-json\/wp\/v2\/product\/12288","targetHints":{"allow":["GET"]}}],"collection":[{"href":"https:\/\/uj.adatbank.ro\/lexikon\/wp-json\/wp\/v2\/product"}],"about":[{"href":"https:\/\/uj.adatbank.ro\/lexikon\/wp-json\/wp\/v2\/types\/product"}],"replies":[{"embeddable":true,"href":"https:\/\/uj.adatbank.ro\/lexikon\/wp-json\/wp\/v2\/comments?post=12288"}],"wp:attachment":[{"href":"https:\/\/uj.adatbank.ro\/lexikon\/wp-json\/wp\/v2\/media?parent=12288"}],"wp:term":[{"taxonomy":"product_brand","embeddable":true,"href":"https:\/\/uj.adatbank.ro\/lexikon\/wp-json\/wp\/v2\/product_brand?post=12288"},{"taxonomy":"product_cat","embeddable":true,"href":"https:\/\/uj.adatbank.ro\/lexikon\/wp-json\/wp\/v2\/product_cat?post=12288"},{"taxonomy":"product_tag","embeddable":true,"href":"https:\/\/uj.adatbank.ro\/lexikon\/wp-json\/wp\/v2\/product_tag?post=12288"}],"curies":[{"name":"wp","href":"https:\/\/api.w.org\/{rel}","templated":true}]}}