{"id":12290,"date":"2025-06-29T14:21:49","date_gmt":"2025-06-29T12:21:49","guid":{"rendered":"https:\/\/uj.adatbank.ro\/lexikon\/termek\/kobori-peter\/"},"modified":"2025-06-29T14:21:49","modified_gmt":"2025-06-29T12:21:49","slug":"kobori-peter","status":"publish","type":"product","link":"https:\/\/uj.adatbank.ro\/lexikon\/termek\/kobori-peter\/","title":{"rendered":"K\u00d3BORI P\u00e9ter,"},"content":{"rendered":"<p>? \u2020 ?: tan\u00edt\u00f3. \u2013 Sz\u00e9kelyvaja els\u0151 eml\u00edtett tan\u00edt\u00f3ja. \u2013Irod.: B\u00f6l\u00f6ni Domokos: Egy nap t\u00f6rt\u00e9nelem Sz\u00e9kelyvaj\u00e1ban (N\u00fa., 1992. m\u00e1j. 27.)<\/br><\/p>\n","protected":false},"excerpt":{"rendered":"<p>? \u2020 ?: tan\u00edt\u00f3. \u2013 Sz\u00e9kelyvaja els\u0151 eml\u00edtett tan\u00edt\u00f3ja. \u2013Irod.: B\u00f6l\u00f6ni Domokos: Egy nap t\u00f6rt\u00e9nelem Sz\u00e9kelyvaj\u00e1ban (N\u00fa., 1992. m\u00e1j. 27.)<\/p>\n","protected":false},"featured_media":0,"comment_status":"open","ping_status":"closed","template":"","meta":[],"product_brand":[],"product_cat":[137],"product_tag":[],"class_list":{"0":"post-12290","1":"product","2":"type-product","3":"status-publish","5":"product_cat-maros-megyei-eletrajzi-lexikon","7":"first","8":"instock","9":"shipping-taxable","10":"product-type-simple"},"_links":{"self":[{"href":"https:\/\/uj.adatbank.ro\/lexikon\/wp-json\/wp\/v2\/product\/12290","targetHints":{"allow":["GET"]}}],"collection":[{"href":"https:\/\/uj.adatbank.ro\/lexikon\/wp-json\/wp\/v2\/product"}],"about":[{"href":"https:\/\/uj.adatbank.ro\/lexikon\/wp-json\/wp\/v2\/types\/product"}],"replies":[{"embeddable":true,"href":"https:\/\/uj.adatbank.ro\/lexikon\/wp-json\/wp\/v2\/comments?post=12290"}],"wp:attachment":[{"href":"https:\/\/uj.adatbank.ro\/lexikon\/wp-json\/wp\/v2\/media?parent=12290"}],"wp:term":[{"taxonomy":"product_brand","embeddable":true,"href":"https:\/\/uj.adatbank.ro\/lexikon\/wp-json\/wp\/v2\/product_brand?post=12290"},{"taxonomy":"product_cat","embeddable":true,"href":"https:\/\/uj.adatbank.ro\/lexikon\/wp-json\/wp\/v2\/product_cat?post=12290"},{"taxonomy":"product_tag","embeddable":true,"href":"https:\/\/uj.adatbank.ro\/lexikon\/wp-json\/wp\/v2\/product_tag?post=12290"}],"curies":[{"name":"wp","href":"https:\/\/api.w.org\/{rel}","templated":true}]}}