{"id":12293,"date":"2025-06-29T14:21:56","date_gmt":"2025-06-29T12:21:56","guid":{"rendered":"https:\/\/uj.adatbank.ro\/lexikon\/termek\/koch-maria\/"},"modified":"2025-06-29T14:21:56","modified_gmt":"2025-06-29T12:21:56","slug":"koch-maria","status":"publish","type":"product","link":"https:\/\/uj.adatbank.ro\/lexikon\/termek\/koch-maria\/","title":{"rendered":"KOCH M\u00e1ria"},"content":{"rendered":"<p>? \u2020 Mv., 2017. dec.: 14. \u00fajs\u00e1g\u00edr\u00f3. \u2013 A mv.-i V\u00f6r\u00f6s Z\u00e1szl\u00f3, majd N\u00e9p\u00fajs\u00e1g munkat\u00e1rsa. R\u00f6vid ideig a Maros megyei K\u00f6nyvt\u00e1r munkat\u00e1rsa is volt. <br \/><strong>Irod.:<\/strong> N\u00fa., 2018. dec. 14.<\/br><\/p>\n","protected":false},"excerpt":{"rendered":"<p>? \u2020 Mv., 2017. dec.: 14. \u00fajs\u00e1g\u00edr\u00f3. \u2013 A mv.-i V\u00f6r\u00f6s Z\u00e1szl\u00f3, majd N\u00e9p\u00fajs\u00e1g munkat\u00e1rsa. R\u00f6vid ideig a Maros megyei K\u00f6nyvt\u00e1r munkat\u00e1rsa is volt. Irod.: N\u00fa., 2018. dec. 14.<\/p>\n","protected":false},"featured_media":0,"comment_status":"open","ping_status":"closed","template":"","meta":[],"product_brand":[],"product_cat":[137],"product_tag":[],"class_list":{"0":"post-12293","1":"product","2":"type-product","3":"status-publish","5":"product_cat-maros-megyei-eletrajzi-lexikon","7":"first","8":"instock","9":"shipping-taxable","10":"product-type-simple"},"_links":{"self":[{"href":"https:\/\/uj.adatbank.ro\/lexikon\/wp-json\/wp\/v2\/product\/12293","targetHints":{"allow":["GET"]}}],"collection":[{"href":"https:\/\/uj.adatbank.ro\/lexikon\/wp-json\/wp\/v2\/product"}],"about":[{"href":"https:\/\/uj.adatbank.ro\/lexikon\/wp-json\/wp\/v2\/types\/product"}],"replies":[{"embeddable":true,"href":"https:\/\/uj.adatbank.ro\/lexikon\/wp-json\/wp\/v2\/comments?post=12293"}],"wp:attachment":[{"href":"https:\/\/uj.adatbank.ro\/lexikon\/wp-json\/wp\/v2\/media?parent=12293"}],"wp:term":[{"taxonomy":"product_brand","embeddable":true,"href":"https:\/\/uj.adatbank.ro\/lexikon\/wp-json\/wp\/v2\/product_brand?post=12293"},{"taxonomy":"product_cat","embeddable":true,"href":"https:\/\/uj.adatbank.ro\/lexikon\/wp-json\/wp\/v2\/product_cat?post=12293"},{"taxonomy":"product_tag","embeddable":true,"href":"https:\/\/uj.adatbank.ro\/lexikon\/wp-json\/wp\/v2\/product_tag?post=12293"}],"curies":[{"name":"wp","href":"https:\/\/api.w.org\/{rel}","templated":true}]}}