{"id":12299,"date":"2025-06-29T14:22:11","date_gmt":"2025-06-29T12:22:11","guid":{"rendered":"https:\/\/uj.adatbank.ro\/lexikon\/termek\/kocsis-bela\/"},"modified":"2025-06-29T14:22:11","modified_gmt":"2025-06-29T12:22:11","slug":"kocsis-bela","status":"publish","type":"product","link":"https:\/\/uj.adatbank.ro\/lexikon\/termek\/kocsis-bela\/","title":{"rendered":"KOCSIS B\u00e9la"},"content":{"rendered":"<p>1919. \u2020 Mv., 1995. aug. 22.: k\u00f6zgazd\u00e1sz, tan\u00e1r. \u2013 Banktisztvisel\u0151 Mv.-en. Az FC Maros j\u00e9gkorong csapat tagja volt (1934\u2013), majd \u00e1tment az MSE-be (1940), ahol a korcsoly\u00e1z\u00f3 szakoszt\u00e1ly titk\u00e1ra. Lelkes h\u00edve volt a j\u00e9gsportoknak, k\u00fcl\u00f6n\u00f6sen a korcsoly\u00e1z\u00e1snak, vezet\u00e9se alatt \u00e9l\u00e9nk sport\u00e9let volt a t\u00e9li h\u00f3napokban Mv.-en. Nagy figyelmet szentelt az ut\u00e1np\u00f3tl\u00e1s nevel\u00e9s\u00e9nek. Sz\u00e9p eredm\u00e9nyeket \u00e9rt el 1500 \u00e9s 5000 m. \u2013es gyorskorcsoly\u00e1z\u00e1sban, Bp. orsz\u00e1gos f\u0151iskolai bajnoka volt (1941). <br \/><strong>Irod.:<\/strong> Kiss-P. &#8211; P; [Nekrol\u00f3g] (N\u00fa., 1995. aug. 23.), Pluh\u00e1r<\/br><\/p>\n","protected":false},"excerpt":{"rendered":"<p>1919. \u2020 Mv., 1995. aug. 22.: k\u00f6zgazd\u00e1sz, tan\u00e1r. \u2013 Banktisztvisel\u0151 Mv.-en. Az FC Maros j\u00e9gkorong csapat tagja volt (1934\u2013), majd \u00e1tment az MSE-be (1940), ahol a korcsoly\u00e1z\u00f3 szakoszt\u00e1ly titk\u00e1ra. Lelkes h\u00edve volt a j\u00e9gsportoknak, k\u00fcl\u00f6n\u00f6sen a korcsoly\u00e1z\u00e1snak, vezet\u00e9se alatt \u00e9l\u00e9nk sport\u00e9let volt a t\u00e9li h\u00f3napokban Mv.-en. Nagy figyelmet szentelt az ut\u00e1np\u00f3tl\u00e1s nevel\u00e9s\u00e9nek. Sz\u00e9p eredm\u00e9nyeket \u00e9rt [&hellip;]<\/p>\n","protected":false},"featured_media":0,"comment_status":"open","ping_status":"closed","template":"","meta":[],"product_brand":[],"product_cat":[137],"product_tag":[],"class_list":{"0":"post-12299","1":"product","2":"type-product","3":"status-publish","5":"product_cat-maros-megyei-eletrajzi-lexikon","7":"first","8":"instock","9":"shipping-taxable","10":"product-type-simple"},"_links":{"self":[{"href":"https:\/\/uj.adatbank.ro\/lexikon\/wp-json\/wp\/v2\/product\/12299","targetHints":{"allow":["GET"]}}],"collection":[{"href":"https:\/\/uj.adatbank.ro\/lexikon\/wp-json\/wp\/v2\/product"}],"about":[{"href":"https:\/\/uj.adatbank.ro\/lexikon\/wp-json\/wp\/v2\/types\/product"}],"replies":[{"embeddable":true,"href":"https:\/\/uj.adatbank.ro\/lexikon\/wp-json\/wp\/v2\/comments?post=12299"}],"wp:attachment":[{"href":"https:\/\/uj.adatbank.ro\/lexikon\/wp-json\/wp\/v2\/media?parent=12299"}],"wp:term":[{"taxonomy":"product_brand","embeddable":true,"href":"https:\/\/uj.adatbank.ro\/lexikon\/wp-json\/wp\/v2\/product_brand?post=12299"},{"taxonomy":"product_cat","embeddable":true,"href":"https:\/\/uj.adatbank.ro\/lexikon\/wp-json\/wp\/v2\/product_cat?post=12299"},{"taxonomy":"product_tag","embeddable":true,"href":"https:\/\/uj.adatbank.ro\/lexikon\/wp-json\/wp\/v2\/product_tag?post=12299"}],"curies":[{"name":"wp","href":"https:\/\/api.w.org\/{rel}","templated":true}]}}