{"id":12300,"date":"2025-06-29T14:22:13","date_gmt":"2025-06-29T12:22:13","guid":{"rendered":"https:\/\/uj.adatbank.ro\/lexikon\/termek\/kocsis-boldizsar\/"},"modified":"2025-06-29T14:22:13","modified_gmt":"2025-06-29T12:22:13","slug":"kocsis-boldizsar","status":"publish","type":"product","link":"https:\/\/uj.adatbank.ro\/lexikon\/termek\/kocsis-boldizsar\/","title":{"rendered":"KOCSIS Boldizs\u00e1r"},"content":{"rendered":"<p>1901., \u2020 ?: csend\u0151rtiszthelyettes, \u0151rparancsnok. \u2013 Iskol\u00e1i elv\u00e9gz\u00e9se ut\u00e1n katon\u00e1skodott, ahonnan a csend\u0151rs\u00e9ghez ker\u00fclt. (1922). \u00d6rsparancsnoki vizsg\u00e1t tett, a mez\u0151cs\u00e1v\u00e1si \u00f6rsre ker\u00fclt mint vezet\u0151. (1940). <br \/><strong>Irod.:<\/strong> Sz\u00e9kelyf\u00f6ld \u00ed. k.<\/br><\/p>\n","protected":false},"excerpt":{"rendered":"<p>1901., \u2020 ?: csend\u0151rtiszthelyettes, \u0151rparancsnok. \u2013 Iskol\u00e1i elv\u00e9gz\u00e9se ut\u00e1n katon\u00e1skodott, ahonnan a csend\u0151rs\u00e9ghez ker\u00fclt. (1922). \u00d6rsparancsnoki vizsg\u00e1t tett, a mez\u0151cs\u00e1v\u00e1si \u00f6rsre ker\u00fclt mint vezet\u0151. (1940). Irod.: Sz\u00e9kelyf\u00f6ld \u00ed. k.<\/p>\n","protected":false},"featured_media":0,"comment_status":"open","ping_status":"closed","template":"","meta":[],"product_brand":[],"product_cat":[137],"product_tag":[],"class_list":{"0":"post-12300","1":"product","2":"type-product","3":"status-publish","5":"product_cat-maros-megyei-eletrajzi-lexikon","7":"first","8":"instock","9":"shipping-taxable","10":"product-type-simple"},"_links":{"self":[{"href":"https:\/\/uj.adatbank.ro\/lexikon\/wp-json\/wp\/v2\/product\/12300","targetHints":{"allow":["GET"]}}],"collection":[{"href":"https:\/\/uj.adatbank.ro\/lexikon\/wp-json\/wp\/v2\/product"}],"about":[{"href":"https:\/\/uj.adatbank.ro\/lexikon\/wp-json\/wp\/v2\/types\/product"}],"replies":[{"embeddable":true,"href":"https:\/\/uj.adatbank.ro\/lexikon\/wp-json\/wp\/v2\/comments?post=12300"}],"wp:attachment":[{"href":"https:\/\/uj.adatbank.ro\/lexikon\/wp-json\/wp\/v2\/media?parent=12300"}],"wp:term":[{"taxonomy":"product_brand","embeddable":true,"href":"https:\/\/uj.adatbank.ro\/lexikon\/wp-json\/wp\/v2\/product_brand?post=12300"},{"taxonomy":"product_cat","embeddable":true,"href":"https:\/\/uj.adatbank.ro\/lexikon\/wp-json\/wp\/v2\/product_cat?post=12300"},{"taxonomy":"product_tag","embeddable":true,"href":"https:\/\/uj.adatbank.ro\/lexikon\/wp-json\/wp\/v2\/product_tag?post=12300"}],"curies":[{"name":"wp","href":"https:\/\/api.w.org\/{rel}","templated":true}]}}