{"id":12301,"date":"2025-06-29T14:22:16","date_gmt":"2025-06-29T12:22:16","guid":{"rendered":"https:\/\/uj.adatbank.ro\/lexikon\/termek\/kocsis-elemer\/"},"modified":"2025-06-29T14:22:16","modified_gmt":"2025-06-29T12:22:16","slug":"kocsis-elemer","status":"publish","type":"product","link":"https:\/\/uj.adatbank.ro\/lexikon\/termek\/kocsis-elemer\/","title":{"rendered":"KOCSIS Elem\u00e9r"},"content":{"rendered":"<p>Nagyszalonta, 1910., \u2020 Sz\u00e1szr\u00e9gen, 1981. okt. 6.: labdar\u00fag\u00f3 \u00e9s edz\u0151. -Az orsz\u00e1g t\u00f6bb v\u00e1ros\u00e1ban labdar\u00fag\u00f3k\u00e9nt j\u00e1tszott: Nagyv\u00e1rad, Szatm\u00e1r, Dics\u0151szentm\u00e1rton, Beszterce, majd R\u00e9genben lett edz\u0151 (1955\u2013). A Foresta Rom\u00e2n\u0103 csapatot technik\u00e1s j\u00e1t\u00e9k\u00e1val bejuttatta az A Divizi\u00f3ba (1955), amit a mai napig emlegetnek a r\u00e9geni fotballkedvel\u0151k. <br \/><strong>Irod.:<\/strong> Reghin \u2013 Av\u00e2ntul<\/br><\/p>\n","protected":false},"excerpt":{"rendered":"<p>Nagyszalonta, 1910., \u2020 Sz\u00e1szr\u00e9gen, 1981. okt. 6.: labdar\u00fag\u00f3 \u00e9s edz\u0151. -Az orsz\u00e1g t\u00f6bb v\u00e1ros\u00e1ban labdar\u00fag\u00f3k\u00e9nt j\u00e1tszott: Nagyv\u00e1rad, Szatm\u00e1r, Dics\u0151szentm\u00e1rton, Beszterce, majd R\u00e9genben lett edz\u0151 (1955\u2013). A Foresta Rom\u00e2n\u0103 csapatot technik\u00e1s j\u00e1t\u00e9k\u00e1val bejuttatta az A Divizi\u00f3ba (1955), amit a mai napig emlegetnek a r\u00e9geni fotballkedvel\u0151k. Irod.: Reghin \u2013 Av\u00e2ntul<\/p>\n","protected":false},"featured_media":0,"comment_status":"open","ping_status":"closed","template":"","meta":[],"product_brand":[],"product_cat":[137],"product_tag":[],"class_list":{"0":"post-12301","1":"product","2":"type-product","3":"status-publish","5":"product_cat-maros-megyei-eletrajzi-lexikon","7":"first","8":"instock","9":"shipping-taxable","10":"product-type-simple"},"_links":{"self":[{"href":"https:\/\/uj.adatbank.ro\/lexikon\/wp-json\/wp\/v2\/product\/12301","targetHints":{"allow":["GET"]}}],"collection":[{"href":"https:\/\/uj.adatbank.ro\/lexikon\/wp-json\/wp\/v2\/product"}],"about":[{"href":"https:\/\/uj.adatbank.ro\/lexikon\/wp-json\/wp\/v2\/types\/product"}],"replies":[{"embeddable":true,"href":"https:\/\/uj.adatbank.ro\/lexikon\/wp-json\/wp\/v2\/comments?post=12301"}],"wp:attachment":[{"href":"https:\/\/uj.adatbank.ro\/lexikon\/wp-json\/wp\/v2\/media?parent=12301"}],"wp:term":[{"taxonomy":"product_brand","embeddable":true,"href":"https:\/\/uj.adatbank.ro\/lexikon\/wp-json\/wp\/v2\/product_brand?post=12301"},{"taxonomy":"product_cat","embeddable":true,"href":"https:\/\/uj.adatbank.ro\/lexikon\/wp-json\/wp\/v2\/product_cat?post=12301"},{"taxonomy":"product_tag","embeddable":true,"href":"https:\/\/uj.adatbank.ro\/lexikon\/wp-json\/wp\/v2\/product_tag?post=12301"}],"curies":[{"name":"wp","href":"https:\/\/api.w.org\/{rel}","templated":true}]}}