{"id":12303,"date":"2025-06-29T14:22:20","date_gmt":"2025-06-29T12:22:20","guid":{"rendered":"https:\/\/uj.adatbank.ro\/lexikon\/termek\/kocsis-elemer-markosfalvi\/"},"modified":"2025-06-29T14:22:20","modified_gmt":"2025-06-29T12:22:20","slug":"kocsis-elemer-markosfalvi","status":"publish","type":"product","link":"https:\/\/uj.adatbank.ro\/lexikon\/termek\/kocsis-elemer-markosfalvi\/","title":{"rendered":"KOCSIS Elem\u00e9r, m\u00e1rkosfalvi"},"content":{"rendered":"<p>1906., \u2020 ? : aut\u00f3keresked\u0151. \u2013 Tanulm\u00e1nyait a mv.-i Ref. Koll.-ban v\u00e9gezte, majd keresked\u0151 lett- aut\u00f3 \u00e9s m\u0171szaki cikkeket \u00e1rus\u00edt\u00f3 \u00fczlete volt Mv.-en Kocsis \u00e9s Borb\u00e1th c\u00e9g n\u00e9ven. A M. Iparegyes\u00fclet vezet\u0151s\u00e9gi tagja volt. <br \/><strong>Irod.:<\/strong> Sz\u00e9kelyf\u00f6ld \u00ed. k.<\/br><\/p>\n","protected":false},"excerpt":{"rendered":"<p>1906., \u2020 ? : aut\u00f3keresked\u0151. \u2013 Tanulm\u00e1nyait a mv.-i Ref. Koll.-ban v\u00e9gezte, majd keresked\u0151 lett- aut\u00f3 \u00e9s m\u0171szaki cikkeket \u00e1rus\u00edt\u00f3 \u00fczlete volt Mv.-en Kocsis \u00e9s Borb\u00e1th c\u00e9g n\u00e9ven. A M. Iparegyes\u00fclet vezet\u0151s\u00e9gi tagja volt. Irod.: Sz\u00e9kelyf\u00f6ld \u00ed. k.<\/p>\n","protected":false},"featured_media":0,"comment_status":"open","ping_status":"closed","template":"","meta":[],"product_brand":[],"product_cat":[137],"product_tag":[],"class_list":{"0":"post-12303","1":"product","2":"type-product","3":"status-publish","5":"product_cat-maros-megyei-eletrajzi-lexikon","7":"first","8":"instock","9":"shipping-taxable","10":"product-type-simple"},"_links":{"self":[{"href":"https:\/\/uj.adatbank.ro\/lexikon\/wp-json\/wp\/v2\/product\/12303","targetHints":{"allow":["GET"]}}],"collection":[{"href":"https:\/\/uj.adatbank.ro\/lexikon\/wp-json\/wp\/v2\/product"}],"about":[{"href":"https:\/\/uj.adatbank.ro\/lexikon\/wp-json\/wp\/v2\/types\/product"}],"replies":[{"embeddable":true,"href":"https:\/\/uj.adatbank.ro\/lexikon\/wp-json\/wp\/v2\/comments?post=12303"}],"wp:attachment":[{"href":"https:\/\/uj.adatbank.ro\/lexikon\/wp-json\/wp\/v2\/media?parent=12303"}],"wp:term":[{"taxonomy":"product_brand","embeddable":true,"href":"https:\/\/uj.adatbank.ro\/lexikon\/wp-json\/wp\/v2\/product_brand?post=12303"},{"taxonomy":"product_cat","embeddable":true,"href":"https:\/\/uj.adatbank.ro\/lexikon\/wp-json\/wp\/v2\/product_cat?post=12303"},{"taxonomy":"product_tag","embeddable":true,"href":"https:\/\/uj.adatbank.ro\/lexikon\/wp-json\/wp\/v2\/product_tag?post=12303"}],"curies":[{"name":"wp","href":"https:\/\/api.w.org\/{rel}","templated":true}]}}