{"id":12306,"date":"2025-06-29T14:22:27","date_gmt":"2025-06-29T12:22:27","guid":{"rendered":"https:\/\/uj.adatbank.ro\/lexikon\/termek\/kocsis-gyorgy-2\/"},"modified":"2025-06-29T14:22:27","modified_gmt":"2025-06-29T12:22:27","slug":"kocsis-gyorgy-2","status":"publish","type":"product","link":"https:\/\/uj.adatbank.ro\/lexikon\/termek\/kocsis-gyorgy-2\/","title":{"rendered":"KOCSIS Gy\u00f6rgy"},"content":{"rendered":"<p>1914., \u2020 ?: tan\u00edt\u00f3. \u2013 Tanulm\u00e1nyait Szatm\u00e1ron \u00e9s Nagyk\u00e1rolyban v\u00e9gezte, majd k\u00fcl\u00f6nb\u00f6z\u0151 helyeken tan\u00edtott t\u00f6bbek k\u00f6z\u00f6tt D\u00e9d\u00e1n, ahol a k\u00f6zs\u00e9g minden hazafias, kultur\u00e1lis, t\u00e1rsadalmi, \u00e9s szoci\u00e1lis egyes\u00fclet\u00e9nek m\u0171k\u00f6d\u00e9s\u00e9ben r\u00e9szt vett. <br \/><strong>Irod.:<\/strong> Sz\u00e9kelyf\u00f6ld \u00ed. k.<\/br><\/p>\n","protected":false},"excerpt":{"rendered":"<p>1914., \u2020 ?: tan\u00edt\u00f3. \u2013 Tanulm\u00e1nyait Szatm\u00e1ron \u00e9s Nagyk\u00e1rolyban v\u00e9gezte, majd k\u00fcl\u00f6nb\u00f6z\u0151 helyeken tan\u00edtott t\u00f6bbek k\u00f6z\u00f6tt D\u00e9d\u00e1n, ahol a k\u00f6zs\u00e9g minden hazafias, kultur\u00e1lis, t\u00e1rsadalmi, \u00e9s szoci\u00e1lis egyes\u00fclet\u00e9nek m\u0171k\u00f6d\u00e9s\u00e9ben r\u00e9szt vett. Irod.: Sz\u00e9kelyf\u00f6ld \u00ed. k.<\/p>\n","protected":false},"featured_media":0,"comment_status":"open","ping_status":"closed","template":"","meta":[],"product_brand":[],"product_cat":[137],"product_tag":[],"class_list":{"0":"post-12306","1":"product","2":"type-product","3":"status-publish","5":"product_cat-maros-megyei-eletrajzi-lexikon","7":"first","8":"instock","9":"shipping-taxable","10":"product-type-simple"},"_links":{"self":[{"href":"https:\/\/uj.adatbank.ro\/lexikon\/wp-json\/wp\/v2\/product\/12306","targetHints":{"allow":["GET"]}}],"collection":[{"href":"https:\/\/uj.adatbank.ro\/lexikon\/wp-json\/wp\/v2\/product"}],"about":[{"href":"https:\/\/uj.adatbank.ro\/lexikon\/wp-json\/wp\/v2\/types\/product"}],"replies":[{"embeddable":true,"href":"https:\/\/uj.adatbank.ro\/lexikon\/wp-json\/wp\/v2\/comments?post=12306"}],"wp:attachment":[{"href":"https:\/\/uj.adatbank.ro\/lexikon\/wp-json\/wp\/v2\/media?parent=12306"}],"wp:term":[{"taxonomy":"product_brand","embeddable":true,"href":"https:\/\/uj.adatbank.ro\/lexikon\/wp-json\/wp\/v2\/product_brand?post=12306"},{"taxonomy":"product_cat","embeddable":true,"href":"https:\/\/uj.adatbank.ro\/lexikon\/wp-json\/wp\/v2\/product_cat?post=12306"},{"taxonomy":"product_tag","embeddable":true,"href":"https:\/\/uj.adatbank.ro\/lexikon\/wp-json\/wp\/v2\/product_tag?post=12306"}],"curies":[{"name":"wp","href":"https:\/\/api.w.org\/{rel}","templated":true}]}}