{"id":12309,"date":"2025-06-29T14:22:31","date_gmt":"2025-06-29T12:22:31","guid":{"rendered":"https:\/\/uj.adatbank.ro\/lexikon\/termek\/kocsis-ioan\/"},"modified":"2025-06-29T14:22:31","modified_gmt":"2025-06-29T12:22:31","slug":"kocsis-ioan","status":"publish","type":"product","link":"https:\/\/uj.adatbank.ro\/lexikon\/termek\/kocsis-ioan\/","title":{"rendered":"KOCSIS Ioan"},"content":{"rendered":"<p>? \u2020 ?: tan\u00edt\u00f3. \u2013 Marosszentgy\u00f6rgy\u00f6n az ort. egyh\u00e1zi iskol\u00e1ban tan\u00edtott v\u00e1ltoz\u00f3 l\u00e9tsz\u00e1m\u00fa tanul\u00f3t (1857\u201369). Partenie Tombitas t\u00e1mogat\u00e1s\u00e1val \u00faj ort. iskola \u00e9p\u00fclt, \u00edgy n\u00f6vekedett a tanul\u00f3k l\u00e9tsz\u00e1ma is (1858\u2013). <br \/><strong>Irod.:<\/strong> S\u00e2ngeorgiu de Mure\u015f \u2013 \u015ecoala<\/br><\/p>\n","protected":false},"excerpt":{"rendered":"<p>? \u2020 ?: tan\u00edt\u00f3. \u2013 Marosszentgy\u00f6rgy\u00f6n az ort. egyh\u00e1zi iskol\u00e1ban tan\u00edtott v\u00e1ltoz\u00f3 l\u00e9tsz\u00e1m\u00fa tanul\u00f3t (1857\u201369). Partenie Tombitas t\u00e1mogat\u00e1s\u00e1val \u00faj ort. iskola \u00e9p\u00fclt, \u00edgy n\u00f6vekedett a tanul\u00f3k l\u00e9tsz\u00e1ma is (1858\u2013). Irod.: S\u00e2ngeorgiu de Mure\u015f \u2013 \u015ecoala<\/p>\n","protected":false},"featured_media":0,"comment_status":"open","ping_status":"closed","template":"","meta":[],"product_brand":[],"product_cat":[137],"product_tag":[],"class_list":{"0":"post-12309","1":"product","2":"type-product","3":"status-publish","5":"product_cat-maros-megyei-eletrajzi-lexikon","7":"first","8":"instock","9":"shipping-taxable","10":"product-type-simple"},"_links":{"self":[{"href":"https:\/\/uj.adatbank.ro\/lexikon\/wp-json\/wp\/v2\/product\/12309","targetHints":{"allow":["GET"]}}],"collection":[{"href":"https:\/\/uj.adatbank.ro\/lexikon\/wp-json\/wp\/v2\/product"}],"about":[{"href":"https:\/\/uj.adatbank.ro\/lexikon\/wp-json\/wp\/v2\/types\/product"}],"replies":[{"embeddable":true,"href":"https:\/\/uj.adatbank.ro\/lexikon\/wp-json\/wp\/v2\/comments?post=12309"}],"wp:attachment":[{"href":"https:\/\/uj.adatbank.ro\/lexikon\/wp-json\/wp\/v2\/media?parent=12309"}],"wp:term":[{"taxonomy":"product_brand","embeddable":true,"href":"https:\/\/uj.adatbank.ro\/lexikon\/wp-json\/wp\/v2\/product_brand?post=12309"},{"taxonomy":"product_cat","embeddable":true,"href":"https:\/\/uj.adatbank.ro\/lexikon\/wp-json\/wp\/v2\/product_cat?post=12309"},{"taxonomy":"product_tag","embeddable":true,"href":"https:\/\/uj.adatbank.ro\/lexikon\/wp-json\/wp\/v2\/product_tag?post=12309"}],"curies":[{"name":"wp","href":"https:\/\/api.w.org\/{rel}","templated":true}]}}