{"id":12311,"date":"2025-06-29T14:22:35","date_gmt":"2025-06-29T12:22:35","guid":{"rendered":"https:\/\/uj.adatbank.ro\/lexikon\/termek\/kocsis-janos\/"},"modified":"2025-06-29T14:22:35","modified_gmt":"2025-06-29T12:22:35","slug":"kocsis-janos","status":"publish","type":"product","link":"https:\/\/uj.adatbank.ro\/lexikon\/termek\/kocsis-janos\/","title":{"rendered":"KOCSIS J\u00e1nos"},"content":{"rendered":"<p>Magyar\u00f3, 1885., \u2020 ?: gazd\u00e1lkod\u00f3. \u2013 Iskol\u00e1i elv\u00e9gz\u00e9se ut\u00e1n a sz\u00fcl\u0151i h\u00e1zban tanulta a gazd\u00e1lkod\u00e1st, \u00f6n\u00e1ll\u00f3 lett sz\u00fcl\u0151faluj\u00e1ban (1908\u2013). Az EGE \u00e9s a megyei MP tagja, a Gazdak\u00f6r eln\u00f6ke, a ref. egyh\u00e1z gondnoka a Mez\u0151gazdas\u00e1gi Kamara v\u00e1lasztm\u00e1nyi tagja, k\u00f6zs\u00e9gi b\u00edr\u00f3 volt. Minden magyar kultur\u00e1lis \u00e9s t\u00e1rsadalmi egyes\u00fclet munk\u00e1j\u00e1ban r\u00e9szt vett. Az els\u0151 vh.-ban az orosz fronton harcolt, megsebes\u00fclt. <br \/><strong>Irod.:<\/strong> Sz\u00e9kelyf\u00f6ld \u00ed. k.<\/br><\/p>\n","protected":false},"excerpt":{"rendered":"<p>Magyar\u00f3, 1885., \u2020 ?: gazd\u00e1lkod\u00f3. \u2013 Iskol\u00e1i elv\u00e9gz\u00e9se ut\u00e1n a sz\u00fcl\u0151i h\u00e1zban tanulta a gazd\u00e1lkod\u00e1st, \u00f6n\u00e1ll\u00f3 lett sz\u00fcl\u0151faluj\u00e1ban (1908\u2013). Az EGE \u00e9s a megyei MP tagja, a Gazdak\u00f6r eln\u00f6ke, a ref. egyh\u00e1z gondnoka a Mez\u0151gazdas\u00e1gi Kamara v\u00e1lasztm\u00e1nyi tagja, k\u00f6zs\u00e9gi b\u00edr\u00f3 volt. Minden magyar kultur\u00e1lis \u00e9s t\u00e1rsadalmi egyes\u00fclet munk\u00e1j\u00e1ban r\u00e9szt vett. Az els\u0151 vh.-ban az orosz [&hellip;]<\/p>\n","protected":false},"featured_media":0,"comment_status":"open","ping_status":"closed","template":"","meta":[],"product_brand":[],"product_cat":[137],"product_tag":[],"class_list":{"0":"post-12311","1":"product","2":"type-product","3":"status-publish","5":"product_cat-maros-megyei-eletrajzi-lexikon","7":"first","8":"instock","9":"shipping-taxable","10":"product-type-simple"},"_links":{"self":[{"href":"https:\/\/uj.adatbank.ro\/lexikon\/wp-json\/wp\/v2\/product\/12311","targetHints":{"allow":["GET"]}}],"collection":[{"href":"https:\/\/uj.adatbank.ro\/lexikon\/wp-json\/wp\/v2\/product"}],"about":[{"href":"https:\/\/uj.adatbank.ro\/lexikon\/wp-json\/wp\/v2\/types\/product"}],"replies":[{"embeddable":true,"href":"https:\/\/uj.adatbank.ro\/lexikon\/wp-json\/wp\/v2\/comments?post=12311"}],"wp:attachment":[{"href":"https:\/\/uj.adatbank.ro\/lexikon\/wp-json\/wp\/v2\/media?parent=12311"}],"wp:term":[{"taxonomy":"product_brand","embeddable":true,"href":"https:\/\/uj.adatbank.ro\/lexikon\/wp-json\/wp\/v2\/product_brand?post=12311"},{"taxonomy":"product_cat","embeddable":true,"href":"https:\/\/uj.adatbank.ro\/lexikon\/wp-json\/wp\/v2\/product_cat?post=12311"},{"taxonomy":"product_tag","embeddable":true,"href":"https:\/\/uj.adatbank.ro\/lexikon\/wp-json\/wp\/v2\/product_tag?post=12311"}],"curies":[{"name":"wp","href":"https:\/\/api.w.org\/{rel}","templated":true}]}}