{"id":12312,"date":"2025-06-29T14:22:37","date_gmt":"2025-06-29T12:22:37","guid":{"rendered":"https:\/\/uj.adatbank.ro\/lexikon\/termek\/kocsis-janos-2\/"},"modified":"2025-06-29T14:22:37","modified_gmt":"2025-06-29T12:22:37","slug":"kocsis-janos-2","status":"publish","type":"product","link":"https:\/\/uj.adatbank.ro\/lexikon\/termek\/kocsis-janos-2\/","title":{"rendered":"KOCSIS J\u00e1nos"},"content":{"rendered":"<p>Magyar\u00f3, 1915. j\u00fal. 21., \u2020 2000. aug. 13.: dr., jog\u00e1sz, ref. f\u0151gondnok. \u2013 A jogot a kv.-i I. Ferdin\u00e1nd egyetemenen v\u00e9gezte (1937). P\u00e1ly\u00e1j\u00e1t Mv.-en kezdte mint \u00fcgyv\u00e9djel\u00f6lt (1939\u201340); a II. vh.-ban tart. hadnagyi rangban vett r\u00e9szt, b\u00edr\u00f3 Sz\u00e9kelyudvarhelyen (1941\u201349); Mv.-en t\u00f6rv\u00e9nysz\u00e9ki b\u00edr\u00f3 (1949\u201352), majd jogtan\u00e1csos a Post\u00e1n\u00e1l (1952\u201377). Tagja volt az MNSZ K\u00f6zponti Int\u00e9z\u00f3bizotts\u00e1g\u00e1nak (1947\u2013). Az Erd\u00e9lyi Ref. Egyh\u00e1zker\u00fclet f\u0151gondnoka. Az \u00fajraalakult KZST alap\u00edt\u00f3 tagja (1990\u2013). <br \/><strong>Irod.:<\/strong> Bartos 2012; Berekm\u00e9ri; [Nekrol\u00f3g] (N\u00fa., 2000. aug. 14.) RMKK; T\u00f6tt\u00f6ssy<\/br><\/p>\n","protected":false},"excerpt":{"rendered":"<p>Magyar\u00f3, 1915. j\u00fal. 21., \u2020 2000. aug. 13.: dr., jog\u00e1sz, ref. f\u0151gondnok. \u2013 A jogot a kv.-i I. Ferdin\u00e1nd egyetemenen v\u00e9gezte (1937). P\u00e1ly\u00e1j\u00e1t Mv.-en kezdte mint \u00fcgyv\u00e9djel\u00f6lt (1939\u201340); a II. vh.-ban tart. hadnagyi rangban vett r\u00e9szt, b\u00edr\u00f3 Sz\u00e9kelyudvarhelyen (1941\u201349); Mv.-en t\u00f6rv\u00e9nysz\u00e9ki b\u00edr\u00f3 (1949\u201352), majd jogtan\u00e1csos a Post\u00e1n\u00e1l (1952\u201377). Tagja volt az MNSZ K\u00f6zponti Int\u00e9z\u00f3bizotts\u00e1g\u00e1nak (1947\u2013). [&hellip;]<\/p>\n","protected":false},"featured_media":0,"comment_status":"open","ping_status":"closed","template":"","meta":[],"product_brand":[],"product_cat":[137],"product_tag":[],"class_list":{"0":"post-12312","1":"product","2":"type-product","3":"status-publish","5":"product_cat-maros-megyei-eletrajzi-lexikon","7":"first","8":"instock","9":"shipping-taxable","10":"product-type-simple"},"_links":{"self":[{"href":"https:\/\/uj.adatbank.ro\/lexikon\/wp-json\/wp\/v2\/product\/12312","targetHints":{"allow":["GET"]}}],"collection":[{"href":"https:\/\/uj.adatbank.ro\/lexikon\/wp-json\/wp\/v2\/product"}],"about":[{"href":"https:\/\/uj.adatbank.ro\/lexikon\/wp-json\/wp\/v2\/types\/product"}],"replies":[{"embeddable":true,"href":"https:\/\/uj.adatbank.ro\/lexikon\/wp-json\/wp\/v2\/comments?post=12312"}],"wp:attachment":[{"href":"https:\/\/uj.adatbank.ro\/lexikon\/wp-json\/wp\/v2\/media?parent=12312"}],"wp:term":[{"taxonomy":"product_brand","embeddable":true,"href":"https:\/\/uj.adatbank.ro\/lexikon\/wp-json\/wp\/v2\/product_brand?post=12312"},{"taxonomy":"product_cat","embeddable":true,"href":"https:\/\/uj.adatbank.ro\/lexikon\/wp-json\/wp\/v2\/product_cat?post=12312"},{"taxonomy":"product_tag","embeddable":true,"href":"https:\/\/uj.adatbank.ro\/lexikon\/wp-json\/wp\/v2\/product_tag?post=12312"}],"curies":[{"name":"wp","href":"https:\/\/api.w.org\/{rel}","templated":true}]}}