{"id":12313,"date":"2025-06-29T14:22:39","date_gmt":"2025-06-29T12:22:39","guid":{"rendered":"https:\/\/uj.adatbank.ro\/lexikon\/termek\/kocsis-janos-3\/"},"modified":"2025-06-29T14:22:39","modified_gmt":"2025-06-29T12:22:39","slug":"kocsis-janos-3","status":"publish","type":"product","link":"https:\/\/uj.adatbank.ro\/lexikon\/termek\/kocsis-janos-3\/","title":{"rendered":"KOCSIS J\u00e1nos"},"content":{"rendered":"<p>Mez\u0151z\u00e1h, 1932., \u2020 2005 : mes\u00e9l\u0151. \u2013 A sz\u00fclei Detrehemtelepre k\u00f6lt\u00f6ztek, gazd\u00e1lkoztak, munk\u00e1ra, vall\u00e1sra a sz\u00fclei tan\u00edtott\u00e1k. F\u00f6ldet m\u0171velt, \u00e1llatokkal foglalkozott. Katonas\u00e1g el\u0151tt Aranyosgy\u00e9resen malomban dolgozott, a katonas\u00e1g ut\u00e1n a Sodronyipari M\u0171vekben. Nagy mes\u00e9l\u0151 volt. A nyelvre, a szavakra, a fordulatokra, a sz\u00f6vegekre gondosan vigy\u00e1zott. <br \/><strong>Irod.:<\/strong> Keszeg Vilmos: Nekrol\u00f3gok (Sz\u00e9kelyf\u00f6ld, 7. sz., 2006)<\/br><\/p>\n","protected":false},"excerpt":{"rendered":"<p>Mez\u0151z\u00e1h, 1932., \u2020 2005 : mes\u00e9l\u0151. \u2013 A sz\u00fclei Detrehemtelepre k\u00f6lt\u00f6ztek, gazd\u00e1lkoztak, munk\u00e1ra, vall\u00e1sra a sz\u00fclei tan\u00edtott\u00e1k. F\u00f6ldet m\u0171velt, \u00e1llatokkal foglalkozott. Katonas\u00e1g el\u0151tt Aranyosgy\u00e9resen malomban dolgozott, a katonas\u00e1g ut\u00e1n a Sodronyipari M\u0171vekben. Nagy mes\u00e9l\u0151 volt. A nyelvre, a szavakra, a fordulatokra, a sz\u00f6vegekre gondosan vigy\u00e1zott. Irod.: Keszeg Vilmos: Nekrol\u00f3gok (Sz\u00e9kelyf\u00f6ld, 7. sz., 2006)<\/p>\n","protected":false},"featured_media":0,"comment_status":"open","ping_status":"closed","template":"","meta":[],"product_brand":[],"product_cat":[137],"product_tag":[],"class_list":{"0":"post-12313","1":"product","2":"type-product","3":"status-publish","5":"product_cat-maros-megyei-eletrajzi-lexikon","7":"first","8":"instock","9":"shipping-taxable","10":"product-type-simple"},"_links":{"self":[{"href":"https:\/\/uj.adatbank.ro\/lexikon\/wp-json\/wp\/v2\/product\/12313","targetHints":{"allow":["GET"]}}],"collection":[{"href":"https:\/\/uj.adatbank.ro\/lexikon\/wp-json\/wp\/v2\/product"}],"about":[{"href":"https:\/\/uj.adatbank.ro\/lexikon\/wp-json\/wp\/v2\/types\/product"}],"replies":[{"embeddable":true,"href":"https:\/\/uj.adatbank.ro\/lexikon\/wp-json\/wp\/v2\/comments?post=12313"}],"wp:attachment":[{"href":"https:\/\/uj.adatbank.ro\/lexikon\/wp-json\/wp\/v2\/media?parent=12313"}],"wp:term":[{"taxonomy":"product_brand","embeddable":true,"href":"https:\/\/uj.adatbank.ro\/lexikon\/wp-json\/wp\/v2\/product_brand?post=12313"},{"taxonomy":"product_cat","embeddable":true,"href":"https:\/\/uj.adatbank.ro\/lexikon\/wp-json\/wp\/v2\/product_cat?post=12313"},{"taxonomy":"product_tag","embeddable":true,"href":"https:\/\/uj.adatbank.ro\/lexikon\/wp-json\/wp\/v2\/product_tag?post=12313"}],"curies":[{"name":"wp","href":"https:\/\/api.w.org\/{rel}","templated":true}]}}