{"id":12314,"date":"2025-06-29T14:22:40","date_gmt":"2025-06-29T12:22:40","guid":{"rendered":"https:\/\/uj.adatbank.ro\/lexikon\/termek\/kocsis-janos-4\/"},"modified":"2025-06-29T14:22:40","modified_gmt":"2025-06-29T12:22:40","slug":"kocsis-janos-4","status":"publish","type":"product","link":"https:\/\/uj.adatbank.ro\/lexikon\/termek\/kocsis-janos-4\/","title":{"rendered":"KOCSIS J\u00e1nos"},"content":{"rendered":"<p>Magyar\u00f3zd, 1934., \u2020 2006: orvos. \u2013 A MOGYI gyermekgy\u00f3gy\u00e1sz kar\u00e1nak hallgat\u00f3ja, a katonas\u00e1ga ut\u00e1n iratkozott be. Sz\u00e1szr\u00e9genbe kezdte hivat\u00e1s\u00e1t (1961), majd iskolai gyermekgy\u00f3gy\u00e1sz szakorvos Dics\u0151szentm\u00e1rtonban nyugd\u00edjaz\u00e1s\u00e1ig. Egyed\u00fcl nevelte fiait a feles\u00e9ge elhunyta ut\u00e1n. <br \/><strong>Irod.:<\/strong> B\u00e9rczes Judit<\/br><\/p>\n","protected":false},"excerpt":{"rendered":"<p>Magyar\u00f3zd, 1934., \u2020 2006: orvos. \u2013 A MOGYI gyermekgy\u00f3gy\u00e1sz kar\u00e1nak hallgat\u00f3ja, a katonas\u00e1ga ut\u00e1n iratkozott be. Sz\u00e1szr\u00e9genbe kezdte hivat\u00e1s\u00e1t (1961), majd iskolai gyermekgy\u00f3gy\u00e1sz szakorvos Dics\u0151szentm\u00e1rtonban nyugd\u00edjaz\u00e1s\u00e1ig. Egyed\u00fcl nevelte fiait a feles\u00e9ge elhunyta ut\u00e1n. Irod.: B\u00e9rczes Judit<\/p>\n","protected":false},"featured_media":0,"comment_status":"open","ping_status":"closed","template":"","meta":[],"product_brand":[],"product_cat":[137],"product_tag":[],"class_list":{"0":"post-12314","1":"product","2":"type-product","3":"status-publish","5":"product_cat-maros-megyei-eletrajzi-lexikon","7":"first","8":"instock","9":"shipping-taxable","10":"product-type-simple"},"_links":{"self":[{"href":"https:\/\/uj.adatbank.ro\/lexikon\/wp-json\/wp\/v2\/product\/12314","targetHints":{"allow":["GET"]}}],"collection":[{"href":"https:\/\/uj.adatbank.ro\/lexikon\/wp-json\/wp\/v2\/product"}],"about":[{"href":"https:\/\/uj.adatbank.ro\/lexikon\/wp-json\/wp\/v2\/types\/product"}],"replies":[{"embeddable":true,"href":"https:\/\/uj.adatbank.ro\/lexikon\/wp-json\/wp\/v2\/comments?post=12314"}],"wp:attachment":[{"href":"https:\/\/uj.adatbank.ro\/lexikon\/wp-json\/wp\/v2\/media?parent=12314"}],"wp:term":[{"taxonomy":"product_brand","embeddable":true,"href":"https:\/\/uj.adatbank.ro\/lexikon\/wp-json\/wp\/v2\/product_brand?post=12314"},{"taxonomy":"product_cat","embeddable":true,"href":"https:\/\/uj.adatbank.ro\/lexikon\/wp-json\/wp\/v2\/product_cat?post=12314"},{"taxonomy":"product_tag","embeddable":true,"href":"https:\/\/uj.adatbank.ro\/lexikon\/wp-json\/wp\/v2\/product_tag?post=12314"}],"curies":[{"name":"wp","href":"https:\/\/api.w.org\/{rel}","templated":true}]}}