{"id":12315,"date":"2025-06-29T14:22:41","date_gmt":"2025-06-29T12:22:41","guid":{"rendered":"https:\/\/uj.adatbank.ro\/lexikon\/termek\/kocsis-jozsef\/"},"modified":"2025-06-29T14:22:41","modified_gmt":"2025-06-29T12:22:41","slug":"kocsis-jozsef","status":"publish","type":"product","link":"https:\/\/uj.adatbank.ro\/lexikon\/termek\/kocsis-jozsef\/","title":{"rendered":"KOCSIS J\u00f3zsef"},"content":{"rendered":"<p>Magyar\u00f3, 1884, \u2020 Magyar\u00f3, 1944.: szakaszvezet\u0151. A m. kir. 22. honv\u00e9d gyalogezred. <strong>Kit\u00fcntet\u00e9sei:<\/strong> O1, O2, OB, Kcsk, Seb\u00c9, MHE\u00c9, BHE\u00c9, Bajor \u00c9K, TiroliHE\u00c9. Vit\u00e9z\u00e9 avat\u00e1sa 1941. dec. 16. <br \/><strong>Irod.:<\/strong> Berekm\u00e9ri\u2013Nemes<\/br><\/p>\n","protected":false},"excerpt":{"rendered":"<p>Magyar\u00f3, 1884, \u2020 Magyar\u00f3, 1944.: szakaszvezet\u0151. A m. kir. 22. honv\u00e9d gyalogezred. Kit\u00fcntet\u00e9sei: O1, O2, OB, Kcsk, Seb\u00c9, MHE\u00c9, BHE\u00c9, Bajor \u00c9K, TiroliHE\u00c9. Vit\u00e9z\u00e9 avat\u00e1sa 1941. dec. 16. Irod.: Berekm\u00e9ri\u2013Nemes<\/p>\n","protected":false},"featured_media":0,"comment_status":"open","ping_status":"closed","template":"","meta":[],"product_brand":[],"product_cat":[137],"product_tag":[],"class_list":{"0":"post-12315","1":"product","2":"type-product","3":"status-publish","5":"product_cat-maros-megyei-eletrajzi-lexikon","7":"first","8":"instock","9":"shipping-taxable","10":"product-type-simple"},"_links":{"self":[{"href":"https:\/\/uj.adatbank.ro\/lexikon\/wp-json\/wp\/v2\/product\/12315","targetHints":{"allow":["GET"]}}],"collection":[{"href":"https:\/\/uj.adatbank.ro\/lexikon\/wp-json\/wp\/v2\/product"}],"about":[{"href":"https:\/\/uj.adatbank.ro\/lexikon\/wp-json\/wp\/v2\/types\/product"}],"replies":[{"embeddable":true,"href":"https:\/\/uj.adatbank.ro\/lexikon\/wp-json\/wp\/v2\/comments?post=12315"}],"wp:attachment":[{"href":"https:\/\/uj.adatbank.ro\/lexikon\/wp-json\/wp\/v2\/media?parent=12315"}],"wp:term":[{"taxonomy":"product_brand","embeddable":true,"href":"https:\/\/uj.adatbank.ro\/lexikon\/wp-json\/wp\/v2\/product_brand?post=12315"},{"taxonomy":"product_cat","embeddable":true,"href":"https:\/\/uj.adatbank.ro\/lexikon\/wp-json\/wp\/v2\/product_cat?post=12315"},{"taxonomy":"product_tag","embeddable":true,"href":"https:\/\/uj.adatbank.ro\/lexikon\/wp-json\/wp\/v2\/product_tag?post=12315"}],"curies":[{"name":"wp","href":"https:\/\/api.w.org\/{rel}","templated":true}]}}