{"id":12316,"date":"2025-06-29T14:22:43","date_gmt":"2025-06-29T12:22:43","guid":{"rendered":"https:\/\/uj.adatbank.ro\/lexikon\/termek\/kocsis-jozsef-2\/"},"modified":"2025-06-29T14:22:43","modified_gmt":"2025-06-29T12:22:43","slug":"kocsis-jozsef-2","status":"publish","type":"product","link":"https:\/\/uj.adatbank.ro\/lexikon\/termek\/kocsis-jozsef-2\/","title":{"rendered":"KOCSIS J\u00f3zsef"},"content":{"rendered":"<p>Ny\u00e1r\u00e1dszentm\u00e1rton, 1882. m\u00e1rc. 6., \u2020 szovjet hadifogs\u00e1g, 1954.: tartal\u00e9kos szakaszvezet\u0151. \u2013 <strong>Kit\u00fcntet\u00e9sei:<\/strong> O1, OB, Kcsk, Vit\u00e9z\u00e9 avat\u00e1sa: 1942. m\u00e1rc. 1. <br \/><strong>Irod.:<\/strong> Berekm\u00e9ri\u2013Nemes<\/br><\/p>\n","protected":false},"excerpt":{"rendered":"<p>Ny\u00e1r\u00e1dszentm\u00e1rton, 1882. m\u00e1rc. 6., \u2020 szovjet hadifogs\u00e1g, 1954.: tartal\u00e9kos szakaszvezet\u0151. \u2013 Kit\u00fcntet\u00e9sei: O1, OB, Kcsk, Vit\u00e9z\u00e9 avat\u00e1sa: 1942. m\u00e1rc. 1. Irod.: Berekm\u00e9ri\u2013Nemes<\/p>\n","protected":false},"featured_media":0,"comment_status":"open","ping_status":"closed","template":"","meta":[],"product_brand":[],"product_cat":[137],"product_tag":[],"class_list":{"0":"post-12316","1":"product","2":"type-product","3":"status-publish","5":"product_cat-maros-megyei-eletrajzi-lexikon","7":"first","8":"instock","9":"shipping-taxable","10":"product-type-simple"},"_links":{"self":[{"href":"https:\/\/uj.adatbank.ro\/lexikon\/wp-json\/wp\/v2\/product\/12316","targetHints":{"allow":["GET"]}}],"collection":[{"href":"https:\/\/uj.adatbank.ro\/lexikon\/wp-json\/wp\/v2\/product"}],"about":[{"href":"https:\/\/uj.adatbank.ro\/lexikon\/wp-json\/wp\/v2\/types\/product"}],"replies":[{"embeddable":true,"href":"https:\/\/uj.adatbank.ro\/lexikon\/wp-json\/wp\/v2\/comments?post=12316"}],"wp:attachment":[{"href":"https:\/\/uj.adatbank.ro\/lexikon\/wp-json\/wp\/v2\/media?parent=12316"}],"wp:term":[{"taxonomy":"product_brand","embeddable":true,"href":"https:\/\/uj.adatbank.ro\/lexikon\/wp-json\/wp\/v2\/product_brand?post=12316"},{"taxonomy":"product_cat","embeddable":true,"href":"https:\/\/uj.adatbank.ro\/lexikon\/wp-json\/wp\/v2\/product_cat?post=12316"},{"taxonomy":"product_tag","embeddable":true,"href":"https:\/\/uj.adatbank.ro\/lexikon\/wp-json\/wp\/v2\/product_tag?post=12316"}],"curies":[{"name":"wp","href":"https:\/\/api.w.org\/{rel}","templated":true}]}}