{"id":12317,"date":"2025-06-29T14:22:45","date_gmt":"2025-06-29T12:22:45","guid":{"rendered":"https:\/\/uj.adatbank.ro\/lexikon\/termek\/kocsis-lajos\/"},"modified":"2025-06-29T14:22:45","modified_gmt":"2025-06-29T12:22:45","slug":"kocsis-lajos","status":"publish","type":"product","link":"https:\/\/uj.adatbank.ro\/lexikon\/termek\/kocsis-lajos\/","title":{"rendered":"KOCSIS Lajos"},"content":{"rendered":"<p>Radn\u00f3tf\u00e1ja, 1913., \u2020 ? : ref. tan\u00edt\u00f3, igazgat\u00f3. \u2013 Tanulm\u00e1nyait Sz\u00e1szr\u00e9genben \u00e9s Nagyenyeden v\u00e9gezte, oklevele megszerz\u00e9se ut\u00e1n Nagyerny\u00e9n tan\u00edtott, igazgat\u00f3 volt. A k\u00f6zs\u00e9g t\u00e1rsadalmi \u00e9s kultur\u00e1lis egyes\u00fcleteiben tev\u00e9kenyen r\u00e9szt vett. <br \/><strong>Irod.:<\/strong> Sz\u00e9kelyf\u00f6ld \u00ed. k.<\/br><\/p>\n","protected":false},"excerpt":{"rendered":"<p>Radn\u00f3tf\u00e1ja, 1913., \u2020 ? : ref. tan\u00edt\u00f3, igazgat\u00f3. \u2013 Tanulm\u00e1nyait Sz\u00e1szr\u00e9genben \u00e9s Nagyenyeden v\u00e9gezte, oklevele megszerz\u00e9se ut\u00e1n Nagyerny\u00e9n tan\u00edtott, igazgat\u00f3 volt. A k\u00f6zs\u00e9g t\u00e1rsadalmi \u00e9s kultur\u00e1lis egyes\u00fcleteiben tev\u00e9kenyen r\u00e9szt vett. Irod.: Sz\u00e9kelyf\u00f6ld \u00ed. k.<\/p>\n","protected":false},"featured_media":0,"comment_status":"open","ping_status":"closed","template":"","meta":[],"product_brand":[],"product_cat":[137],"product_tag":[],"class_list":{"0":"post-12317","1":"product","2":"type-product","3":"status-publish","5":"product_cat-maros-megyei-eletrajzi-lexikon","7":"first","8":"instock","9":"shipping-taxable","10":"product-type-simple"},"_links":{"self":[{"href":"https:\/\/uj.adatbank.ro\/lexikon\/wp-json\/wp\/v2\/product\/12317","targetHints":{"allow":["GET"]}}],"collection":[{"href":"https:\/\/uj.adatbank.ro\/lexikon\/wp-json\/wp\/v2\/product"}],"about":[{"href":"https:\/\/uj.adatbank.ro\/lexikon\/wp-json\/wp\/v2\/types\/product"}],"replies":[{"embeddable":true,"href":"https:\/\/uj.adatbank.ro\/lexikon\/wp-json\/wp\/v2\/comments?post=12317"}],"wp:attachment":[{"href":"https:\/\/uj.adatbank.ro\/lexikon\/wp-json\/wp\/v2\/media?parent=12317"}],"wp:term":[{"taxonomy":"product_brand","embeddable":true,"href":"https:\/\/uj.adatbank.ro\/lexikon\/wp-json\/wp\/v2\/product_brand?post=12317"},{"taxonomy":"product_cat","embeddable":true,"href":"https:\/\/uj.adatbank.ro\/lexikon\/wp-json\/wp\/v2\/product_cat?post=12317"},{"taxonomy":"product_tag","embeddable":true,"href":"https:\/\/uj.adatbank.ro\/lexikon\/wp-json\/wp\/v2\/product_tag?post=12317"}],"curies":[{"name":"wp","href":"https:\/\/api.w.org\/{rel}","templated":true}]}}