{"id":12318,"date":"2025-06-29T14:22:49","date_gmt":"2025-06-29T12:22:49","guid":{"rendered":"https:\/\/uj.adatbank.ro\/lexikon\/termek\/kocsis-lajos-2\/"},"modified":"2025-06-29T14:22:49","modified_gmt":"2025-06-29T12:22:49","slug":"kocsis-lajos-2","status":"publish","type":"product","link":"https:\/\/uj.adatbank.ro\/lexikon\/termek\/kocsis-lajos-2\/","title":{"rendered":"KOCSIS Lajos"},"content":{"rendered":"<p>Jobb\u00e1gyfalva, 1924. dec. 18., \u2020 Sepsiszentgy\u00f6rgy, 2006. dec. 16.?: fogorvos. \u2013 Feles\u00e9ge: Garai Edit, fog\u00e1szati asszisztens, esk. 1957. Gyermekeik: Edit, m\u00e9rn\u00f6k-tan\u00e1r, L\u00e1szl\u00f3 tan\u00e1r. \u2013 Jobb\u00e1gytelk\u00e9n kezdte az iskolai talum\u00e1nyait, Sz\u00e9kelykereszt\u00faron a F\u0151gimn.-ban folytatta \u00e9s \u00e9retts\u00e9gi el\u0151tt m\u00e1r katona lett (1942\u2013), N\u00e9meto.-ban amerikai fogs\u00e1gba esett, sebes\u00fcl\u00e9se ut\u00e1n hazaker\u00fclt. \u00d6sszevont vizsg\u00e1k ut\u00e1n \u00e9retts\u00e9gizett (1945). A kv.-i Bolyai TE Orvosi Kar\u00e1ra iratkozott be, az egyetemet Mv. -re helyezt\u00e9k, az els\u0151 di\u00e1kok egyike, itt v\u00e9gzett (1951). A r\u00e9tyi eg\u00e9szs\u00e9g\u00fcgyi k\u00f6rzetben kezdte tev\u00e9kenys\u00e9g\u00e9t k\u00f6rorvosk\u00e9nt (1951\u201353), Gyergy\u00f3szentmikl\u00f3son eg\u00e9szs\u00e9g\u00fcgyi laborat\u00f3riumot hozott l\u00e9tre, a v\u00e1ros \u00e9lelmiszerpiac\u00e1nak ellen\u0151rz\u00e9s\u00e9t biztos\u00edtotta (1953\u201358). Mv.-en egy\u00e9ves fog\u00e1szati tanfolyamon fogorvoss\u00e1 k\u00e9pezt\u00e9k (1958\u201359). Sepsiszentgy\u00f6rgy\u00f6n poliklinikai fogorvos (1959. 61), szakvizsga ut\u00e1n a Textil Gy\u00e1r szakorvosa (1961\u201369), fog\u00e1szati szakorvos a poliklinik\u00e1n nyugd\u00edjaz\u00e1s\u00e1ig (1990\u201392), a buk.-i Hyperion Egyetem Sepsiszentgy\u00f6rgyi kihelyezett fogtechnikai szak\u00e1n tan\u00edtott. Konferenci\u00e1k r\u00e9sztvev\u0151je \u00e9s el\u0151ad\u00f3ja.<\/br><\/p>\n","protected":false},"excerpt":{"rendered":"<p>Jobb\u00e1gyfalva, 1924. dec. 18., \u2020 Sepsiszentgy\u00f6rgy, 2006. dec. 16.?: fogorvos. \u2013 Feles\u00e9ge: Garai Edit, fog\u00e1szati asszisztens, esk. 1957. Gyermekeik: Edit, m\u00e9rn\u00f6k-tan\u00e1r, L\u00e1szl\u00f3 tan\u00e1r. \u2013 Jobb\u00e1gytelk\u00e9n kezdte az iskolai talum\u00e1nyait, Sz\u00e9kelykereszt\u00faron a F\u0151gimn.-ban folytatta \u00e9s \u00e9retts\u00e9gi el\u0151tt m\u00e1r katona lett (1942\u2013), N\u00e9meto.-ban amerikai fogs\u00e1gba esett, sebes\u00fcl\u00e9se ut\u00e1n hazaker\u00fclt. \u00d6sszevont vizsg\u00e1k ut\u00e1n \u00e9retts\u00e9gizett (1945). A kv.-i Bolyai [&hellip;]<\/p>\n","protected":false},"featured_media":0,"comment_status":"open","ping_status":"closed","template":"","meta":[],"product_brand":[],"product_cat":[137],"product_tag":[],"class_list":{"0":"post-12318","1":"product","2":"type-product","3":"status-publish","5":"product_cat-maros-megyei-eletrajzi-lexikon","7":"first","8":"instock","9":"shipping-taxable","10":"product-type-simple"},"_links":{"self":[{"href":"https:\/\/uj.adatbank.ro\/lexikon\/wp-json\/wp\/v2\/product\/12318","targetHints":{"allow":["GET"]}}],"collection":[{"href":"https:\/\/uj.adatbank.ro\/lexikon\/wp-json\/wp\/v2\/product"}],"about":[{"href":"https:\/\/uj.adatbank.ro\/lexikon\/wp-json\/wp\/v2\/types\/product"}],"replies":[{"embeddable":true,"href":"https:\/\/uj.adatbank.ro\/lexikon\/wp-json\/wp\/v2\/comments?post=12318"}],"wp:attachment":[{"href":"https:\/\/uj.adatbank.ro\/lexikon\/wp-json\/wp\/v2\/media?parent=12318"}],"wp:term":[{"taxonomy":"product_brand","embeddable":true,"href":"https:\/\/uj.adatbank.ro\/lexikon\/wp-json\/wp\/v2\/product_brand?post=12318"},{"taxonomy":"product_cat","embeddable":true,"href":"https:\/\/uj.adatbank.ro\/lexikon\/wp-json\/wp\/v2\/product_cat?post=12318"},{"taxonomy":"product_tag","embeddable":true,"href":"https:\/\/uj.adatbank.ro\/lexikon\/wp-json\/wp\/v2\/product_tag?post=12318"}],"curies":[{"name":"wp","href":"https:\/\/api.w.org\/{rel}","templated":true}]}}