{"id":12320,"date":"2025-06-29T14:22:52","date_gmt":"2025-06-29T12:22:52","guid":{"rendered":"https:\/\/uj.adatbank.ro\/lexikon\/termek\/kocsis-samuel\/"},"modified":"2025-06-29T14:22:52","modified_gmt":"2025-06-29T12:22:52","slug":"kocsis-samuel","status":"publish","type":"product","link":"https:\/\/uj.adatbank.ro\/lexikon\/termek\/kocsis-samuel\/","title":{"rendered":"KOCSIS S\u00e1muel"},"content":{"rendered":"<p>Disznaj\u00f3, 1911. aug. 4., \u2020 ? : ref. lelk\u00e9sz. \u2013 \u00c9retts\u00e9gizett Mv.-en a Ref. Koll.-ban (1930), majd Kv.-on lelk\u00e9szi oklevelet szerzett az Erd\u00e9lyi Egyh\u00e1zker\u00fclet Teol\u00f3giai Kar\u00e1n (1934). Lelk\u00e9sz volt Hossz\u00famez\u0151n, Als\u00f3csern\u00e1tonban \u00e9s a Cs\u00edkmegyei szorv\u00e1nyban, Maks\u00e1n, Szacsv\u00e1n, Maks\u00e1n (1934\u20131982). Minden kultur\u00e1lis, szoci\u00e1lis \u00e9s hazafias egyes\u00fclet vezet\u00e9s\u00e9ben vezet\u0151 szerepet j\u00e1tszott. Cikkei : Harangsz\u00f3, Ki\u00e1lt\u00f3 Sz\u00f3, Magyar N\u00e9p, P\u00e1sztor \u00e9s Ny\u00e1j, Reform\u00e1tus Szemle-ben. <br \/><strong>Irod.:<\/strong> KKACs<\/br><\/p>\n","protected":false},"excerpt":{"rendered":"<p>Disznaj\u00f3, 1911. aug. 4., \u2020 ? : ref. lelk\u00e9sz. \u2013 \u00c9retts\u00e9gizett Mv.-en a Ref. Koll.-ban (1930), majd Kv.-on lelk\u00e9szi oklevelet szerzett az Erd\u00e9lyi Egyh\u00e1zker\u00fclet Teol\u00f3giai Kar\u00e1n (1934). Lelk\u00e9sz volt Hossz\u00famez\u0151n, Als\u00f3csern\u00e1tonban \u00e9s a Cs\u00edkmegyei szorv\u00e1nyban, Maks\u00e1n, Szacsv\u00e1n, Maks\u00e1n (1934\u20131982). Minden kultur\u00e1lis, szoci\u00e1lis \u00e9s hazafias egyes\u00fclet vezet\u00e9s\u00e9ben vezet\u0151 szerepet j\u00e1tszott. Cikkei : Harangsz\u00f3, Ki\u00e1lt\u00f3 Sz\u00f3, Magyar [&hellip;]<\/p>\n","protected":false},"featured_media":0,"comment_status":"open","ping_status":"closed","template":"","meta":[],"product_brand":[],"product_cat":[137],"product_tag":[],"class_list":{"0":"post-12320","1":"product","2":"type-product","3":"status-publish","5":"product_cat-maros-megyei-eletrajzi-lexikon","7":"first","8":"instock","9":"shipping-taxable","10":"product-type-simple"},"_links":{"self":[{"href":"https:\/\/uj.adatbank.ro\/lexikon\/wp-json\/wp\/v2\/product\/12320","targetHints":{"allow":["GET"]}}],"collection":[{"href":"https:\/\/uj.adatbank.ro\/lexikon\/wp-json\/wp\/v2\/product"}],"about":[{"href":"https:\/\/uj.adatbank.ro\/lexikon\/wp-json\/wp\/v2\/types\/product"}],"replies":[{"embeddable":true,"href":"https:\/\/uj.adatbank.ro\/lexikon\/wp-json\/wp\/v2\/comments?post=12320"}],"wp:attachment":[{"href":"https:\/\/uj.adatbank.ro\/lexikon\/wp-json\/wp\/v2\/media?parent=12320"}],"wp:term":[{"taxonomy":"product_brand","embeddable":true,"href":"https:\/\/uj.adatbank.ro\/lexikon\/wp-json\/wp\/v2\/product_brand?post=12320"},{"taxonomy":"product_cat","embeddable":true,"href":"https:\/\/uj.adatbank.ro\/lexikon\/wp-json\/wp\/v2\/product_cat?post=12320"},{"taxonomy":"product_tag","embeddable":true,"href":"https:\/\/uj.adatbank.ro\/lexikon\/wp-json\/wp\/v2\/product_tag?post=12320"}],"curies":[{"name":"wp","href":"https:\/\/api.w.org\/{rel}","templated":true}]}}