{"id":12322,"date":"2025-06-29T14:22:55","date_gmt":"2025-06-29T12:22:55","guid":{"rendered":"https:\/\/uj.adatbank.ro\/lexikon\/termek\/kocsis-koronkai-csalad\/"},"modified":"2025-06-29T14:22:55","modified_gmt":"2025-06-29T12:22:55","slug":"kocsis-koronkai-csalad","status":"publish","type":"product","link":"https:\/\/uj.adatbank.ro\/lexikon\/termek\/kocsis-koronkai-csalad\/","title":{"rendered":"KOCSIS, koronkai csal\u00e1d"},"content":{"rendered":"<p>K. Gy\u00f6rgy, Mih\u00e1ly \u00e9s Mikl\u00f3s (1703. jul. 20.) nemess\u00e9g\u00fck meger\u0151s\u00edt\u00e9s\u00e9ben r\u00e9szes\u00fcltek. K. S\u00e1ndor sz\u00e1mvev\u0151, Elek tizedb\u00e9rt\u00e1rnok, J\u00f3zsef aljegyz\u0151 volt Fels\u0151fej\u00e9rv\u00e1rmegy\u00e9ben.; S\u00e1muel (1793), M\u00e1rton (1839) Tord\u00e1n \u00edrt\u00e1k al\u00e1 a kir. hom\u00e1giumot <br \/><strong>Irod.:<\/strong> Kempelen; K\u00f6vendi Weress S\u00e1ndor: Torda \u0151scsal\u00e1dai (Kv., 1891); Nagy Iv\u00e1n; P\u00e1lmay<\/br><\/p>\n","protected":false},"excerpt":{"rendered":"<p>K. Gy\u00f6rgy, Mih\u00e1ly \u00e9s Mikl\u00f3s (1703. jul. 20.) nemess\u00e9g\u00fck meger\u0151s\u00edt\u00e9s\u00e9ben r\u00e9szes\u00fcltek. K. S\u00e1ndor sz\u00e1mvev\u0151, Elek tizedb\u00e9rt\u00e1rnok, J\u00f3zsef aljegyz\u0151 volt Fels\u0151fej\u00e9rv\u00e1rmegy\u00e9ben.; S\u00e1muel (1793), M\u00e1rton (1839) Tord\u00e1n \u00edrt\u00e1k al\u00e1 a kir. hom\u00e1giumot Irod.: Kempelen; K\u00f6vendi Weress S\u00e1ndor: Torda \u0151scsal\u00e1dai (Kv., 1891); Nagy Iv\u00e1n; P\u00e1lmay<\/p>\n","protected":false},"featured_media":0,"comment_status":"open","ping_status":"closed","template":"","meta":[],"product_brand":[],"product_cat":[137],"product_tag":[],"class_list":{"0":"post-12322","1":"product","2":"type-product","3":"status-publish","5":"product_cat-maros-megyei-eletrajzi-lexikon","7":"first","8":"instock","9":"shipping-taxable","10":"product-type-simple"},"_links":{"self":[{"href":"https:\/\/uj.adatbank.ro\/lexikon\/wp-json\/wp\/v2\/product\/12322","targetHints":{"allow":["GET"]}}],"collection":[{"href":"https:\/\/uj.adatbank.ro\/lexikon\/wp-json\/wp\/v2\/product"}],"about":[{"href":"https:\/\/uj.adatbank.ro\/lexikon\/wp-json\/wp\/v2\/types\/product"}],"replies":[{"embeddable":true,"href":"https:\/\/uj.adatbank.ro\/lexikon\/wp-json\/wp\/v2\/comments?post=12322"}],"wp:attachment":[{"href":"https:\/\/uj.adatbank.ro\/lexikon\/wp-json\/wp\/v2\/media?parent=12322"}],"wp:term":[{"taxonomy":"product_brand","embeddable":true,"href":"https:\/\/uj.adatbank.ro\/lexikon\/wp-json\/wp\/v2\/product_brand?post=12322"},{"taxonomy":"product_cat","embeddable":true,"href":"https:\/\/uj.adatbank.ro\/lexikon\/wp-json\/wp\/v2\/product_cat?post=12322"},{"taxonomy":"product_tag","embeddable":true,"href":"https:\/\/uj.adatbank.ro\/lexikon\/wp-json\/wp\/v2\/product_tag?post=12322"}],"curies":[{"name":"wp","href":"https:\/\/api.w.org\/{rel}","templated":true}]}}