{"id":12323,"date":"2025-06-29T14:22:57","date_gmt":"2025-06-29T12:22:57","guid":{"rendered":"https:\/\/uj.adatbank.ro\/lexikon\/termek\/kocziany-laszlo-%c2%a7\/"},"modified":"2025-06-29T14:22:57","modified_gmt":"2025-06-29T12:22:57","slug":"kocziany-laszlo-%c2%a7","status":"publish","type":"product","link":"https:\/\/uj.adatbank.ro\/lexikon\/termek\/kocziany-laszlo-%c2%a7\/","title":{"rendered":"K\u00d3CZI\u00c1NY L\u00e1szl\u00f3, \u00a7"},"content":{"rendered":"<p>Medgyes, 1920. nov. 10., \u2020 Mv., 1977. jan. 31.: irodalomt\u00f6rt\u00e9n\u00e9sz. \u2013 K\u00f6z\u00e9piskolai tanulm\u00e1nyait Bp.-en, az egyetemet Pannonhalm\u00e1n \u00e9s Kv.-on v\u00e9gezte (1944\u201348). Tan\u00e1r Cs\u00edksomly\u00f3n, Medgyesen, Sz\u00e9kelykereszt\u00faron; szerkeszt\u0151 az \u00c1llami Irodalmi \u00e9s M\u0171v\u00e9szeti Kiad\u00f3 mv.-i r\u00e9szleg\u00e9n\u00e9l (1955\u2013); a Rom\u00e1n Akad\u00e1mia mv.-i fi\u00f3kj\u00e1n\u00e1nak, a T\u00e1rsadalomtudom\u00e1myi Kutat\u00f3 K\u00f6zpontj\u00e1nak oszt\u00e1lyvezet\u0151je, tudom\u00e1nyos kutat\u00f3ja (1957\u2013), ugyanakkor latin-magyar szakos tan\u00e1r a mv.-i Pedag\u00f3giai F\u0151iskol\u00e1n. Tud\u00f3s irodalm\u00e1r, m\u0171vel\u0151d\u00e9st\u00f6rt\u00e9n\u00e9sz, irodalomkritikus, folklorista \u00e9s eszt\u00e9ta volt. Irodalmi tev\u00e9kenys\u00e9g\u00e9t 1945-ben egy Farag\u00f3 J\u00f3zseffel \u00e9s L\u00e9tay Lajossal k\u00f6z\u00f6sen szerkesztett magyar irodalmi olvas\u00f3k\u00f6nyvvel kezdte. Tank\u00f6nyveket \u00edrt k\u00f6z\u00e9p- \u00e9s fels\u0151iskol\u00e1soknak. Adatk\u00f6zl\u00e9sei, jegyzetei, ismertet\u0151 cikkei : Igaz Sz\u00f3, Korunk, El\u0151re, V\u00f6r\u00f6s Z\u00e1szl\u00f3, M\u0171vel\u0151d\u00e9s, Megyei T\u00fck\u00f6r, Utunk, NyIrK, Profiluri mure\u015fene, Adatok a felvil\u00e9gosod\u00e1s \u00e9s reformkor eszm\u00e9inek terjeszt\u00e9s\u00e9hez Erd\u00e9lyben = M\u0171vel\u0151d\u00e9st\u00f6rt\u00e9neti tanulm\u00e1nyok (1980). A NyIrK-ben k\u00f6z\u00f6lt tanulm\u00e1nyai k\u00f6z\u00fcl kiemelkedett a XVIII. sz\u00e1zad v\u00e9gi kv.-i unit\u00e1rius iskolai (1957\/1) \u00e9s az 1740-es \u00e9vekbeli mv.-i (1967\/1) sz\u00ednj\u00e1tsz\u00e1sr\u00f3l sz\u00f3l\u00f3 \u00edr\u00e1sa. Szerepet v\u00e1llalt a magyar irodalom jeles alkot\u00e1sainak rom\u00e1niai \u00fajrakiad\u00e1s\u00e1ban, amelyekhez ut\u00f3sz\u00f3t \u00edrt, gondozott, sajt\u00f3 al\u00e1 rendezett, el\u0151sz\u00f3val \u00e9s jegyzetekkel l\u00e1tott el. Adatk\u00f6zl\u00e9se a g\u00f6ttingai \u00e9s j\u00e9nai egyetemen tanult erd\u00e9lyi \u00e9rtelmis\u00e9giek hazai szerep\u00e9r\u0151l a felvil\u00e1gosod\u00e1s \u00e9s a reformkor eszm\u00e9inek terjeszt\u00e9s\u00e9ben (a M\u0171vel\u0151d\u00e9st\u00f6rt\u00e9neti Tanulm\u00e1nyok 1980-as k\u00f6t. -ben). Mv.-en bemutatt\u00e1k : T\u0171bef\u0171z\u00f6tt lakodalom c. b\u00e1bj\u00e1t\u00e9k\u00e1t (1965). \u2013 <strong>F. m.:<\/strong> Irodalmi sz\u00f6veggy\u0171jtem\u00e9ny a l\u00edceumok I. \u00e9vfolyama sz\u00e1m\u00e1ra (\u00f6ssze\u00e1ll.; Buk., 1975); Irodalmi sz\u00f6veggy\u0171jtem\u00e9ny a IX. oszt. Sz\u00e1m\u00e1ra (\u00f6ssze\u00e1ll.; Buk., 1979.); <strong>t\u00e1rssz.:<\/strong> Olvas\u00f3k\u00f6nyv. A k\u00f6z\u00e9piskol\u00e1k I. oszt. sz. (Farag\u00f3 J\u00f3zseffel \u00e9s L\u00e9tay Lajossal; Kv., 1945); Istoria teatrului din Rom\u00e2nia 1. k. (Buk, 1965); Profiluri mure\u015fene 1\u20132. (Tg. M., 1971, 1973); Irodalmi sz\u00f6veggy\u0171jtem\u00e9ny: kis\u00e9rleti tank\u00f6nyv az \u00e1ltal\u00e1nos iskol\u00e1k IX. o. sz\u00e1m\u00e1ra (G\u00e1m\u00e1n S\u00e1ndorral; Buc., 1971); Magyar irodalmi tank\u00f6nyv (Buk., 1972); Irodalmi sz\u00f6veg gy\u0171jtem\u00e9ny (G\u00e1m\u00e1n S\u00e1ndorral; Buc., 1974). Irodalmi sz\u00f6veggy\u0171jtem\u00e9ny a l\u00edceumok II. \u00e9ve sz\u00e1m\u00e1ra. (\u00f6ssze\u00e1ll. Antal \u00c1rp\u00e1ddal; Buk., 1975); Irodalmi sz\u00f6veggy\u0171jtem\u00e9ny a X. oszt. sz\u00e1m\u00e1ra (\u00f6ssze\u00e1ll. Antal \u00c1rp\u00e1ddal; Buk., 1978); Adatok a felvil\u00e1gosod\u00e1s \u00e9s a reformkor eszm\u00e9inek terjed\u00e9s\u00e9hez Erd\u00e9lyben =M\u0171vel\u0151d\u00e9st\u00f6rt\u00e9neti tanulm\u00e1nyok 1980. (Szerkesztette: Csetri Elek\u2026, Buk., 1980); <strong>szerk.:<\/strong> Magyar irodalmi olvas\u00f3k\u00f6nyv (Buk., 1945); \u0150szi harmat ut\u00e1n : XVIII sz. \u00e9nekesk\u00f6nyv (bev., jegyz.; Buk., 1956); M\u00f3ricz Zsigmond: Boldog ember (ut\u00f3sz\u00f3; Buk., 1957); Miksz\u00e1th: \u00daj Zrinyi\u00e1sz (ut\u00f3sz\u00f3; Buk., 1958); Borsos Tam\u00e1s: V\u00e1s\u00e1rhelyt\u0151l a F\u00e9nyes Port\u00e1ig (sajt\u00f3 al\u00e1 rend., bevezet\u0151, jegyz.; Buk., 1968, 1972), Irodalmi sz\u00f6veggy\u0171jtem\u00e9ny (Buc., 1969); Kov\u00e1sznai S\u00e1ndor: Az \u00e9sz igaz \u00fatj\u00e1n (bev., jegyz.; Buk., 1970); \u00c9g\u0151 l\u00e1ngban forog a sz\u00edvem: R\u00e9gi m. k\u00e9ziratos \u00e9nekesk\u00f6nyvekben fennmaradt vil\u00e1gi \u00e9nekek (Kv., 1972); Irodalmi sz\u00f6veggy\u0171jtem\u00e9ny a l\u00edc. I. \u00e9ve sz\u00e1m\u00e1r (Buc., 1973); Fuchs Simon: Munk\u00e1smozgalom a Maros v\u00f6lgy\u00e9ben. (el\u0151sz\u00f3; Buk., 1975); Apor P\u00e9ter: Metamorphosis Transilvaniae (el\u0151sz\u00f3, jegyz.; Buk., 1978); Irodalmi sz\u00f6veggy\u0171jtem\u00e9ny a IX. oszt. Sz\u00e1m\u00e1ra (Buc., 1979). <br \/><strong>Irod.:<\/strong> Ardelean-Suciu; D\u00e9zsi \u00d6d\u00f6n: K. L., a rom\u00e1n-m. kult\u00farkapcsolatok kutat\u00f3ja (V. Z., 1973. m\u00e1j. 13.); KM\u00cd; K\u00f6ll\u0151 K\u00e1roly : K. L. hal\u00e1l\u00e1ra (NyIrK (197861); Kusz\u00e1lik; M\u00e1ln\u00e1si; MIIB; P\u00e1l-Antal 2013; Pop Tofolean-F\u00fcl\u00f6p; Profiluri mure\u015fene (vol. 1\u20132); R\u00e9thy\u2013V\u00e1czy; RMIL; Todea 2013; Tonk S\u00e1ndor: B\u00facs\u00fa K. L. -t\u00f3l (Igaz Sz\u00f3, 1977. 2. sz.); Viharban<\/br><\/p>\n","protected":false},"excerpt":{"rendered":"<p>Medgyes, 1920. nov. 10., \u2020 Mv., 1977. jan. 31.: irodalomt\u00f6rt\u00e9n\u00e9sz. \u2013 K\u00f6z\u00e9piskolai tanulm\u00e1nyait Bp.-en, az egyetemet Pannonhalm\u00e1n \u00e9s Kv.-on v\u00e9gezte (1944\u201348). Tan\u00e1r Cs\u00edksomly\u00f3n, Medgyesen, Sz\u00e9kelykereszt\u00faron; szerkeszt\u0151 az \u00c1llami Irodalmi \u00e9s M\u0171v\u00e9szeti Kiad\u00f3 mv.-i r\u00e9szleg\u00e9n\u00e9l (1955\u2013); a Rom\u00e1n Akad\u00e1mia mv.-i fi\u00f3kj\u00e1n\u00e1nak, a T\u00e1rsadalomtudom\u00e1myi Kutat\u00f3 K\u00f6zpontj\u00e1nak oszt\u00e1lyvezet\u0151je, tudom\u00e1nyos kutat\u00f3ja (1957\u2013), ugyanakkor latin-magyar szakos tan\u00e1r a mv.-i Pedag\u00f3giai [&hellip;]<\/p>\n","protected":false},"featured_media":0,"comment_status":"open","ping_status":"closed","template":"","meta":[],"product_brand":[],"product_cat":[137],"product_tag":[],"class_list":{"0":"post-12323","1":"product","2":"type-product","3":"status-publish","5":"product_cat-maros-megyei-eletrajzi-lexikon","7":"first","8":"instock","9":"shipping-taxable","10":"product-type-simple"},"_links":{"self":[{"href":"https:\/\/uj.adatbank.ro\/lexikon\/wp-json\/wp\/v2\/product\/12323","targetHints":{"allow":["GET"]}}],"collection":[{"href":"https:\/\/uj.adatbank.ro\/lexikon\/wp-json\/wp\/v2\/product"}],"about":[{"href":"https:\/\/uj.adatbank.ro\/lexikon\/wp-json\/wp\/v2\/types\/product"}],"replies":[{"embeddable":true,"href":"https:\/\/uj.adatbank.ro\/lexikon\/wp-json\/wp\/v2\/comments?post=12323"}],"wp:attachment":[{"href":"https:\/\/uj.adatbank.ro\/lexikon\/wp-json\/wp\/v2\/media?parent=12323"}],"wp:term":[{"taxonomy":"product_brand","embeddable":true,"href":"https:\/\/uj.adatbank.ro\/lexikon\/wp-json\/wp\/v2\/product_brand?post=12323"},{"taxonomy":"product_cat","embeddable":true,"href":"https:\/\/uj.adatbank.ro\/lexikon\/wp-json\/wp\/v2\/product_cat?post=12323"},{"taxonomy":"product_tag","embeddable":true,"href":"https:\/\/uj.adatbank.ro\/lexikon\/wp-json\/wp\/v2\/product_tag?post=12323"}],"curies":[{"name":"wp","href":"https:\/\/api.w.org\/{rel}","templated":true}]}}