{"id":12324,"date":"2025-06-29T14:22:59","date_gmt":"2025-06-29T12:22:59","guid":{"rendered":"https:\/\/uj.adatbank.ro\/lexikon\/termek\/koczka-gyorgy\/"},"modified":"2025-06-29T14:22:59","modified_gmt":"2025-06-29T12:22:59","slug":"koczka-gyorgy","status":"publish","type":"product","link":"https:\/\/uj.adatbank.ro\/lexikon\/termek\/koczka-gyorgy\/","title":{"rendered":"KOCZKA Gy\u00f6rgy"},"content":{"rendered":"<p>Kv., 1921. okt. 30., \u2020 ?: orvos, szak\u00edr\u00f3. \u2013 \u00c9retts\u00e9gizett Sepsiszentgy\u00f6rgy\u00f6n (1937), majd a kv.-i egyetem orvosi kar\u00e1n v\u00e9gzett (1944) ; doktori diplom\u00e1j\u00e1t Halle-ban szerzte (1945). A mv.-i OGYI \u2013n tan\u00e1rseg\u00e9dk\u00e9nt kezdte p\u00e1ly\u00e1j\u00e1t., ugyanott f\u0151orvos, poliklinikai igazgat\u00f3 ; a sepsiszentgy\u00f6rgyi Megyei K\u00f3rh\u00e1z belgy\u00f3gy\u00e1sz oszt\u00e1lyvezet\u0151 f\u0151orvosa (1956\u20131984). Cikkei : Orvosi Szemle, Revista Medical\u0103, Farmacia, Via\u0163a Medical\u0103, V\u00f6r\u00f6s Z\u00e1szl\u00f3, Megyei T\u00fck\u00f6r-ben. \u2013 <strong>F. m.:<\/strong> <strong>t\u00e1rssz.:<\/strong> Belgy\u00f3gy\u00e1szati el\u0151ad\u00e1sok. (Mv., 1951). 1. k\u00f6t: A mozg\u00e1sszervek betegs\u00e9gei a belgy\u00f3gy\u00e1szati gyakorlatban; Forschungsergebnisse des Transfusions und Immunhaematologie. ( Berlin, 1978), Adatok a sepsiszentgy\u00f6rgyi k\u00f3rh\u00e1z t\u0151rt\u00e9net\u00e9hez (k\u00e9zirat Mv.-en \u0151rzi az orvostudom\u00e1nyt\u00f6rt\u00e9neti katedra). <br \/><strong>Irod.:<\/strong> RMIL<\/br><\/p>\n","protected":false},"excerpt":{"rendered":"<p>Kv., 1921. okt. 30., \u2020 ?: orvos, szak\u00edr\u00f3. \u2013 \u00c9retts\u00e9gizett Sepsiszentgy\u00f6rgy\u00f6n (1937), majd a kv.-i egyetem orvosi kar\u00e1n v\u00e9gzett (1944) ; doktori diplom\u00e1j\u00e1t Halle-ban szerzte (1945). A mv.-i OGYI \u2013n tan\u00e1rseg\u00e9dk\u00e9nt kezdte p\u00e1ly\u00e1j\u00e1t., ugyanott f\u0151orvos, poliklinikai igazgat\u00f3 ; a sepsiszentgy\u00f6rgyi Megyei K\u00f3rh\u00e1z belgy\u00f3gy\u00e1sz oszt\u00e1lyvezet\u0151 f\u0151orvosa (1956\u20131984). Cikkei : Orvosi Szemle, Revista Medical\u0103, Farmacia, Via\u0163a Medical\u0103, [&hellip;]<\/p>\n","protected":false},"featured_media":0,"comment_status":"open","ping_status":"closed","template":"","meta":[],"product_brand":[],"product_cat":[137],"product_tag":[],"class_list":{"0":"post-12324","1":"product","2":"type-product","3":"status-publish","5":"product_cat-maros-megyei-eletrajzi-lexikon","7":"first","8":"instock","9":"shipping-taxable","10":"product-type-simple"},"_links":{"self":[{"href":"https:\/\/uj.adatbank.ro\/lexikon\/wp-json\/wp\/v2\/product\/12324","targetHints":{"allow":["GET"]}}],"collection":[{"href":"https:\/\/uj.adatbank.ro\/lexikon\/wp-json\/wp\/v2\/product"}],"about":[{"href":"https:\/\/uj.adatbank.ro\/lexikon\/wp-json\/wp\/v2\/types\/product"}],"replies":[{"embeddable":true,"href":"https:\/\/uj.adatbank.ro\/lexikon\/wp-json\/wp\/v2\/comments?post=12324"}],"wp:attachment":[{"href":"https:\/\/uj.adatbank.ro\/lexikon\/wp-json\/wp\/v2\/media?parent=12324"}],"wp:term":[{"taxonomy":"product_brand","embeddable":true,"href":"https:\/\/uj.adatbank.ro\/lexikon\/wp-json\/wp\/v2\/product_brand?post=12324"},{"taxonomy":"product_cat","embeddable":true,"href":"https:\/\/uj.adatbank.ro\/lexikon\/wp-json\/wp\/v2\/product_cat?post=12324"},{"taxonomy":"product_tag","embeddable":true,"href":"https:\/\/uj.adatbank.ro\/lexikon\/wp-json\/wp\/v2\/product_tag?post=12324"}],"curies":[{"name":"wp","href":"https:\/\/api.w.org\/{rel}","templated":true}]}}