{"id":12325,"date":"2025-06-29T14:23:00","date_gmt":"2025-06-29T12:23:00","guid":{"rendered":"https:\/\/uj.adatbank.ro\/lexikon\/termek\/kodaly-zoltan\/"},"modified":"2025-06-29T14:23:00","modified_gmt":"2025-06-29T12:23:00","slug":"kodaly-zoltan","status":"publish","type":"product","link":"https:\/\/uj.adatbank.ro\/lexikon\/termek\/kodaly-zoltan\/","title":{"rendered":"KOD\u00c1LY Zolt\u00e1n"},"content":{"rendered":"<p>Kecskem\u00e9t, 1882. dec. 16., \u2020 1967. m\u00e1rc. 6.: zeneszerz\u0151. \u2013 Mv.-en m\u00e1r kor\u00e1n el\u0151adt\u00e1k I. von\u00f3sn\u00e9gyes\u00e9t (1910), majd a Waldbauer von\u00f3sn\u00e9gyes j\u00e1tszott aegy von\u00f3sn\u00e9gyes\u00e9t (1926). Nagy Istv\u00e1nt kinevezt\u00e9k tan\u00e1rnak, a mv.-i tan\u00edt\u00f3k\u00e9pz\u0151be \u00e9s elkezdte betan\u00edtani a Kod\u00e1ly-k\u00f3rusm\u0171veket (1934\u2013). Az els\u0151 hangszeres Kod\u00e1ly-m\u0171veket Kozma G\u00e9za, Erkel S\u00e1ra szolaltatta meg (1934), majd a Simor-Metz-Haj\u00e1k-Tonh\u00e1zi kvartett j\u00e1tszott. \u00dcnnepi hangversenyek Mv.-en: Missa Brevis -t Nagy Istv\u00e1n vez\u00e9nylet\u00e9vel \u00e9s Szab\u00f3 G\u00e9za k\u00f6zrem\u0171k\u00f6d\u00e9s\u00e9vel adt\u00e1k el\u0151 (1948), H\u00e1ry J\u00e1nos Sz\u00e9kely Endre vez\u00e9nylet\u00e9vel hangzott el (1955, 1957, 1958). Mv.-en \u00fcnnepi hangversennyel k\u00f6sz\u00f6nt\u00f6tt\u00e9k (1948, 1955, 1957, 1958). Az OGYI fen\u00e1ll\u00e1s\u00e1nak 10. \u00e9vfordul\u00f3ja tisztelet\u00e9re a di\u00e1kok \u00e9s alkalmazottak el\u0151adt\u00e1k, Kov\u00e1cs Istv\u00e1n rendez\u00e9s\u00e9ben, a H\u00e1ry J\u00e1nos dalj\u00e1t\u00e9k\u00e1t (bemutat\u00f3 1955. m\u00e1j. 24.). K. Z. sz\u00fclet\u00e9s\u00e9nek 100. \u00e9vford\u0151l\u00f3j\u00e1ra szint\u00e9n a H\u00e1ry J\u00e1nos dalj\u00e1t\u00e9kkal eml\u00e9keztek meg Disznaj\u00f3n, Cs\u0151sz Ferenc zenei vezet\u00e9s\u00e9vel \u00e9s feles\u00e9ge, Cs\u0151sz Irma rendez\u00e9s\u00e9ben \u00e9s d\u00edszleteivel (1982. febr. 28.). Megalakult Szov\u00e1t\u00e1n a Teleki Oktat\u00e1si K\u00f6zpont K. Z. Gyermekkara (2005. aug.). <br \/><strong>Irod.:<\/strong> Ger\u00e9b \u00c9va: K. Z. Gyermekkar Szov\u00e1t\u00e1n (N\u00fa., 2005. aug. 11); Lakatos Istv\u00e1n: Kod\u00e1ly m\u0171v\u00e9szet\u00e9nek \u00fatja Erd\u00e9lyben (Bp., 1943); Marosi-KZST; RMIL; Szab\u00f3 Csaba: K. Z. (Igaz Sz\u00f3, 4. sz., 1967); Utunk Kod\u00e1lyhoz: Tanulm\u00e1nyok, eml\u00e9kez\u00e9sek (Buk., 1984); Vancea, Zeno: 80 de ani de la na\u015fterea lui Z. K. (Muzica, nr. 3, 1963); Zenetud. \u00edr\u00e1sok 1998; Zolt\u00e1n Alad\u00e1r: K. Z. (Korunk, 12. sz., 1957)<\/br><\/p>\n","protected":false},"excerpt":{"rendered":"<p>Kecskem\u00e9t, 1882. dec. 16., \u2020 1967. m\u00e1rc. 6.: zeneszerz\u0151. \u2013 Mv.-en m\u00e1r kor\u00e1n el\u0151adt\u00e1k I. von\u00f3sn\u00e9gyes\u00e9t (1910), majd a Waldbauer von\u00f3sn\u00e9gyes j\u00e1tszott aegy von\u00f3sn\u00e9gyes\u00e9t (1926). Nagy Istv\u00e1nt kinevezt\u00e9k tan\u00e1rnak, a mv.-i tan\u00edt\u00f3k\u00e9pz\u0151be \u00e9s elkezdte betan\u00edtani a Kod\u00e1ly-k\u00f3rusm\u0171veket (1934\u2013). Az els\u0151 hangszeres Kod\u00e1ly-m\u0171veket Kozma G\u00e9za, Erkel S\u00e1ra szolaltatta meg (1934), majd a Simor-Metz-Haj\u00e1k-Tonh\u00e1zi kvartett j\u00e1tszott. \u00dcnnepi [&hellip;]<\/p>\n","protected":false},"featured_media":0,"comment_status":"open","ping_status":"closed","template":"","meta":[],"product_brand":[],"product_cat":[137],"product_tag":[],"class_list":{"0":"post-12325","1":"product","2":"type-product","3":"status-publish","5":"product_cat-maros-megyei-eletrajzi-lexikon","7":"first","8":"instock","9":"shipping-taxable","10":"product-type-simple"},"_links":{"self":[{"href":"https:\/\/uj.adatbank.ro\/lexikon\/wp-json\/wp\/v2\/product\/12325","targetHints":{"allow":["GET"]}}],"collection":[{"href":"https:\/\/uj.adatbank.ro\/lexikon\/wp-json\/wp\/v2\/product"}],"about":[{"href":"https:\/\/uj.adatbank.ro\/lexikon\/wp-json\/wp\/v2\/types\/product"}],"replies":[{"embeddable":true,"href":"https:\/\/uj.adatbank.ro\/lexikon\/wp-json\/wp\/v2\/comments?post=12325"}],"wp:attachment":[{"href":"https:\/\/uj.adatbank.ro\/lexikon\/wp-json\/wp\/v2\/media?parent=12325"}],"wp:term":[{"taxonomy":"product_brand","embeddable":true,"href":"https:\/\/uj.adatbank.ro\/lexikon\/wp-json\/wp\/v2\/product_brand?post=12325"},{"taxonomy":"product_cat","embeddable":true,"href":"https:\/\/uj.adatbank.ro\/lexikon\/wp-json\/wp\/v2\/product_cat?post=12325"},{"taxonomy":"product_tag","embeddable":true,"href":"https:\/\/uj.adatbank.ro\/lexikon\/wp-json\/wp\/v2\/product_tag?post=12325"}],"curies":[{"name":"wp","href":"https:\/\/api.w.org\/{rel}","templated":true}]}}