{"id":12328,"date":"2025-06-29T14:23:05","date_gmt":"2025-06-29T12:23:05","guid":{"rendered":"https:\/\/uj.adatbank.ro\/lexikon\/termek\/kofarago-gyorgy\/"},"modified":"2025-06-29T14:23:05","modified_gmt":"2025-06-29T12:23:05","slug":"kofarago-gyorgy","status":"publish","type":"product","link":"https:\/\/uj.adatbank.ro\/lexikon\/termek\/kofarago-gyorgy\/","title":{"rendered":"K\u0150FARAG\u00d3 Gy\u00f6rgy"},"content":{"rendered":"<p>? \u2020 ?: bar\u00e1t, ferences szerzetes. \u2013 B\u00e1thori Istv\u00e1n vajda a v\u00e1rbeli templom k\u00f6r\u00e9 k\u0151b\u0151l \u00e9s t\u00e9gl\u00e1b\u00f3l falakat emeltetett, meger\u0151s\u00edtett \u00f6tsz\u00f6glet\u0171 templomer\u0151dd\u00e9 v\u00e1ltoztatta a kolostort \u00e9s a templomot. A munk\u00e1latok vezet\u0151je volt, aki J\u00e1nos bar\u00e1t \u00e9p\u00edt\u0151iskol\u00e1j\u00e1hoz tartozott (1492\u201399). <br \/><strong>Irod.:<\/strong> Id\u0151t\u00e1r 1<\/br><\/p>\n","protected":false},"excerpt":{"rendered":"<p>? \u2020 ?: bar\u00e1t, ferences szerzetes. \u2013 B\u00e1thori Istv\u00e1n vajda a v\u00e1rbeli templom k\u00f6r\u00e9 k\u0151b\u0151l \u00e9s t\u00e9gl\u00e1b\u00f3l falakat emeltetett, meger\u0151s\u00edtett \u00f6tsz\u00f6glet\u0171 templomer\u0151dd\u00e9 v\u00e1ltoztatta a kolostort \u00e9s a templomot. A munk\u00e1latok vezet\u0151je volt, aki J\u00e1nos bar\u00e1t \u00e9p\u00edt\u0151iskol\u00e1j\u00e1hoz tartozott (1492\u201399). Irod.: Id\u0151t\u00e1r 1<\/p>\n","protected":false},"featured_media":0,"comment_status":"open","ping_status":"closed","template":"","meta":[],"product_brand":[],"product_cat":[137],"product_tag":[],"class_list":{"0":"post-12328","1":"product","2":"type-product","3":"status-publish","5":"product_cat-maros-megyei-eletrajzi-lexikon","7":"first","8":"instock","9":"shipping-taxable","10":"product-type-simple"},"_links":{"self":[{"href":"https:\/\/uj.adatbank.ro\/lexikon\/wp-json\/wp\/v2\/product\/12328","targetHints":{"allow":["GET"]}}],"collection":[{"href":"https:\/\/uj.adatbank.ro\/lexikon\/wp-json\/wp\/v2\/product"}],"about":[{"href":"https:\/\/uj.adatbank.ro\/lexikon\/wp-json\/wp\/v2\/types\/product"}],"replies":[{"embeddable":true,"href":"https:\/\/uj.adatbank.ro\/lexikon\/wp-json\/wp\/v2\/comments?post=12328"}],"wp:attachment":[{"href":"https:\/\/uj.adatbank.ro\/lexikon\/wp-json\/wp\/v2\/media?parent=12328"}],"wp:term":[{"taxonomy":"product_brand","embeddable":true,"href":"https:\/\/uj.adatbank.ro\/lexikon\/wp-json\/wp\/v2\/product_brand?post=12328"},{"taxonomy":"product_cat","embeddable":true,"href":"https:\/\/uj.adatbank.ro\/lexikon\/wp-json\/wp\/v2\/product_cat?post=12328"},{"taxonomy":"product_tag","embeddable":true,"href":"https:\/\/uj.adatbank.ro\/lexikon\/wp-json\/wp\/v2\/product_tag?post=12328"}],"curies":[{"name":"wp","href":"https:\/\/api.w.org\/{rel}","templated":true}]}}