{"id":12329,"date":"2025-06-29T14:23:08","date_gmt":"2025-06-29T12:23:08","guid":{"rendered":"https:\/\/uj.adatbank.ro\/lexikon\/termek\/koha-klara\/"},"modified":"2025-06-29T14:23:08","modified_gmt":"2025-06-29T12:23:08","slug":"koha-klara","status":"publish","type":"product","link":"https:\/\/uj.adatbank.ro\/lexikon\/termek\/koha-klara\/","title":{"rendered":"KOHA Kl\u00e1ra"},"content":{"rendered":"<p>? \u2020 ?: Hangya tisztvisel\u0151 Mv.-en. \u2013 A MSE titk\u00e1ra. akt\u00edv sportol\u00f3 kor\u00e1ban \u00fasz\u00f3 versenyeken vett r\u00e9szt : mell\u00fasz\u00e1sban orsz\u00e1gos ifj\u00fas\u00e1gi bajnok 50 \u00e9s 100 m.-en (1931\u201333) ; h\u00e1t\u00fasz\u00e1sban szenyor orsz\u00e1gos bajnok (1935\u201336), 100 m. -es mell\u00fasz\u00e1sban Kv. bajnoka (1937\u201338) ; tagja volt az orsz\u00e1gos bajnok staf\u00e9t\u00e1nak (1938\u20131939 ; 1940), majd mell\u00fasz\u00e1sban 100 m.-en Erd\u00e9lyr\u00e9szi bajnok volt (1941). <br \/><strong>Irod.:<\/strong> Pluh\u00e1r<\/br><\/p>\n","protected":false},"excerpt":{"rendered":"<p>? \u2020 ?: Hangya tisztvisel\u0151 Mv.-en. \u2013 A MSE titk\u00e1ra. akt\u00edv sportol\u00f3 kor\u00e1ban \u00fasz\u00f3 versenyeken vett r\u00e9szt : mell\u00fasz\u00e1sban orsz\u00e1gos ifj\u00fas\u00e1gi bajnok 50 \u00e9s 100 m.-en (1931\u201333) ; h\u00e1t\u00fasz\u00e1sban szenyor orsz\u00e1gos bajnok (1935\u201336), 100 m. -es mell\u00fasz\u00e1sban Kv. bajnoka (1937\u201338) ; tagja volt az orsz\u00e1gos bajnok staf\u00e9t\u00e1nak (1938\u20131939 ; 1940), majd mell\u00fasz\u00e1sban 100 m.-en Erd\u00e9lyr\u00e9szi [&hellip;]<\/p>\n","protected":false},"featured_media":0,"comment_status":"open","ping_status":"closed","template":"","meta":[],"product_brand":[],"product_cat":[137],"product_tag":[],"class_list":{"0":"post-12329","1":"product","2":"type-product","3":"status-publish","5":"product_cat-maros-megyei-eletrajzi-lexikon","7":"first","8":"instock","9":"shipping-taxable","10":"product-type-simple"},"_links":{"self":[{"href":"https:\/\/uj.adatbank.ro\/lexikon\/wp-json\/wp\/v2\/product\/12329","targetHints":{"allow":["GET"]}}],"collection":[{"href":"https:\/\/uj.adatbank.ro\/lexikon\/wp-json\/wp\/v2\/product"}],"about":[{"href":"https:\/\/uj.adatbank.ro\/lexikon\/wp-json\/wp\/v2\/types\/product"}],"replies":[{"embeddable":true,"href":"https:\/\/uj.adatbank.ro\/lexikon\/wp-json\/wp\/v2\/comments?post=12329"}],"wp:attachment":[{"href":"https:\/\/uj.adatbank.ro\/lexikon\/wp-json\/wp\/v2\/media?parent=12329"}],"wp:term":[{"taxonomy":"product_brand","embeddable":true,"href":"https:\/\/uj.adatbank.ro\/lexikon\/wp-json\/wp\/v2\/product_brand?post=12329"},{"taxonomy":"product_cat","embeddable":true,"href":"https:\/\/uj.adatbank.ro\/lexikon\/wp-json\/wp\/v2\/product_cat?post=12329"},{"taxonomy":"product_tag","embeddable":true,"href":"https:\/\/uj.adatbank.ro\/lexikon\/wp-json\/wp\/v2\/product_tag?post=12329"}],"curies":[{"name":"wp","href":"https:\/\/api.w.org\/{rel}","templated":true}]}}