{"id":12331,"date":"2025-06-29T14:23:13","date_gmt":"2025-06-29T12:23:13","guid":{"rendered":"https:\/\/uj.adatbank.ro\/lexikon\/termek\/kohan-gyorgy\/"},"modified":"2025-06-29T14:23:13","modified_gmt":"2025-06-29T12:23:13","slug":"kohan-gyorgy","status":"publish","type":"product","link":"https:\/\/uj.adatbank.ro\/lexikon\/termek\/kohan-gyorgy\/","title":{"rendered":"KOH\u00c1N Gy\u00f6rgy"},"content":{"rendered":"<p>Magyarl\u00e1pos (M\u00e1ramaros), 1904., \u2020 ? : tim\u00e1rmester. \u2013 Iskol\u00e1i elv\u00e9gz\u00e9se ut\u00e1n a t\u00edm\u00e1rmesters\u00e9get saj\u00e1t\u00edtotta el D\u00e9sen szabadult fel, majd \u00f6n\u00e1ll\u00f3 lett Mv.-en (1936\u2013). Az Erd\u00e9lyi P\u00e1rt tagja volt, elismert szakember. A mv.-i B\u0151rgy\u00e1r szakszervezet\u00e9nek \u00e9gisze al\u00e1 ker\u00fclt az MTE sportegyes\u00fclet Dermagant n\u00e9ven, ennek eln\u00f6ke lett. <br \/><strong>Irod.:<\/strong> Sz\u00e9kelyf\u00f6ld \u00ed. k.<\/br><\/p>\n","protected":false},"excerpt":{"rendered":"<p>Magyarl\u00e1pos (M\u00e1ramaros), 1904., \u2020 ? : tim\u00e1rmester. \u2013 Iskol\u00e1i elv\u00e9gz\u00e9se ut\u00e1n a t\u00edm\u00e1rmesters\u00e9get saj\u00e1t\u00edtotta el D\u00e9sen szabadult fel, majd \u00f6n\u00e1ll\u00f3 lett Mv.-en (1936\u2013). Az Erd\u00e9lyi P\u00e1rt tagja volt, elismert szakember. A mv.-i B\u0151rgy\u00e1r szakszervezet\u00e9nek \u00e9gisze al\u00e1 ker\u00fclt az MTE sportegyes\u00fclet Dermagant n\u00e9ven, ennek eln\u00f6ke lett. Irod.: Sz\u00e9kelyf\u00f6ld \u00ed. k.<\/p>\n","protected":false},"featured_media":0,"comment_status":"open","ping_status":"closed","template":"","meta":[],"product_brand":[],"product_cat":[137],"product_tag":[],"class_list":{"0":"post-12331","1":"product","2":"type-product","3":"status-publish","5":"product_cat-maros-megyei-eletrajzi-lexikon","7":"first","8":"instock","9":"shipping-taxable","10":"product-type-simple"},"_links":{"self":[{"href":"https:\/\/uj.adatbank.ro\/lexikon\/wp-json\/wp\/v2\/product\/12331","targetHints":{"allow":["GET"]}}],"collection":[{"href":"https:\/\/uj.adatbank.ro\/lexikon\/wp-json\/wp\/v2\/product"}],"about":[{"href":"https:\/\/uj.adatbank.ro\/lexikon\/wp-json\/wp\/v2\/types\/product"}],"replies":[{"embeddable":true,"href":"https:\/\/uj.adatbank.ro\/lexikon\/wp-json\/wp\/v2\/comments?post=12331"}],"wp:attachment":[{"href":"https:\/\/uj.adatbank.ro\/lexikon\/wp-json\/wp\/v2\/media?parent=12331"}],"wp:term":[{"taxonomy":"product_brand","embeddable":true,"href":"https:\/\/uj.adatbank.ro\/lexikon\/wp-json\/wp\/v2\/product_brand?post=12331"},{"taxonomy":"product_cat","embeddable":true,"href":"https:\/\/uj.adatbank.ro\/lexikon\/wp-json\/wp\/v2\/product_cat?post=12331"},{"taxonomy":"product_tag","embeddable":true,"href":"https:\/\/uj.adatbank.ro\/lexikon\/wp-json\/wp\/v2\/product_tag?post=12331"}],"curies":[{"name":"wp","href":"https:\/\/api.w.org\/{rel}","templated":true}]}}