{"id":12333,"date":"2025-06-29T14:23:18","date_gmt":"2025-06-29T12:23:18","guid":{"rendered":"https:\/\/uj.adatbank.ro\/lexikon\/termek\/kohl-istvan-%c2%a7\/"},"modified":"2025-06-29T14:23:18","modified_gmt":"2025-06-29T12:23:18","slug":"kohl-istvan-%c2%a7","status":"publish","type":"product","link":"https:\/\/uj.adatbank.ro\/lexikon\/termek\/kohl-istvan-%c2%a7\/","title":{"rendered":"KOHL Istv\u00e1n, \u00a7"},"content":{"rendered":"<p>Sz\u00e1szr\u00e9gen, 1922. j\u00fal. 30., \u2020 Sz\u00e1szr\u00e9gen, 1998. m\u00e1rc. 24.: ornitol\u00f3gus, muzeol\u00f3gus, prepar\u00e1tor. \u2013 Iskolai tanulm\u00e1nyait a sz\u00e1szr\u00e9geni n\u00e9met nyelv\u0171 ev. elemiben ill. az Ev. Gimn\u00e1ziumban (1929\u201337) v\u00e9gezte. Mv.-en sz\u0171csinas majd mesterseg\u00e9d (1937\u201340), apja mellett kitanulta az \u00e1llatprepar\u00e1l\u00e1st (1941\u201343). Katonai szolg\u00e1lat (1943. okt. 4. \u2013 1945. m\u00e1j. 15.) \u00e9s orosz fogs\u00e1gb\u00f3l hazat\u00e9rve \u00f6n\u00e1ll\u00f3 kisiparos Sz\u00e1szr\u00e9genben (1946\u201348); a Foc\u015fani-i Vad\u00e1szati M\u00fazeum prepar\u00e1tora (1949\u2013). Visszat\u00e9rt Sz\u00e1szr\u00e9genbe \u00e9s saj\u00e1t m\u0171hely\u00e9ben m\u00fck\u00f6d\u00f6tt (\u20131951). Ezut\u00e1n a m. nyelv\u0171 Pedag\u00f3giai Iskola ill. az ebb\u0151l alakult 2. sz L\u00edc.-ban labor\u00e1ns, preparator, az \u00e1llattani szert\u00e1r vezet\u0151je (1951\u201382); mad\u00e1r- \u00e9s \u00e1llatt\u00f6m\u00e9st tan\u00edtott (1951\u201356), majd az ebb\u0151l alakult a sz\u00e1szr\u00e9geni Term\u00e9szettudom\u00e1nyi M\u00fazeum, amelynek egyik alap\u00edt\u00f3ja, hatalmas 7000 t\u00e1rgyb\u00f3l \u00e1ll\u00f3 \u00e1llattani (eml\u0151s\u00f6k, madarak, halak, h\u00fcll\u0151k) gy\u0171jtem\u00e9ny\u00e9t hozta l\u00e9tre. Megjelentette a mad\u00e1rtani gy\u0171jtem\u00e9nye katal\u00f3gus\u00e1t. Mad\u00e1rv\u00e9delmi nevel\u0151munk\u00e1t v\u00e9gzett Maros megye iskol\u00e1iban. Tev\u00e9kenys\u00e9ge sor\u00e1n sz\u00e1mtalan tud\u00f3s-biol\u00f3gust nevelt ki. A Rom\u00e1n Mad\u00e1rtani Egyes\u00fclet alap\u00edt\u00f3 (1990), \u00e9s az EME tagja. Jelent\u0151s a zenei tev\u00e9kenys\u00e9ge: \u00fajra szervezte a sz\u00e1szr\u00e9geni f\u00fav\u00f3szenekart (1945), amelyet t\u00f6bb \u00e9vig maga vez\u00e9nyelt; tagja volt a tan\u00fcgyi szimf\u00f3nikus zenekarnak; 10 \u00e9vig a v\u00e1rosi zeneiskol\u00e1ban is tan\u00edtott; nyugd\u00edjba vonult (1982). A bp.-i Mad\u00e1rtani Int\u00e9zet megfigyel\u0151je (1942\u2013); tagja a Rom\u00e1niai Ornitologiai T\u00e1rsas\u00e1gnak, a M. Mad\u00e1rtani Int\u00e9zet \u00e9s a Rom\u00e1n Mad\u00e1rtani K\u00f6zpontnak, a drezdai Sz\u00e1sz Ornitol\u00f3giai T\u00e1rsas\u00e1gnak. Sz\u00e1mos hazai, ausztriai, n\u00e9meto.-i, szlov\u00e1kiai, sv\u00e9do.-i \u00e9s szlov\u00e9niai tudom\u00e1nyos konferenci\u00e1n vett r\u00e9szt. Munkat\u00e1rs volt a mv.-i, g\u00f6rg\u00e9nyi \u00e9s a sz\u00e9kelykereszt\u00fari term\u00e9szettudom\u00e1nyi m\u00fazeumok rendez\u00e9s\u00e9ben. El\u0151ad\u00e1sokat tartott di\u00e1koknak \u00e9s feln\u0151tteknek. A r\u00e9geni m\u00fazeumban az orsz\u00e1g mad\u00e1rvil\u00e1g\u00e1nak kb. 90% van jelen k\u00f6zt\u00fck nagyon ritka mad\u00e1rfajok is. A sz\u00e1szr\u00e9geni Mad\u00e1rtani M\u00fazeum gy\u0171jtem\u00e9nye s f\u0151leg annak mad\u00e1rtani anyaga alapj\u00e1n \u00edrta \u00e9s k\u00f6z\u00f6lte mad\u00e1rrendszertani, -t\u00e1pl\u00e1lkoz\u00e1si \u00e9s -vedl\u00e9si dolgozatait. \u00d6sszesen 114 szakk\u00f6zlem\u00e9nye jelent meg, m., n\u00e9met, angol, cseh, \u00e9s szlov\u00e1k szakfoly\u00f3iratokban: Aquila, Larus Z\u00e1gr\u00e1b, Buletinul ornitologic, Falke, V\u00e2n\u0103toare \u015fi pescuit sportiv, Natura, Univ. Ludensis, Studii \u015fi cercet\u0103ri de biologir, Studii \u015fi materiale, Vogelwarte, Aluta, Revista muzeelor, Studii \u015fi Comunic\u0103ri Muzeul Bruckenthal, Studii \u015fi comunic\u0103ri ale Muzeului din Cristurul Secuesc, Tibiscus, Marmatia, Marisia, Ziridava, Acta Hargitensia, Analele Banatului, Studia Universit\u0103\u0163ii Babe\u015f-Bolyai, Reghinul cultural, Zoologische Abhandunglen. A sz\u00e1szr\u00e9geni Lucian Blaga iskolak\u00f6zpontban m\u0171k\u00f6d\u0151 m\u00fazeumot Kohl Istv\u00e1n Term\u00e9szetrajzi M\u00fazeumnak h\u00edvj\u00e1k (2006\u2013). A Sz\u00e1szr\u00e9gen v\u00e1ros d\u00edszpolg\u00e1ra c\u00edmet kapta meg post mortem. \u2013 <strong>F. m.:<\/strong> <strong>t\u00e1rssz.:<\/strong> Congresul Ornitologic de la Helsinki ( Helsinki, 1960); Observa\u0163ii sincronice ornitologice pe de-a lungul Mure\u015fului \u00eentre Reghin \u015fi T\u00eergu-Mure\u015f = Studii \u015fi materiale 1. (K\u00f3nya Istv\u00e1nnal; Tg. M., 1965); Karpatenbecken Sbornik Vychhodoslov Muzeal (Kosice, 1969); Die Ornis siebenb\u00fcrgens: Beitr\u00e4ge zu einer Monographie der Vogelwelt dieses Landes (K\u00f6ln-Wien, 1980\u20131988); A k\u00e1rp\u00e1ti barna medv\u00e9r\u0151l ( Kv., 1997); \u00dcber die Variabilit\u00e4t des Sch\u00e4dels Karpatischer Braunb\u00e4ren (Ursus Arctos) (Mamalia: Carnivora: Ursitae)(Dresden, 1983). <br \/><strong>Irod.:<\/strong> B\u00edr\u00f3 Don\u00e1t; Csern\u00e1toni; Erd\u00e9lyi Lajos: Madarak bar\u00e1tja (\u00daj \u00c9let, 2. sz., 1963); EMKK 2000; Husar; KKACs; Koch M\u00e1ria: A madarak tud\u00f3sa (V. Z., 1969. dec. 12.); Kohl Pista b\u00e1csi elment. (N\u00fa., 1998. m\u00e1rc. 31.); Maros megye; M\u00e1th\u00e9 \u00c9va: Kohl Pista b\u00e1csi bibliai mesters\u00e9ge (N\u00fa., 1993. dec. 22.); MMA; [Nekrol\u00f3g] (N\u00fa., 1998. m\u00e1rc. 26); Profiluri reghinene; Regh. Cult vol. 4.; Reghin, militari; Reghin \u015fi \u00eemprejurimi; RMKK; RMIL; Szab\u00f3 K. Attila; Todea\u2013F\u00fcl\u00f6p\u2013Avram<\/br><\/p>\n","protected":false},"excerpt":{"rendered":"<p>Sz\u00e1szr\u00e9gen, 1922. j\u00fal. 30., \u2020 Sz\u00e1szr\u00e9gen, 1998. m\u00e1rc. 24.: ornitol\u00f3gus, muzeol\u00f3gus, prepar\u00e1tor. \u2013 Iskolai tanulm\u00e1nyait a sz\u00e1szr\u00e9geni n\u00e9met nyelv\u0171 ev. elemiben ill. az Ev. Gimn\u00e1ziumban (1929\u201337) v\u00e9gezte. Mv.-en sz\u0171csinas majd mesterseg\u00e9d (1937\u201340), apja mellett kitanulta az \u00e1llatprepar\u00e1l\u00e1st (1941\u201343). Katonai szolg\u00e1lat (1943. okt. 4. \u2013 1945. m\u00e1j. 15.) \u00e9s orosz fogs\u00e1gb\u00f3l hazat\u00e9rve \u00f6n\u00e1ll\u00f3 kisiparos Sz\u00e1szr\u00e9genben (1946\u201348); [&hellip;]<\/p>\n","protected":false},"featured_media":0,"comment_status":"open","ping_status":"closed","template":"","meta":[],"product_brand":[],"product_cat":[137],"product_tag":[],"class_list":{"0":"post-12333","1":"product","2":"type-product","3":"status-publish","5":"product_cat-maros-megyei-eletrajzi-lexikon","7":"first","8":"instock","9":"shipping-taxable","10":"product-type-simple"},"_links":{"self":[{"href":"https:\/\/uj.adatbank.ro\/lexikon\/wp-json\/wp\/v2\/product\/12333","targetHints":{"allow":["GET"]}}],"collection":[{"href":"https:\/\/uj.adatbank.ro\/lexikon\/wp-json\/wp\/v2\/product"}],"about":[{"href":"https:\/\/uj.adatbank.ro\/lexikon\/wp-json\/wp\/v2\/types\/product"}],"replies":[{"embeddable":true,"href":"https:\/\/uj.adatbank.ro\/lexikon\/wp-json\/wp\/v2\/comments?post=12333"}],"wp:attachment":[{"href":"https:\/\/uj.adatbank.ro\/lexikon\/wp-json\/wp\/v2\/media?parent=12333"}],"wp:term":[{"taxonomy":"product_brand","embeddable":true,"href":"https:\/\/uj.adatbank.ro\/lexikon\/wp-json\/wp\/v2\/product_brand?post=12333"},{"taxonomy":"product_cat","embeddable":true,"href":"https:\/\/uj.adatbank.ro\/lexikon\/wp-json\/wp\/v2\/product_cat?post=12333"},{"taxonomy":"product_tag","embeddable":true,"href":"https:\/\/uj.adatbank.ro\/lexikon\/wp-json\/wp\/v2\/product_tag?post=12333"}],"curies":[{"name":"wp","href":"https:\/\/api.w.org\/{rel}","templated":true}]}}