{"id":12334,"date":"2025-06-29T14:23:22","date_gmt":"2025-06-29T12:23:22","guid":{"rendered":"https:\/\/uj.adatbank.ro\/lexikon\/termek\/kohler-daniel\/"},"modified":"2025-06-29T14:23:22","modified_gmt":"2025-06-29T12:23:22","slug":"kohler-daniel","status":"publish","type":"product","link":"https:\/\/uj.adatbank.ro\/lexikon\/termek\/kohler-daniel\/","title":{"rendered":"KOHLER D\u00e1niel"},"content":{"rendered":"<p>Segesv\u00e1r, ? \u2020 Sz\u00e1szd\u00e1lya, 1771. dec. 28.: lelk\u00e9sz. \u2013 Tanult J\u00e9n\u00e1ban (1752). Egyh\u00e1zi p\u00e1ly\u00e1ra l\u00e9pett Segesv\u00e1ron (1756); lelkip\u00e1sztor Sz\u00e1szd\u00e1ly\u00e1n (\u20131771). <br \/><strong>Irod.:<\/strong> Szab\u00f3\u2013Sz\u00f6gi<\/br><\/p>\n","protected":false},"excerpt":{"rendered":"<p>Segesv\u00e1r, ? \u2020 Sz\u00e1szd\u00e1lya, 1771. dec. 28.: lelk\u00e9sz. \u2013 Tanult J\u00e9n\u00e1ban (1752). Egyh\u00e1zi p\u00e1ly\u00e1ra l\u00e9pett Segesv\u00e1ron (1756); lelkip\u00e1sztor Sz\u00e1szd\u00e1ly\u00e1n (\u20131771). Irod.: Szab\u00f3\u2013Sz\u00f6gi<\/p>\n","protected":false},"featured_media":0,"comment_status":"open","ping_status":"closed","template":"","meta":[],"product_brand":[],"product_cat":[137],"product_tag":[],"class_list":{"0":"post-12334","1":"product","2":"type-product","3":"status-publish","5":"product_cat-maros-megyei-eletrajzi-lexikon","7":"first","8":"instock","9":"shipping-taxable","10":"product-type-simple"},"_links":{"self":[{"href":"https:\/\/uj.adatbank.ro\/lexikon\/wp-json\/wp\/v2\/product\/12334","targetHints":{"allow":["GET"]}}],"collection":[{"href":"https:\/\/uj.adatbank.ro\/lexikon\/wp-json\/wp\/v2\/product"}],"about":[{"href":"https:\/\/uj.adatbank.ro\/lexikon\/wp-json\/wp\/v2\/types\/product"}],"replies":[{"embeddable":true,"href":"https:\/\/uj.adatbank.ro\/lexikon\/wp-json\/wp\/v2\/comments?post=12334"}],"wp:attachment":[{"href":"https:\/\/uj.adatbank.ro\/lexikon\/wp-json\/wp\/v2\/media?parent=12334"}],"wp:term":[{"taxonomy":"product_brand","embeddable":true,"href":"https:\/\/uj.adatbank.ro\/lexikon\/wp-json\/wp\/v2\/product_brand?post=12334"},{"taxonomy":"product_cat","embeddable":true,"href":"https:\/\/uj.adatbank.ro\/lexikon\/wp-json\/wp\/v2\/product_cat?post=12334"},{"taxonomy":"product_tag","embeddable":true,"href":"https:\/\/uj.adatbank.ro\/lexikon\/wp-json\/wp\/v2\/product_tag?post=12334"}],"curies":[{"name":"wp","href":"https:\/\/api.w.org\/{rel}","templated":true}]}}