{"id":12335,"date":"2025-06-29T14:23:25","date_gmt":"2025-06-29T12:23:25","guid":{"rendered":"https:\/\/uj.adatbank.ro\/lexikon\/termek\/kohler-karoly-%c2%a7\/"},"modified":"2025-06-29T14:23:25","modified_gmt":"2025-06-29T12:23:25","slug":"kohler-karoly-%c2%a7","status":"publish","type":"product","link":"https:\/\/uj.adatbank.ro\/lexikon\/termek\/kohler-karoly-%c2%a7\/","title":{"rendered":"KOHLER K\u00e1roly, \u00a7"},"content":{"rendered":"<p>Mv., 1906. okt. 15., \u2020 Mv., 1977. m\u00e1rc. 27.: m\u00e9rn\u00f6k. \u2013 K. Rudolf \u00e9s Weiss Czeczillia fia. Feles\u00e9ge: Jakab Erzs\u00e9bet, tan\u00e1r. Le\u00e1nyuk: K B\u00e1lint J\u00falia Zsuzsanna (Mv., 1948. j\u00fan. 1. \u2013), k\u00f6zgazd\u00e1sz. \u2013 K\u00f6z\u00e9piskol\u00e1t a R. K. F\u0151gimn.-ban v\u00e9gezte (1925.?), Mittveida (N\u00e9meto.) egyetem\u00e9n v\u00e9gzett villamosm\u00e9rn\u00f6ki szakot. (1928\u201331). a mv.-i k\u00f6z\u00fczemek alkalmazottja di\u00e1kk\u00e9nt (1926\u201328). A brass\u00f3i ERCA (1932\u201338), a buk.-i AEG (1939\u201344) m\u00e9rn\u00f6ke. A mv.-i K\u00f6z\u00fczemek igazgat\u00f3ja (1945\u201356), a MAT N\u00e9ptan\u00e1csa K\u00f6z\u00fczemi oszt\u00e1ly\u00e1nak vezet\u0151je. (1956\u201357). A buk.-i R\u00e1di\u00f3-TV mv.-i fi\u00f3kj\u00e1nak f\u0151m\u00e9rn\u00f6ke (1957\u201360), majd a mv.-i IPJ szerel\u00e9si oszt. f\u0151n\u00f6ke nyugd\u00edjaz\u00e1s\u00e1ig (1960- 68) \u00e9s folytatta tev\u00e9kenys\u00e9g\u00e9t m\u00e9g (1968\u201373). \u2013 <strong>F. m.:<\/strong> A tekercsel\u0151 k\u00e9zik\u00f6nyve (Buk., 1952). <br \/><strong>Irod.:<\/strong> Bottoni 2008; csal\u00e1di inf.; Szigethy\u2013\u00dajv\u00e1ri<\/br><\/p>\n","protected":false},"excerpt":{"rendered":"<p>Mv., 1906. okt. 15., \u2020 Mv., 1977. m\u00e1rc. 27.: m\u00e9rn\u00f6k. \u2013 K. Rudolf \u00e9s Weiss Czeczillia fia. Feles\u00e9ge: Jakab Erzs\u00e9bet, tan\u00e1r. Le\u00e1nyuk: K B\u00e1lint J\u00falia Zsuzsanna (Mv., 1948. j\u00fan. 1. \u2013), k\u00f6zgazd\u00e1sz. \u2013 K\u00f6z\u00e9piskol\u00e1t a R. K. F\u0151gimn.-ban v\u00e9gezte (1925.?), Mittveida (N\u00e9meto.) egyetem\u00e9n v\u00e9gzett villamosm\u00e9rn\u00f6ki szakot. (1928\u201331). a mv.-i k\u00f6z\u00fczemek alkalmazottja di\u00e1kk\u00e9nt (1926\u201328). A brass\u00f3i [&hellip;]<\/p>\n","protected":false},"featured_media":0,"comment_status":"open","ping_status":"closed","template":"","meta":[],"product_brand":[],"product_cat":[137],"product_tag":[],"class_list":{"0":"post-12335","1":"product","2":"type-product","3":"status-publish","5":"product_cat-maros-megyei-eletrajzi-lexikon","7":"first","8":"instock","9":"shipping-taxable","10":"product-type-simple"},"_links":{"self":[{"href":"https:\/\/uj.adatbank.ro\/lexikon\/wp-json\/wp\/v2\/product\/12335","targetHints":{"allow":["GET"]}}],"collection":[{"href":"https:\/\/uj.adatbank.ro\/lexikon\/wp-json\/wp\/v2\/product"}],"about":[{"href":"https:\/\/uj.adatbank.ro\/lexikon\/wp-json\/wp\/v2\/types\/product"}],"replies":[{"embeddable":true,"href":"https:\/\/uj.adatbank.ro\/lexikon\/wp-json\/wp\/v2\/comments?post=12335"}],"wp:attachment":[{"href":"https:\/\/uj.adatbank.ro\/lexikon\/wp-json\/wp\/v2\/media?parent=12335"}],"wp:term":[{"taxonomy":"product_brand","embeddable":true,"href":"https:\/\/uj.adatbank.ro\/lexikon\/wp-json\/wp\/v2\/product_brand?post=12335"},{"taxonomy":"product_cat","embeddable":true,"href":"https:\/\/uj.adatbank.ro\/lexikon\/wp-json\/wp\/v2\/product_cat?post=12335"},{"taxonomy":"product_tag","embeddable":true,"href":"https:\/\/uj.adatbank.ro\/lexikon\/wp-json\/wp\/v2\/product_tag?post=12335"}],"curies":[{"name":"wp","href":"https:\/\/api.w.org\/{rel}","templated":true}]}}