{"id":12337,"date":"2025-06-29T14:23:31","date_gmt":"2025-06-29T12:23:31","guid":{"rendered":"https:\/\/uj.adatbank.ro\/lexikon\/termek\/kohler-rudolf-kohler-rezso\/"},"modified":"2025-06-29T14:23:31","modified_gmt":"2025-06-29T12:23:31","slug":"kohler-rudolf-kohler-rezso","status":"publish","type":"product","link":"https:\/\/uj.adatbank.ro\/lexikon\/termek\/kohler-rudolf-kohler-rezso\/","title":{"rendered":"KOHLER Rudolf, Kohler Rezs\u0151"},"content":{"rendered":"<p>B\u00e9cs, ? \u2020 Mv., 1947.: \u00fczemvezet\u0151. \u2013 Feles\u00e9ge: Weiss Czeczillia. Gyermekeik: Richard (\u2020 Brass\u00f3, 1937), faipari-\u0171zem igazgat\u00f3; Guszt\u00e1v (\u2020 1914\u201315 a frontonton); K\u00e1lm\u00e1n, r\u00e1di\u00f3technikus \u00e9s az Aug. 23. B\u00fat\u00f3rgy\u00e1r f\u0151g\u00e9p\u00e9sze; J\u00falia Herzel Istv\u00e1nn\u00e9 (\u2020 Auschwitz, 1944); K\u00e1roly, villamosm\u00e9rn\u00f6k. &#8211; A Ganz M\u00c1VAG alkalmazottja volt Bern\u00e1dy Gy\u00f6rgy k\u00e9r\u00e9s\u00e9re j\u00f6tt Mv. -re \u00e9s lett a K\u00f6z\u00fczemek \/ Villamoss\u00e1gi V\u00e1llalat \u00fczemvezet\u0151je. Miut\u00e1n a Villamoss\u00e1gi V\u00e1llalat a Mv.-i polg\u00e1rmesteri hivatal tulajdon\u00e1ba ker\u00fclt, az els\u0151 \u00edr\u00e1sbeli jelent\u00e9s\u00e9ben r\u00e1mutatott: az \u00fczem nem k\u00e9pes annyi \u00e1ramot termelni, h. kell\u0151 k\u00e9ppen kiszolg\u00e1lja a fejl\u0151d\u0151 ipart \u00e9s a v\u00e1ros lakoss\u00e1g\u00e1t. Javasolta a megl\u00e9v\u0151 kaz\u00e1n kicser\u00e9l\u00e9s\u00e9t 3 nagyobb teljes\u00edtm\u00e9ny\u0171re (1907. szept.). Ennek k\u00f6vetkezt\u00e9ben ker\u00fclt sor, Bern\u00e1dy Gy\u00f6rgy polg\u00e1rmesters\u00e9ge ideje alatt, a nagyobb villamoss\u00e1gi \u00fczem \u00e9p\u00edt\u00e9s\u00e9re (1907\u201308). K\u00e1lm\u00e1n fi\u00e1val megalap\u00edtotta Mv. els\u0151 r\u00e1di\u00f3s-\u00fczlet\u00e9t \u00e9s jav\u00edt\u00f3j\u00e1t (1920\u201347.?). <br \/><strong>Irod.:<\/strong> csal\u00e1di inf., Un secol de electricitate<\/br><\/p>\n","protected":false},"excerpt":{"rendered":"<p>B\u00e9cs, ? \u2020 Mv., 1947.: \u00fczemvezet\u0151. \u2013 Feles\u00e9ge: Weiss Czeczillia. Gyermekeik: Richard (\u2020 Brass\u00f3, 1937), faipari-\u0171zem igazgat\u00f3; Guszt\u00e1v (\u2020 1914\u201315 a frontonton); K\u00e1lm\u00e1n, r\u00e1di\u00f3technikus \u00e9s az Aug. 23. B\u00fat\u00f3rgy\u00e1r f\u0151g\u00e9p\u00e9sze; J\u00falia Herzel Istv\u00e1nn\u00e9 (\u2020 Auschwitz, 1944); K\u00e1roly, villamosm\u00e9rn\u00f6k. &#8211; A Ganz M\u00c1VAG alkalmazottja volt Bern\u00e1dy Gy\u00f6rgy k\u00e9r\u00e9s\u00e9re j\u00f6tt Mv. -re \u00e9s lett a K\u00f6z\u00fczemek \/ [&hellip;]<\/p>\n","protected":false},"featured_media":0,"comment_status":"open","ping_status":"closed","template":"","meta":[],"product_brand":[],"product_cat":[137],"product_tag":[],"class_list":{"0":"post-12337","1":"product","2":"type-product","3":"status-publish","5":"product_cat-maros-megyei-eletrajzi-lexikon","7":"first","8":"instock","9":"shipping-taxable","10":"product-type-simple"},"_links":{"self":[{"href":"https:\/\/uj.adatbank.ro\/lexikon\/wp-json\/wp\/v2\/product\/12337","targetHints":{"allow":["GET"]}}],"collection":[{"href":"https:\/\/uj.adatbank.ro\/lexikon\/wp-json\/wp\/v2\/product"}],"about":[{"href":"https:\/\/uj.adatbank.ro\/lexikon\/wp-json\/wp\/v2\/types\/product"}],"replies":[{"embeddable":true,"href":"https:\/\/uj.adatbank.ro\/lexikon\/wp-json\/wp\/v2\/comments?post=12337"}],"wp:attachment":[{"href":"https:\/\/uj.adatbank.ro\/lexikon\/wp-json\/wp\/v2\/media?parent=12337"}],"wp:term":[{"taxonomy":"product_brand","embeddable":true,"href":"https:\/\/uj.adatbank.ro\/lexikon\/wp-json\/wp\/v2\/product_brand?post=12337"},{"taxonomy":"product_cat","embeddable":true,"href":"https:\/\/uj.adatbank.ro\/lexikon\/wp-json\/wp\/v2\/product_cat?post=12337"},{"taxonomy":"product_tag","embeddable":true,"href":"https:\/\/uj.adatbank.ro\/lexikon\/wp-json\/wp\/v2\/product_tag?post=12337"}],"curies":[{"name":"wp","href":"https:\/\/api.w.org\/{rel}","templated":true}]}}