{"id":12338,"date":"2025-06-29T14:23:35","date_gmt":"2025-06-29T12:23:35","guid":{"rendered":"https:\/\/uj.adatbank.ro\/lexikon\/termek\/kohn-arpad\/"},"modified":"2025-06-29T14:23:35","modified_gmt":"2025-06-29T12:23:35","slug":"kohn-arpad","status":"publish","type":"product","link":"https:\/\/uj.adatbank.ro\/lexikon\/termek\/kohn-arpad\/","title":{"rendered":"KOHN \u00c1rp\u00e1d"},"content":{"rendered":"<p>? \u2020 ? : f\u00fcrd\u0151tulajdonos. \u2013 Mv.-i f\u00fcrd\u0151tulajdonos. R\u00e9szt vett a Mv.-en megszervezett felk\u00e9l\u00e9sben (1919. m\u00e1rc., \u00e1pr.). <br \/><strong>Irod.:<\/strong> Gottfried\u2013Nagy<\/br><\/p>\n","protected":false},"excerpt":{"rendered":"<p>? \u2020 ? : f\u00fcrd\u0151tulajdonos. \u2013 Mv.-i f\u00fcrd\u0151tulajdonos. R\u00e9szt vett a Mv.-en megszervezett felk\u00e9l\u00e9sben (1919. m\u00e1rc., \u00e1pr.). Irod.: Gottfried\u2013Nagy<\/p>\n","protected":false},"featured_media":0,"comment_status":"open","ping_status":"closed","template":"","meta":[],"product_brand":[],"product_cat":[137],"product_tag":[],"class_list":{"0":"post-12338","1":"product","2":"type-product","3":"status-publish","5":"product_cat-maros-megyei-eletrajzi-lexikon","7":"first","8":"instock","9":"shipping-taxable","10":"product-type-simple"},"_links":{"self":[{"href":"https:\/\/uj.adatbank.ro\/lexikon\/wp-json\/wp\/v2\/product\/12338","targetHints":{"allow":["GET"]}}],"collection":[{"href":"https:\/\/uj.adatbank.ro\/lexikon\/wp-json\/wp\/v2\/product"}],"about":[{"href":"https:\/\/uj.adatbank.ro\/lexikon\/wp-json\/wp\/v2\/types\/product"}],"replies":[{"embeddable":true,"href":"https:\/\/uj.adatbank.ro\/lexikon\/wp-json\/wp\/v2\/comments?post=12338"}],"wp:attachment":[{"href":"https:\/\/uj.adatbank.ro\/lexikon\/wp-json\/wp\/v2\/media?parent=12338"}],"wp:term":[{"taxonomy":"product_brand","embeddable":true,"href":"https:\/\/uj.adatbank.ro\/lexikon\/wp-json\/wp\/v2\/product_brand?post=12338"},{"taxonomy":"product_cat","embeddable":true,"href":"https:\/\/uj.adatbank.ro\/lexikon\/wp-json\/wp\/v2\/product_cat?post=12338"},{"taxonomy":"product_tag","embeddable":true,"href":"https:\/\/uj.adatbank.ro\/lexikon\/wp-json\/wp\/v2\/product_tag?post=12338"}],"curies":[{"name":"wp","href":"https:\/\/api.w.org\/{rel}","templated":true}]}}