{"id":12339,"date":"2025-06-29T14:23:37","date_gmt":"2025-06-29T12:23:37","guid":{"rendered":"https:\/\/uj.adatbank.ro\/lexikon\/termek\/kohn-david-%c2%a7\/"},"modified":"2025-06-29T14:23:37","modified_gmt":"2025-06-29T12:23:37","slug":"kohn-david-%c2%a7","status":"publish","type":"product","link":"https:\/\/uj.adatbank.ro\/lexikon\/termek\/kohn-david-%c2%a7\/","title":{"rendered":"KOHN D\u00e1vid, \u00a7"},"content":{"rendered":"<p>1885., \u2020 ?: nyomdatulajdonos. \u2013 Az I. vh.-ban az 50. gy. ezredben harcolt (1916\u20131918. nov.). Mv.-i nyomd\u00e1j\u00e1ban k\u00e9sz\u00fclt a Reggeli \u00dajs\u00e1g (1931\u201343). A mv.-i Poalei Cedec egyes\u00fclet eln\u00f6ke (1930\u201340). Mv.-r\u0151l deport\u00e1lt\u00e1k a feles\u00e9g\u00e9vel (1894) egy\u00fctt (1944. m\u00e1j. 29.). <br \/><strong>Irod.:<\/strong> M. hadviselt zsid\u00f3k; Mv. zsid\u00f3s\u00e1g; \u00d6kr\u00f6s (<\/br><\/p>\n","protected":false},"excerpt":{"rendered":"<p>1885., \u2020 ?: nyomdatulajdonos. \u2013 Az I. vh.-ban az 50. gy. ezredben harcolt (1916\u20131918. nov.). Mv.-i nyomd\u00e1j\u00e1ban k\u00e9sz\u00fclt a Reggeli \u00dajs\u00e1g (1931\u201343). A mv.-i Poalei Cedec egyes\u00fclet eln\u00f6ke (1930\u201340). Mv.-r\u0151l deport\u00e1lt\u00e1k a feles\u00e9g\u00e9vel (1894) egy\u00fctt (1944. m\u00e1j. 29.). Irod.: M. hadviselt zsid\u00f3k; Mv. zsid\u00f3s\u00e1g; \u00d6kr\u00f6s (<\/p>\n","protected":false},"featured_media":0,"comment_status":"open","ping_status":"closed","template":"","meta":[],"product_brand":[],"product_cat":[137],"product_tag":[],"class_list":{"0":"post-12339","1":"product","2":"type-product","3":"status-publish","5":"product_cat-maros-megyei-eletrajzi-lexikon","7":"first","8":"instock","9":"shipping-taxable","10":"product-type-simple"},"_links":{"self":[{"href":"https:\/\/uj.adatbank.ro\/lexikon\/wp-json\/wp\/v2\/product\/12339","targetHints":{"allow":["GET"]}}],"collection":[{"href":"https:\/\/uj.adatbank.ro\/lexikon\/wp-json\/wp\/v2\/product"}],"about":[{"href":"https:\/\/uj.adatbank.ro\/lexikon\/wp-json\/wp\/v2\/types\/product"}],"replies":[{"embeddable":true,"href":"https:\/\/uj.adatbank.ro\/lexikon\/wp-json\/wp\/v2\/comments?post=12339"}],"wp:attachment":[{"href":"https:\/\/uj.adatbank.ro\/lexikon\/wp-json\/wp\/v2\/media?parent=12339"}],"wp:term":[{"taxonomy":"product_brand","embeddable":true,"href":"https:\/\/uj.adatbank.ro\/lexikon\/wp-json\/wp\/v2\/product_brand?post=12339"},{"taxonomy":"product_cat","embeddable":true,"href":"https:\/\/uj.adatbank.ro\/lexikon\/wp-json\/wp\/v2\/product_cat?post=12339"},{"taxonomy":"product_tag","embeddable":true,"href":"https:\/\/uj.adatbank.ro\/lexikon\/wp-json\/wp\/v2\/product_tag?post=12339"}],"curies":[{"name":"wp","href":"https:\/\/api.w.org\/{rel}","templated":true}]}}