{"id":12341,"date":"2025-06-29T14:23:40","date_gmt":"2025-06-29T12:23:40","guid":{"rendered":"https:\/\/uj.adatbank.ro\/lexikon\/termek\/kohn-henrick\/"},"modified":"2025-06-29T14:23:40","modified_gmt":"2025-06-29T12:23:40","slug":"kohn-henrick","status":"publish","type":"product","link":"https:\/\/uj.adatbank.ro\/lexikon\/termek\/kohn-henrick\/","title":{"rendered":"KOHN Henrick"},"content":{"rendered":"<p>1879., \u2020 ?: f\u0151titk\u00e1r. \u2013 Bevonult a mv.-i 67. gy. ezredhez (1916. nov. &#8211; 18. nov.), az orosz harct\u00e9ren volt sz\u00e1mv\u00edv\u0151 \u0151rmester. A mv.-i Statusqvo zsid\u00f3 hitk\u00f6zs\u00e9g f\u0151titk\u00e1ra (1918\u201344). Mv.-r\u0151l deport\u00e1lt\u00e1k feles\u00e9g\u00e9vel (1883\u2013) egy\u00fctt (1944. m\u00e1j. 29.). <br \/><strong>Irod.:<\/strong> Id\u0151t\u00e1r 3; M. hadviselt zsid\u00f3k; Mv. zsid\u00f3s\u00e1ga<\/br><\/p>\n","protected":false},"excerpt":{"rendered":"<p>1879., \u2020 ?: f\u0151titk\u00e1r. \u2013 Bevonult a mv.-i 67. gy. ezredhez (1916. nov. &#8211; 18. nov.), az orosz harct\u00e9ren volt sz\u00e1mv\u00edv\u0151 \u0151rmester. A mv.-i Statusqvo zsid\u00f3 hitk\u00f6zs\u00e9g f\u0151titk\u00e1ra (1918\u201344). Mv.-r\u0151l deport\u00e1lt\u00e1k feles\u00e9g\u00e9vel (1883\u2013) egy\u00fctt (1944. m\u00e1j. 29.). Irod.: Id\u0151t\u00e1r 3; M. hadviselt zsid\u00f3k; Mv. zsid\u00f3s\u00e1ga<\/p>\n","protected":false},"featured_media":0,"comment_status":"open","ping_status":"closed","template":"","meta":[],"product_brand":[],"product_cat":[137],"product_tag":[],"class_list":{"0":"post-12341","1":"product","2":"type-product","3":"status-publish","5":"product_cat-maros-megyei-eletrajzi-lexikon","7":"first","8":"instock","9":"shipping-taxable","10":"product-type-simple"},"_links":{"self":[{"href":"https:\/\/uj.adatbank.ro\/lexikon\/wp-json\/wp\/v2\/product\/12341","targetHints":{"allow":["GET"]}}],"collection":[{"href":"https:\/\/uj.adatbank.ro\/lexikon\/wp-json\/wp\/v2\/product"}],"about":[{"href":"https:\/\/uj.adatbank.ro\/lexikon\/wp-json\/wp\/v2\/types\/product"}],"replies":[{"embeddable":true,"href":"https:\/\/uj.adatbank.ro\/lexikon\/wp-json\/wp\/v2\/comments?post=12341"}],"wp:attachment":[{"href":"https:\/\/uj.adatbank.ro\/lexikon\/wp-json\/wp\/v2\/media?parent=12341"}],"wp:term":[{"taxonomy":"product_brand","embeddable":true,"href":"https:\/\/uj.adatbank.ro\/lexikon\/wp-json\/wp\/v2\/product_brand?post=12341"},{"taxonomy":"product_cat","embeddable":true,"href":"https:\/\/uj.adatbank.ro\/lexikon\/wp-json\/wp\/v2\/product_cat?post=12341"},{"taxonomy":"product_tag","embeddable":true,"href":"https:\/\/uj.adatbank.ro\/lexikon\/wp-json\/wp\/v2\/product_tag?post=12341"}],"curies":[{"name":"wp","href":"https:\/\/api.w.org\/{rel}","templated":true}]}}