{"id":12345,"date":"2025-06-29T14:23:47","date_gmt":"2025-06-29T12:23:47","guid":{"rendered":"https:\/\/uj.adatbank.ro\/lexikon\/termek\/kohn-jeno-%c2%a7\/"},"modified":"2025-06-29T14:23:47","modified_gmt":"2025-06-29T12:23:47","slug":"kohn-jeno-%c2%a7","status":"publish","type":"product","link":"https:\/\/uj.adatbank.ro\/lexikon\/termek\/kohn-jeno-%c2%a7\/","title":{"rendered":"KOHN Jen\u0151, \u00a7"},"content":{"rendered":"<p>? \u2020 ?: keresked\u0151, hitk\u00f6zs\u00e9gi eln\u00f6k. \u2013Az Izraelita ortodox hitk\u00f6zs\u00e9g eln\u00f6ke, h\u00e1rom hitk\u00f6zs\u00e9gi tag el\u0171zte botokkal az izraelita imah\u00e1zb\u00f3l, elvett\u00e9k a kulcsokat, bez\u00e1rt\u00e1k a templomot, lefoglalt\u00e1k a p\u00e9nzt\u00e1rt \u00e9s az iratokat (1910). Feljelent\u00e9st tett ellen\u00fck. Szeptemberben \u00fajabb vereked\u00e9s volt. A vit\u00e1t az v\u00e1ltotta ki Weiss Ferdinand h\u00edveivel, hogy a vezet\u0151s\u00e9gi mand\u00e1tuma lej\u00e1rt\u00e1val sem akart megv\u00e1lni tiszts\u00e9g\u00e9t\u0151l. Az I. vh.-ban az 50. gy. ezredben (1915. dec. \u2013 18. dec.) az orosz \u00e9s olasz harct\u00e9ren teljes\u00edtett gyalogosk\u00e9nt arcvonalszolg\u00e1latot. Kit\u00fcntet\u00e9se: K\u00e1roly cs. k. ig. a. <br \/><strong>Irod.:<\/strong> Id\u0151t\u00e1r 2<\/br><\/p>\n","protected":false},"excerpt":{"rendered":"<p>? \u2020 ?: keresked\u0151, hitk\u00f6zs\u00e9gi eln\u00f6k. \u2013Az Izraelita ortodox hitk\u00f6zs\u00e9g eln\u00f6ke, h\u00e1rom hitk\u00f6zs\u00e9gi tag el\u0171zte botokkal az izraelita imah\u00e1zb\u00f3l, elvett\u00e9k a kulcsokat, bez\u00e1rt\u00e1k a templomot, lefoglalt\u00e1k a p\u00e9nzt\u00e1rt \u00e9s az iratokat (1910). Feljelent\u00e9st tett ellen\u00fck. Szeptemberben \u00fajabb vereked\u00e9s volt. A vit\u00e1t az v\u00e1ltotta ki Weiss Ferdinand h\u00edveivel, hogy a vezet\u0151s\u00e9gi mand\u00e1tuma lej\u00e1rt\u00e1val sem akart megv\u00e1lni [&hellip;]<\/p>\n","protected":false},"featured_media":0,"comment_status":"open","ping_status":"closed","template":"","meta":[],"product_brand":[],"product_cat":[137],"product_tag":[],"class_list":{"0":"post-12345","1":"product","2":"type-product","3":"status-publish","5":"product_cat-maros-megyei-eletrajzi-lexikon","7":"first","8":"instock","9":"shipping-taxable","10":"product-type-simple"},"_links":{"self":[{"href":"https:\/\/uj.adatbank.ro\/lexikon\/wp-json\/wp\/v2\/product\/12345","targetHints":{"allow":["GET"]}}],"collection":[{"href":"https:\/\/uj.adatbank.ro\/lexikon\/wp-json\/wp\/v2\/product"}],"about":[{"href":"https:\/\/uj.adatbank.ro\/lexikon\/wp-json\/wp\/v2\/types\/product"}],"replies":[{"embeddable":true,"href":"https:\/\/uj.adatbank.ro\/lexikon\/wp-json\/wp\/v2\/comments?post=12345"}],"wp:attachment":[{"href":"https:\/\/uj.adatbank.ro\/lexikon\/wp-json\/wp\/v2\/media?parent=12345"}],"wp:term":[{"taxonomy":"product_brand","embeddable":true,"href":"https:\/\/uj.adatbank.ro\/lexikon\/wp-json\/wp\/v2\/product_brand?post=12345"},{"taxonomy":"product_cat","embeddable":true,"href":"https:\/\/uj.adatbank.ro\/lexikon\/wp-json\/wp\/v2\/product_cat?post=12345"},{"taxonomy":"product_tag","embeddable":true,"href":"https:\/\/uj.adatbank.ro\/lexikon\/wp-json\/wp\/v2\/product_tag?post=12345"}],"curies":[{"name":"wp","href":"https:\/\/api.w.org\/{rel}","templated":true}]}}