{"id":12346,"date":"2025-06-29T14:23:48","date_gmt":"2025-06-29T12:23:48","guid":{"rendered":"https:\/\/uj.adatbank.ro\/lexikon\/termek\/kohn-marton-%c2%a7\/"},"modified":"2025-06-29T14:23:48","modified_gmt":"2025-06-29T12:23:48","slug":"kohn-marton-%c2%a7","status":"publish","type":"product","link":"https:\/\/uj.adatbank.ro\/lexikon\/termek\/kohn-marton-%c2%a7\/","title":{"rendered":"KOHN M\u00e1rton, \u00a7"},"content":{"rendered":"<p>1894., \u2020 ?: pezsg\u0151gy\u00e1ros, bornagykeresked\u0151. \u2013 Bevonult a mv.-i 62. gy. ezredhez (1914. aug. &#8211; 18. m\u00e1rc.), az orosz \u00e9s olasz harct\u00e9ren teljes\u00edtett arcvonalszolg\u00e1latot, tizedes. Megsebes\u00fclt, hadirokkant volt. Kit\u00fcntet\u00e9se: K\u00e1roly cs. k. ig. a. Mv.-en f\u0151t\u00e9ren volt h\u00e1za. Rt. igazgat\u00f3. Ki akart\u00e1k utas\u00edtani a rom\u00e1n hat\u00f3s\u00e1gok V\u00e1s\u00e1rhelyr\u0151l (1920) de ut\u00f3bb felf\u00fcggesztett\u00e9k a rendeletet. T\u00f6bb t\u00e1rs\u00e1val szeszpanama v\u00e1dj\u00e1va letart\u00f3ztatt\u00e1k. A t\u0151rv\u00e9nysz\u00e9k felmentette a v\u00e1dak al\u00f3l \u00e9s az \u00fcgyet j\u00f6ved\u00e9kih\u00e1g\u00e1si \u00fcggy\u00e9 min\u0151s\u00edtette vissza (1928), ut\u00f3bb a b\u00edr\u00f3s\u00e1g nem joger\u0151sen nyolch\u00f3napi fegyh\u00e1zra \u00edt\u00e9lte \u00e9s k\u00e9t \u00e9vre eltiltotta a k\u00f6z\u00fcgyekt\u0151l (1930). <br \/><strong>Irod.:<\/strong> Id\u0151t\u00e1r 3; M. hadviselt zsid\u00f3k<\/br><\/p>\n","protected":false},"excerpt":{"rendered":"<p>1894., \u2020 ?: pezsg\u0151gy\u00e1ros, bornagykeresked\u0151. \u2013 Bevonult a mv.-i 62. gy. ezredhez (1914. aug. &#8211; 18. m\u00e1rc.), az orosz \u00e9s olasz harct\u00e9ren teljes\u00edtett arcvonalszolg\u00e1latot, tizedes. Megsebes\u00fclt, hadirokkant volt. Kit\u00fcntet\u00e9se: K\u00e1roly cs. k. ig. a. Mv.-en f\u0151t\u00e9ren volt h\u00e1za. Rt. igazgat\u00f3. Ki akart\u00e1k utas\u00edtani a rom\u00e1n hat\u00f3s\u00e1gok V\u00e1s\u00e1rhelyr\u0151l (1920) de ut\u00f3bb felf\u00fcggesztett\u00e9k a rendeletet. T\u00f6bb t\u00e1rs\u00e1val [&hellip;]<\/p>\n","protected":false},"featured_media":0,"comment_status":"open","ping_status":"closed","template":"","meta":[],"product_brand":[],"product_cat":[137],"product_tag":[],"class_list":{"0":"post-12346","1":"product","2":"type-product","3":"status-publish","5":"product_cat-maros-megyei-eletrajzi-lexikon","7":"first","8":"instock","9":"shipping-taxable","10":"product-type-simple"},"_links":{"self":[{"href":"https:\/\/uj.adatbank.ro\/lexikon\/wp-json\/wp\/v2\/product\/12346","targetHints":{"allow":["GET"]}}],"collection":[{"href":"https:\/\/uj.adatbank.ro\/lexikon\/wp-json\/wp\/v2\/product"}],"about":[{"href":"https:\/\/uj.adatbank.ro\/lexikon\/wp-json\/wp\/v2\/types\/product"}],"replies":[{"embeddable":true,"href":"https:\/\/uj.adatbank.ro\/lexikon\/wp-json\/wp\/v2\/comments?post=12346"}],"wp:attachment":[{"href":"https:\/\/uj.adatbank.ro\/lexikon\/wp-json\/wp\/v2\/media?parent=12346"}],"wp:term":[{"taxonomy":"product_brand","embeddable":true,"href":"https:\/\/uj.adatbank.ro\/lexikon\/wp-json\/wp\/v2\/product_brand?post=12346"},{"taxonomy":"product_cat","embeddable":true,"href":"https:\/\/uj.adatbank.ro\/lexikon\/wp-json\/wp\/v2\/product_cat?post=12346"},{"taxonomy":"product_tag","embeddable":true,"href":"https:\/\/uj.adatbank.ro\/lexikon\/wp-json\/wp\/v2\/product_tag?post=12346"}],"curies":[{"name":"wp","href":"https:\/\/api.w.org\/{rel}","templated":true}]}}