{"id":12349,"date":"2025-06-29T14:23:55","date_gmt":"2025-06-29T12:23:55","guid":{"rendered":"https:\/\/uj.adatbank.ro\/lexikon\/termek\/kohn-mor\/"},"modified":"2025-06-29T14:23:55","modified_gmt":"2025-06-29T12:23:55","slug":"kohn-mor","status":"publish","type":"product","link":"https:\/\/uj.adatbank.ro\/lexikon\/termek\/kohn-mor\/","title":{"rendered":"KOHN M\u00f3r"},"content":{"rendered":"<p>Margitta, 1874. \u2020 ? : p\u00e1linka- \u00e9s szeszkeresked\u0151 Mv.-en. \u2013 Iskol\u00e1i elv\u00e9gz\u00e9se ut\u00e1n a keresked\u0151i p\u00e1ly\u00e1ra l\u00e9pett, \u00f6n\u00e1ll\u00f3 lett (1901); szeszkeresked\u0151 lett Mv.-en (1914). R\u00e9szt vett az I. vil\u00e1gh\u00e1bor\u00faban a 62. gy. ezredben; a MP tagja. <br \/><strong>Irod.:<\/strong> Sz\u00e9kelyf\u00f6ld \u00ed. k.<\/br><\/p>\n","protected":false},"excerpt":{"rendered":"<p>Margitta, 1874. \u2020 ? : p\u00e1linka- \u00e9s szeszkeresked\u0151 Mv.-en. \u2013 Iskol\u00e1i elv\u00e9gz\u00e9se ut\u00e1n a keresked\u0151i p\u00e1ly\u00e1ra l\u00e9pett, \u00f6n\u00e1ll\u00f3 lett (1901); szeszkeresked\u0151 lett Mv.-en (1914). R\u00e9szt vett az I. vil\u00e1gh\u00e1bor\u00faban a 62. gy. ezredben; a MP tagja. Irod.: Sz\u00e9kelyf\u00f6ld \u00ed. k.<\/p>\n","protected":false},"featured_media":0,"comment_status":"open","ping_status":"closed","template":"","meta":[],"product_brand":[],"product_cat":[137],"product_tag":[],"class_list":{"0":"post-12349","1":"product","2":"type-product","3":"status-publish","5":"product_cat-maros-megyei-eletrajzi-lexikon","7":"first","8":"instock","9":"shipping-taxable","10":"product-type-simple"},"_links":{"self":[{"href":"https:\/\/uj.adatbank.ro\/lexikon\/wp-json\/wp\/v2\/product\/12349","targetHints":{"allow":["GET"]}}],"collection":[{"href":"https:\/\/uj.adatbank.ro\/lexikon\/wp-json\/wp\/v2\/product"}],"about":[{"href":"https:\/\/uj.adatbank.ro\/lexikon\/wp-json\/wp\/v2\/types\/product"}],"replies":[{"embeddable":true,"href":"https:\/\/uj.adatbank.ro\/lexikon\/wp-json\/wp\/v2\/comments?post=12349"}],"wp:attachment":[{"href":"https:\/\/uj.adatbank.ro\/lexikon\/wp-json\/wp\/v2\/media?parent=12349"}],"wp:term":[{"taxonomy":"product_brand","embeddable":true,"href":"https:\/\/uj.adatbank.ro\/lexikon\/wp-json\/wp\/v2\/product_brand?post=12349"},{"taxonomy":"product_cat","embeddable":true,"href":"https:\/\/uj.adatbank.ro\/lexikon\/wp-json\/wp\/v2\/product_cat?post=12349"},{"taxonomy":"product_tag","embeddable":true,"href":"https:\/\/uj.adatbank.ro\/lexikon\/wp-json\/wp\/v2\/product_tag?post=12349"}],"curies":[{"name":"wp","href":"https:\/\/api.w.org\/{rel}","templated":true}]}}