{"id":12351,"date":"2025-06-29T14:24:00","date_gmt":"2025-06-29T12:24:00","guid":{"rendered":"https:\/\/uj.adatbank.ro\/lexikon\/termek\/kohn-simon\/"},"modified":"2025-06-29T14:24:00","modified_gmt":"2025-06-29T12:24:00","slug":"kohn-simon","status":"publish","type":"product","link":"https:\/\/uj.adatbank.ro\/lexikon\/termek\/kohn-simon\/","title":{"rendered":"KOHN Simon"},"content":{"rendered":"<p>? \u2020 ?: keresked\u0151. \u2013 Mv.-en szesz- \u00e9s b\u0151rkeresked\u0151 volt. Az I. vh.-ban a t\u00e1v\u00edr\u00f3ezredben gyalogos (1914. aug. \u2013 18. nov.), az olasz harct\u00e9ren teljes\u00edtett arcvonalszolg\u00e1latot. <strong>Kit\u00fcntet\u00e9sei:<\/strong> K\u00e1roly cs. k. ig. a. <br \/><strong>Irod.:<\/strong> M. hadviselt zsid\u00f3k<\/br><\/p>\n","protected":false},"excerpt":{"rendered":"<p>? \u2020 ?: keresked\u0151. \u2013 Mv.-en szesz- \u00e9s b\u0151rkeresked\u0151 volt. Az I. vh.-ban a t\u00e1v\u00edr\u00f3ezredben gyalogos (1914. aug. \u2013 18. nov.), az olasz harct\u00e9ren teljes\u00edtett arcvonalszolg\u00e1latot. Kit\u00fcntet\u00e9sei: K\u00e1roly cs. k. ig. a. Irod.: M. hadviselt zsid\u00f3k<\/p>\n","protected":false},"featured_media":0,"comment_status":"open","ping_status":"closed","template":"","meta":[],"product_brand":[],"product_cat":[137],"product_tag":[],"class_list":{"0":"post-12351","1":"product","2":"type-product","3":"status-publish","5":"product_cat-maros-megyei-eletrajzi-lexikon","7":"first","8":"instock","9":"shipping-taxable","10":"product-type-simple"},"_links":{"self":[{"href":"https:\/\/uj.adatbank.ro\/lexikon\/wp-json\/wp\/v2\/product\/12351","targetHints":{"allow":["GET"]}}],"collection":[{"href":"https:\/\/uj.adatbank.ro\/lexikon\/wp-json\/wp\/v2\/product"}],"about":[{"href":"https:\/\/uj.adatbank.ro\/lexikon\/wp-json\/wp\/v2\/types\/product"}],"replies":[{"embeddable":true,"href":"https:\/\/uj.adatbank.ro\/lexikon\/wp-json\/wp\/v2\/comments?post=12351"}],"wp:attachment":[{"href":"https:\/\/uj.adatbank.ro\/lexikon\/wp-json\/wp\/v2\/media?parent=12351"}],"wp:term":[{"taxonomy":"product_brand","embeddable":true,"href":"https:\/\/uj.adatbank.ro\/lexikon\/wp-json\/wp\/v2\/product_brand?post=12351"},{"taxonomy":"product_cat","embeddable":true,"href":"https:\/\/uj.adatbank.ro\/lexikon\/wp-json\/wp\/v2\/product_cat?post=12351"},{"taxonomy":"product_tag","embeddable":true,"href":"https:\/\/uj.adatbank.ro\/lexikon\/wp-json\/wp\/v2\/product_tag?post=12351"}],"curies":[{"name":"wp","href":"https:\/\/api.w.org\/{rel}","templated":true}]}}