{"id":12355,"date":"2025-06-29T14:24:11","date_gmt":"2025-06-29T12:24:11","guid":{"rendered":"https:\/\/uj.adatbank.ro\/lexikon\/termek\/kokenyes-radnot-nemzetseg\/"},"modified":"2025-06-29T14:24:11","modified_gmt":"2025-06-29T12:24:11","slug":"kokenyes-radnot-nemzetseg","status":"publish","type":"product","link":"https:\/\/uj.adatbank.ro\/lexikon\/termek\/kokenyes-radnot-nemzetseg\/","title":{"rendered":"K\u00d6K\u00c9NYES-RADN\u00d3T nemzets\u00e9g"},"content":{"rendered":"<p>Teke vid\u00e9k\u00e9n m\u00e1r 1228 t\u00e1j\u00e1n birtokos volt. Lehet hogy Radn\u00f3tf\u00e1j\u00e1t e nemzets\u00e9g egyik tagja alap\u00edtotta, de lehet az is hogy a falut \u00e9ppen e nemzets\u00e9g Radn\u00f3t nev\u0171 tagja telep\u00edtette (1310 t\u00e1j\u00e1n). A k\u00f6zs\u00e9g nev\u00e9nek el\u0151tagja telep\u00edt\u0151je nev\u00e9t viseli. <br \/><strong>Irod.:<\/strong> Kelemen Lajos 2009<\/br><\/p>\n","protected":false},"excerpt":{"rendered":"<p>Teke vid\u00e9k\u00e9n m\u00e1r 1228 t\u00e1j\u00e1n birtokos volt. Lehet hogy Radn\u00f3tf\u00e1j\u00e1t e nemzets\u00e9g egyik tagja alap\u00edtotta, de lehet az is hogy a falut \u00e9ppen e nemzets\u00e9g Radn\u00f3t nev\u0171 tagja telep\u00edtette (1310 t\u00e1j\u00e1n). A k\u00f6zs\u00e9g nev\u00e9nek el\u0151tagja telep\u00edt\u0151je nev\u00e9t viseli. Irod.: Kelemen Lajos 2009<\/p>\n","protected":false},"featured_media":0,"comment_status":"open","ping_status":"closed","template":"","meta":[],"product_brand":[],"product_cat":[137],"product_tag":[],"class_list":{"0":"post-12355","1":"product","2":"type-product","3":"status-publish","5":"product_cat-maros-megyei-eletrajzi-lexikon","7":"first","8":"instock","9":"shipping-taxable","10":"product-type-simple"},"_links":{"self":[{"href":"https:\/\/uj.adatbank.ro\/lexikon\/wp-json\/wp\/v2\/product\/12355","targetHints":{"allow":["GET"]}}],"collection":[{"href":"https:\/\/uj.adatbank.ro\/lexikon\/wp-json\/wp\/v2\/product"}],"about":[{"href":"https:\/\/uj.adatbank.ro\/lexikon\/wp-json\/wp\/v2\/types\/product"}],"replies":[{"embeddable":true,"href":"https:\/\/uj.adatbank.ro\/lexikon\/wp-json\/wp\/v2\/comments?post=12355"}],"wp:attachment":[{"href":"https:\/\/uj.adatbank.ro\/lexikon\/wp-json\/wp\/v2\/media?parent=12355"}],"wp:term":[{"taxonomy":"product_brand","embeddable":true,"href":"https:\/\/uj.adatbank.ro\/lexikon\/wp-json\/wp\/v2\/product_brand?post=12355"},{"taxonomy":"product_cat","embeddable":true,"href":"https:\/\/uj.adatbank.ro\/lexikon\/wp-json\/wp\/v2\/product_cat?post=12355"},{"taxonomy":"product_tag","embeddable":true,"href":"https:\/\/uj.adatbank.ro\/lexikon\/wp-json\/wp\/v2\/product_tag?post=12355"}],"curies":[{"name":"wp","href":"https:\/\/api.w.org\/{rel}","templated":true}]}}