{"id":12356,"date":"2025-06-29T14:24:14","date_gmt":"2025-06-29T12:24:14","guid":{"rendered":"https:\/\/uj.adatbank.ro\/lexikon\/termek\/kokosi-gyorgy\/"},"modified":"2025-06-29T14:24:14","modified_gmt":"2025-06-29T12:24:14","slug":"kokosi-gyorgy","status":"publish","type":"product","link":"https:\/\/uj.adatbank.ro\/lexikon\/termek\/kokosi-gyorgy\/","title":{"rendered":"K\u00d6K\u00d6SI Gy\u00f6rgy"},"content":{"rendered":"<p>? \u2020 1793.: unit. pap. \u2013 Szolg\u00e1lt H\u00e9v\u00edzen (1646), szenior S\u00e1rdi Istv\u00e1n mellett, D\u00e9sfalv\u00e1n volt unit. mester (1646). Kutyfalv\u00e1r\u00f3l \u00e1thelyezt\u00e9k Nagyteremibe (1674), konziszt\u00f3rium (1674) a teremi templom sz\u00e1m\u00e1ra t\u00e1mogat\u00e1st adott. Esperes volt. <br \/><strong>Irod.:<\/strong> K\u00e9nosi-Uzoni 2.<\/br><\/p>\n","protected":false},"excerpt":{"rendered":"<p>? \u2020 1793.: unit. pap. \u2013 Szolg\u00e1lt H\u00e9v\u00edzen (1646), szenior S\u00e1rdi Istv\u00e1n mellett, D\u00e9sfalv\u00e1n volt unit. mester (1646). Kutyfalv\u00e1r\u00f3l \u00e1thelyezt\u00e9k Nagyteremibe (1674), konziszt\u00f3rium (1674) a teremi templom sz\u00e1m\u00e1ra t\u00e1mogat\u00e1st adott. Esperes volt. Irod.: K\u00e9nosi-Uzoni 2.<\/p>\n","protected":false},"featured_media":0,"comment_status":"open","ping_status":"closed","template":"","meta":[],"product_brand":[],"product_cat":[137],"product_tag":[],"class_list":{"0":"post-12356","1":"product","2":"type-product","3":"status-publish","5":"product_cat-maros-megyei-eletrajzi-lexikon","7":"first","8":"instock","9":"shipping-taxable","10":"product-type-simple"},"_links":{"self":[{"href":"https:\/\/uj.adatbank.ro\/lexikon\/wp-json\/wp\/v2\/product\/12356","targetHints":{"allow":["GET"]}}],"collection":[{"href":"https:\/\/uj.adatbank.ro\/lexikon\/wp-json\/wp\/v2\/product"}],"about":[{"href":"https:\/\/uj.adatbank.ro\/lexikon\/wp-json\/wp\/v2\/types\/product"}],"replies":[{"embeddable":true,"href":"https:\/\/uj.adatbank.ro\/lexikon\/wp-json\/wp\/v2\/comments?post=12356"}],"wp:attachment":[{"href":"https:\/\/uj.adatbank.ro\/lexikon\/wp-json\/wp\/v2\/media?parent=12356"}],"wp:term":[{"taxonomy":"product_brand","embeddable":true,"href":"https:\/\/uj.adatbank.ro\/lexikon\/wp-json\/wp\/v2\/product_brand?post=12356"},{"taxonomy":"product_cat","embeddable":true,"href":"https:\/\/uj.adatbank.ro\/lexikon\/wp-json\/wp\/v2\/product_cat?post=12356"},{"taxonomy":"product_tag","embeddable":true,"href":"https:\/\/uj.adatbank.ro\/lexikon\/wp-json\/wp\/v2\/product_tag?post=12356"}],"curies":[{"name":"wp","href":"https:\/\/api.w.org\/{rel}","templated":true}]}}