{"id":12362,"date":"2025-06-29T14:24:43","date_gmt":"2025-06-29T12:24:43","guid":{"rendered":"https:\/\/uj.adatbank.ro\/lexikon\/termek\/kolcsar-sandor\/"},"modified":"2025-06-29T14:24:43","modified_gmt":"2025-06-29T12:24:43","slug":"kolcsar-sandor","status":"publish","type":"product","link":"https:\/\/uj.adatbank.ro\/lexikon\/termek\/kolcsar-sandor\/","title":{"rendered":"KOLCS\u00c1R S\u00e1ndor"},"content":{"rendered":"<p>Olth\u00e9v\u00edz, 1926. m\u00e1j. 26., \u2020 ?: unit\u00e1rius lelk\u00e9sz. \u2013 Feles\u00e9ge: K\u00e1li Nagy Magda, tan\u00edt\u00f3n\u0151. Gyermekeik: Magda, S\u00e1ndor, Csilla-Ildik\u00f3. \u2013 A ref. elemi iskol\u00e1t (1933\u201337) \u00e9s a r. k. f\u0151gimn\u00e1ziumot Brass\u00f3ban (1937\u201345), a Protest\u00e1ns Teol\u00f3gia Int\u00e9zet unit\u00e1rius kar\u00e1t Kv.-on v\u00e9gezte (1945\u201349). Kv.-on szentelt\u00e9k fel (1955). Szolg\u00e1lt Szab\u00e9don (1949\u201369), Mv.-en lelk\u00e9sz nyugd\u00edjaz\u00e1s\u00e1ig (1969. szept. 14. \u2013 1997. j\u00fal. 1.), emellett esperese volt a Maros-K\u00fck\u00fcll\u0151i Unit\u00e1rius Egyh\u00e1zk\u00f6rnek (1966. dec. \u201397. jan. 1.), az RMDSZ megyei v\u00e1lasztm\u00e1nyi tag, a mv.-i v\u00e1rosi I. k\u00f6rzet eln\u00f6ke (1990\u2013), az Eln\u00f6k\u00f6k Konzultat\u00edv Tan\u00e1csa eln\u00f6ke (1995\u2013), k\u00fcld\u00f6tt a kongresszusokon, egyh\u00e1za t\u00e1mogat\u00e1s\u00e1val minden sz\u00fcks\u00e9ges esetben temploma, tan\u00e1csterme, lelk\u00e9szi irod\u00e1ja seg\u00edtette a sz\u00f6vets\u00e9g tev\u00e9kenys\u00e9g\u00e9t. A KZST tagja. <strong>Cikkei:<\/strong> a N\u00fa.-ban jelentek meg, a Kereszt\u00e9ny Magvet\u0151 pr\u00e9dik\u00e1ci\u00f3it k\u00f6z\u00f6lte. Az \u00fajraalakult KZST alap\u00edt\u00f3 tagja (1990\u2013). <br \/><strong>Irod.:<\/strong> Exkluz\u00edv interj\u00fa az \u201eeln\u00f6k\u00f6k eln\u00f6k\u00e9vel\u201d (N\u00fa., 1995. j\u00fal. 27.); KKACs; Kusz\u00e1lik; [Az RMDSZ Maros megyei k\u00e9pvisel\u0151jel\u0151ltje] (N\u00fa., 1990. m\u00e1j. 11.); A Maros megyei RMDSZ eln\u00f6kjel\u0151ltjei (N\u00fa., 1997. j\u00fan. 8.); M\u00e9szely R\u00e9ka: 80 \u00e9v az erd\u00e9lyi k\u00f6zm\u0171vel\u0151d\u00e9s szolg\u00e1lat\u00e1ban (N\u00fa., 2006. j\u00fan. 26); T\u00f6r\u00f6k L\u00e1szl\u00f3: A n\u00e9pszolg\u00e1lat pr\u00f3f\u00e9t\u00e1ja (N\u00fa., 1997. j\u00fal. 15.)<\/br><\/p>\n","protected":false},"excerpt":{"rendered":"<p>Olth\u00e9v\u00edz, 1926. m\u00e1j. 26., \u2020 ?: unit\u00e1rius lelk\u00e9sz. \u2013 Feles\u00e9ge: K\u00e1li Nagy Magda, tan\u00edt\u00f3n\u0151. Gyermekeik: Magda, S\u00e1ndor, Csilla-Ildik\u00f3. \u2013 A ref. elemi iskol\u00e1t (1933\u201337) \u00e9s a r. k. f\u0151gimn\u00e1ziumot Brass\u00f3ban (1937\u201345), a Protest\u00e1ns Teol\u00f3gia Int\u00e9zet unit\u00e1rius kar\u00e1t Kv.-on v\u00e9gezte (1945\u201349). Kv.-on szentelt\u00e9k fel (1955). Szolg\u00e1lt Szab\u00e9don (1949\u201369), Mv.-en lelk\u00e9sz nyugd\u00edjaz\u00e1s\u00e1ig (1969. szept. 14. \u2013 1997. [&hellip;]<\/p>\n","protected":false},"featured_media":0,"comment_status":"open","ping_status":"closed","template":"","meta":[],"product_brand":[],"product_cat":[137],"product_tag":[],"class_list":{"0":"post-12362","1":"product","2":"type-product","3":"status-publish","5":"product_cat-maros-megyei-eletrajzi-lexikon","7":"first","8":"instock","9":"shipping-taxable","10":"product-type-simple"},"_links":{"self":[{"href":"https:\/\/uj.adatbank.ro\/lexikon\/wp-json\/wp\/v2\/product\/12362","targetHints":{"allow":["GET"]}}],"collection":[{"href":"https:\/\/uj.adatbank.ro\/lexikon\/wp-json\/wp\/v2\/product"}],"about":[{"href":"https:\/\/uj.adatbank.ro\/lexikon\/wp-json\/wp\/v2\/types\/product"}],"replies":[{"embeddable":true,"href":"https:\/\/uj.adatbank.ro\/lexikon\/wp-json\/wp\/v2\/comments?post=12362"}],"wp:attachment":[{"href":"https:\/\/uj.adatbank.ro\/lexikon\/wp-json\/wp\/v2\/media?parent=12362"}],"wp:term":[{"taxonomy":"product_brand","embeddable":true,"href":"https:\/\/uj.adatbank.ro\/lexikon\/wp-json\/wp\/v2\/product_brand?post=12362"},{"taxonomy":"product_cat","embeddable":true,"href":"https:\/\/uj.adatbank.ro\/lexikon\/wp-json\/wp\/v2\/product_cat?post=12362"},{"taxonomy":"product_tag","embeddable":true,"href":"https:\/\/uj.adatbank.ro\/lexikon\/wp-json\/wp\/v2\/product_tag?post=12362"}],"curies":[{"name":"wp","href":"https:\/\/api.w.org\/{rel}","templated":true}]}}